        {"id":10705,"date":"2018-03-19T13:11:00","date_gmt":"2018-03-19T13:11:00","guid":{"rendered":"https:\/\/www.irent-morocco.com\/car-rental-booking-booking-form-casablanca\/"},"modified":"2026-04-05T00:33:52","modified_gmt":"2026-04-04T23:33:52","slug":"booking-casablanca-airport","status":"publish","type":"page","link":"https:\/\/www.irent-morocco.com\/fr\/location-voiture-casablanca\/aeroport\/booking-casablanca-airport\/","title":{"rendered":"R\u00e9servation form a\u00e9roport Casablanca"},"content":{"rendered":"<p>[vc_row][vc_column][vc_raw_html]JTNDc2VjdGlvbiUyMGNsYXNzJTNEJTIycmVzZXJ2YXRpb24td3JhcHBlciUyMiUyMGFyaWEtbGFiZWxsZWRieSUzRCUyMnJlc2VydmF0aW9uLXRpdGxlJTIyJTNFJTBBJTIwJTIwJTNDaGVhZGVyJTIwY2xhc3MlM0QlMjJib29raW5nLWhlYWRlciUyMiUzRSUwQSUyMCUyMCUyMCUyMCUzQ2gxJTIwaWQlM0QlMjJyZXNlcnZhdGlvbi10aXRsZSUyMiUyMGNsYXNzJTNEJTIyYm9va2luZy1tYWluLXRpdGxlJTIyJTNFJTBBJTIwJTIwJTIwJTIwJTIwJTIwUiVDMyVBOXNlcnZhdGlvbiUyMGRlJTIwdm9pdHVyZSUyMCVDMyVBMCUyMENhc2FibGFuY2ElMjBBJUMzJUE5cm9wb3J0JTIwTW9oYW1tZWQlMjBWJTBBJTIwJTIwJTIwJTIwJTNDJTJGaDElM0UlMEElMjAlMjAlMjAlMjAlM0NwJTIwY2xhc3MlM0QlMjJib29raW5nLWRlc2NyaXB0aW9uJTIyJTNFJTBBJTIwJTIwJTIwJTIwJTIwJTIwQ29tcGwlQzMlQTl0ZXolMjBsZXMlMjAlQzMlQTl0YXBlcyUyMGNpLWRlc3NvdXMlMjBwb3VyJTIwZmluYWxpc2VyJTIwdm90cmUlMjByJUMzJUE5c2VydmF0aW9uLiUyMFRvdXRlcyUyMGxlcyUyMHZvaXR1cmVzJTIwYWZmaWNoJUMzJUE5ZXMlMjBzb250JTIwZGlzcG9uaWJsZXMlMjAlQzMlQTAlMjBDYXNhYmxhbmNhJTIwQSVDMyVBOXJvcG9ydCUyME1vaGFtbWVkJTIwVi4lMEElMjAlMjAlMjAlMjAlM0MlMkZwJTNFJTBBJTIwJTIwJTNDJTJGaGVhZGVyJTNFJTBBJTBBJTIwJTIwJTNDZGl2JTIwY2xhc3MlM0QlMjJjYXItc2xpZGVyLWNvbnRlbnQlMjIlMjByb2xlJTNEJTIycmVnaW9uJTIyJTIwYXJpYS1sYWJlbCUzRCUyMlMlQzMlQTlsZWN0aW9uJTIwZGUlMjB2JUMzJUE5aGljdWxlcyUyMGRpc3BvbmlibGVzJTIyJTNFJTBBJTIwJTIwJTIwJTIwJTVCaXJlbnRfdmVoaWNsZV9zZWxlY3RlZF9zdW1tYXJ5JTVEJTBBJTIwJTIwJTNDJTJGZGl2JTNFJTBBJTBBJTNDYXNpZGUlMjBjbGFzcyUzRCUyMnNlby1oZWxwZXIlMjIlMjBhcmlhLWhpZGRlbiUzRCUyMnRydWUlMjIlMjBzdHlsZSUzRCUyMmRpc3BsYXklM0Fub25lJTNCJTIyJTNFJTBBJTIwJTIwJTIwJTIwJTNDaDIlM0VSJUMzJUE5c2VydmF0aW9uJTIwdm9pdHVyZSUyMENhc2FibGFuY2ElMjBBJUMzJUE5cm9wb3J0JTIwLSUyMCVDMyU4OXRhcGVzJTIwc2ltcGxpZmklQzMlQTllcyUzQyUyRmgyJTNFJTBBJTIwJTIwJTIwJTIwJTNDcCUzRSUwQSUyMCUyMCUyMCUyMCUyMCUyMFIlQzMlQTlzZXJ2ZXolMjB2b3RyZSUyMHZvaXR1cmUlMjAlQzMlQTAlMjBsJUUyJTgwJTk5YSVDMyVBOXJvcG9ydCUyME1vaGFtbWVkJTIwViUyMGF2ZWMlMjBpUmVudCUyME1vcm9jY28uJTIwUyVDMyVBOWxlY3Rpb25uZXolMjB2b3MlMjBkYXRlcyUyQyUyMHZvdHJlJTIwc3RhdGlvbiUyQyUyMHZvdHJlJTIwdiVDMyVBOWhpY3VsZSUyMGV0JTIwdm9zJTIwY29vcmRvbm4lQzMlQTllcyUyMHBvdXIlMjBmaW5hbGlzZXIlMjBsYSUyMHIlQzMlQTlzZXJ2YXRpb24uJTBBJTIwJTIwJTIwJTIwJTIwJTIwVG91cyUyMG5vcyUyMHYlQzMlQTloaWN1bGVzJTIwaW5jbHVlbnQlMjBsZSUyMGtpbG9tJUMzJUE5dHJhZ2UlMjBpbGxpbWl0JUMzJUE5JTJDJTIwbGElMjBjbGltYXRpc2F0aW9uJTIwZXQlMjBsJUUyJTgwJTk5YXNzdXJhbmNlJTIwZGUlMjBiYXNlLiUwQSUyMCUyMCUyMCUyMCUzQyUyRnAlM0UlMEElMjAlMjAlMjAlMjAlM0N1bCUzRSUwQSUyMCUyMCUyMCUyMCUyMCUyMCUzQ2xpJTNFTG9jYXRpb24lMjB2b2l0dXJlJTIwQ2FzYWJsYW5jYSUyMGElQzMlQTlyb3BvcnQlMjBwYXMlMjBjaCVDMyVBOHJlJTNDJTJGbGklM0UlMEElMjAlMjAlMjAlMjAlMjAlMjAlM0NsaSUzRVIlQzMlQTlzZXJ2YXRpb24lMjByYXBpZGUlMjBldCUyMHMlQzMlQTljdXJpcyVDMyVBOWUlM0MlMkZsaSUzRSUwQSUyMCUyMCUyMCUyMCUyMCUyMCUzQ2xpJTNFRGlzcG9uaWJpbGl0JUMzJUE5JTIwaW1tJUMzJUE5ZGlhdGUlMjAlQzMlQTAlMjBsJUUyJTgwJTk5YSVDMyVBOXJvcG9ydCUyME1vaGFtbWVkJTIwViUzQyUyRmxpJTNFJTBBJTIwJTIwJTIwJTIwJTNDJTJGdWwlM0UlMEElMjAlMjAlM0MlMkZhc2lkZSUzRSUwQSUwQSUyMCUyMCUzQ2RpdiUyMGNsYXNzJTNEJTIyY3Jicy1jb250YWluZXIlMjIlMjByb2xlJTNEJTIycmVnaW9uJTIyJTIwYXJpYS1sYWJlbCUzRCUyMkZvcm11bGFpcmUlMjBkZSUyMHIlQzMlQTlzZXJ2YXRpb24lMjIlM0UlMEElMjAlMjAlMjAlMjAlNUJjcmJzX2Jvb2tpbmdfZm9ybSUyMGJvb2tpbmdfZm9ybV9pZCUzRCUyMjEwNzA3JTIyJTVEJTBBJTIwJTIwJTNDJTJGZGl2JTNFJTBBJTNDJTJGc2VjdGlvbiUzRSUwQQ==[\/vc_raw_html][\/vc_column][\/vc_row]<\/p>\n","protected":false},"excerpt":{"rendered":"<p>[vc_row][vc_column][vc_raw_html]JTNDc2VjdGlvbiUyMGNsYXNzJTNEJTIycmVzZXJ2YXRpb24td3JhcHBlciUyMiUyMGFyaWEtbGFiZWxsZWRieSUzRCUyMnJlc2VydmF0aW9uLXRpdGxlJTIyJTNFJTBBJTIwJTIwJTNDaGVhZGVyJTIwY2xhc3MlM0QlMjJib29raW5nLWhlYWRlciUyMiUzRSUwQSUyMCUyMCUyMCUyMCUzQ2gxJTIwaWQlM0QlMjJyZXNlcnZhdGlvbi10aXRsZSUyMiUyMGNsYXNzJTNEJTIyYm9va2luZy1tYWluLXRpdGxlJTIyJTNFJTBBJTIwJTIwJTIwJTIwJTIwJTIwUiVDMyVBOXNlcnZhdGlvbiUyMGRlJTIwdm9pdHVyZSUyMCVDMyVBMCUyMENhc2FibGFuY2ElMjBBJUMzJUE5cm9wb3J0JTIwTW9oYW1tZWQlMjBWJTBBJTIwJTIwJTIwJTIwJTNDJTJGaDElM0UlMEElMjAlMjAlMjAlMjAlM0NwJTIwY2xhc3MlM0QlMjJib29raW5nLWRlc2NyaXB0aW9uJTIyJTNFJTBBJTIwJTIwJTIwJTIwJTIwJTIwQ29tcGwlQzMlQTl0ZXolMjBsZXMlMjAlQzMlQTl0YXBlcyUyMGNpLWRlc3NvdXMlMjBwb3VyJTIwZmluYWxpc2VyJTIwdm90cmUlMjByJUMzJUE5c2VydmF0aW9uLiUyMFRvdXRlcyUyMGxlcyUyMHZvaXR1cmVzJTIwYWZmaWNoJUMzJUE5ZXMlMjBzb250JTIwZGlzcG9uaWJsZXMlMjAlQzMlQTAlMjBDYXNhYmxhbmNhJTIwQSVDMyVBOXJvcG9ydCUyME1vaGFtbWVkJTIwVi4lMEElMjAlMjAlMjAlMjAlM0MlMkZwJTNFJTBBJTIwJTIwJTNDJTJGaGVhZGVyJTNFJTBBJTBBJTIwJTIwJTNDZGl2JTIwY2xhc3MlM0QlMjJjYXItc2xpZGVyLWNvbnRlbnQlMjIlMjByb2xlJTNEJTIycmVnaW9uJTIyJTIwYXJpYS1sYWJlbCUzRCUyMlMlQzMlQTlsZWN0aW9uJTIwZGUlMjB2JUMzJUE5aGljdWxlcyUyMGRpc3BvbmlibGVzJTIyJTNFJTBBJTIwJTIwJTIwJTIwJTVCaXJlbnRfdmVoaWNsZV9zZWxlY3RlZF9zdW1tYXJ5JTVEJTBBJTIwJTIwJTNDJTJGZGl2JTNFJTBBJTBBJTNDYXNpZGUlMjBjbGFzcyUzRCUyMnNlby1oZWxwZXIlMjIlMjBhcmlhLWhpZGRlbiUzRCUyMnRydWUlMjIlMjBzdHlsZSUzRCUyMmRpc3BsYXklM0Fub25lJTNCJTIyJTNFJTBBJTIwJTIwJTIwJTIwJTNDaDIlM0VSJUMzJUE5c2VydmF0aW9uJTIwdm9pdHVyZSUyMENhc2FibGFuY2ElMjBBJUMzJUE5cm9wb3J0JTIwLSUyMCVDMyU4OXRhcGVzJTIwc2ltcGxpZmklQzMlQTllcyUzQyUyRmgyJTNFJTBBJTIwJTIwJTIwJTIwJTNDcCUzRSUwQSUyMCUyMCUyMCUyMCUyMCUyMFIlQzMlQTlzZXJ2ZXolMjB2b3RyZSUyMHZvaXR1cmUlMjAlQzMlQTAlMjBsJUUyJTgwJTk5YSVDMyVBOXJvcG9ydCUyME1vaGFtbWVkJTIwViUyMGF2ZWMlMjBpUmVudCUyME1vcm9jY28uJTIwUyVDMyVBOWxlY3Rpb25uZXolMjB2b3MlMjBkYXRlcyUyQyUyMHZvdHJlJTIwc3RhdGlvbiUyQyUyMHZvdHJlJTIwdiVDMyVBOWhpY3VsZSUyMGV0JTIwdm9zJTIwY29vcmRvbm4lQzMlQTllcyUyMHBvdXIlMjBmaW5hbGlzZXIlMjBsYSUyMHIlQzMlQTlzZXJ2YXRpb24uJTBBJTIwJTIwJTIwJTIwJTIwJTIwVG91cyUyMG5vcyUyMHYlQzMlQTloaWN1bGVzJTIwaW5jbHVlbnQlMjBsZSUyMGtpbG9tJUMzJUE5dHJhZ2UlMjBpbGxpbWl0JUMzJUE5JTJDJTIwbGElMjBjbGltYXRpc2F0aW9uJTIwZXQlMjBsJUUyJTgwJTk5YXNzdXJhbmNlJTIwZGUlMjBiYXNlLiUwQSUyMCUyMCUyMCUyMCUzQyUyRnAlM0UlMEElMjAlMjAlMjAlMjAlM0N1bCUzRSUwQSUyMCUyMCUyMCUyMCUyMCUyMCUzQ2xpJTNFTG9jYXRpb24lMjB2b2l0dXJlJTIwQ2FzYWJsYW5jYSUyMGElQzMlQTlyb3BvcnQlMjBwYXMlMjBjaCVDMyVBOHJlJTNDJTJGbGklM0UlMEElMjAlMjAlMjAlMjAlMjAlMjAlM0NsaSUzRVIlQzMlQTlzZXJ2YXRpb24lMjByYXBpZGUlMjBldCUyMHMlQzMlQTljdXJpcyVDMyVBOWUlM0MlMkZsaSUzRSUwQSUyMCUyMCUyMCUyMCUyMCUyMCUzQ2xpJTNFRGlzcG9uaWJpbGl0JUMzJUE5JTIwaW1tJUMzJUE5ZGlhdGUlMjAlQzMlQTAlMjBsJUUyJTgwJTk5YSVDMyVBOXJvcG9ydCUyME1vaGFtbWVkJTIwViUzQyUyRmxpJTNFJTBBJTIwJTIwJTIwJTIwJTNDJTJGdWwlM0UlMEElMjAlMjAlM0MlMkZhc2lkZSUzRSUwQSUwQSUyMCUyMCUzQ2RpdiUyMGNsYXNzJTNEJTIyY3Jicy1jb250YWluZXIlMjIlMjByb2xlJTNEJTIycmVnaW9uJTIyJTIwYXJpYS1sYWJlbCUzRCUyMkZvcm11bGFpcmUlMjBkZSUyMHIlQzMlQTlzZXJ2YXRpb24lMjIlM0UlMEElMjAlMjAlMjAlMjAlNUJjcmJzX2Jvb2tpbmdfZm9ybSUyMGJvb2tpbmdfZm9ybV9pZCUzRCUyMjEwNzA3JTIyJTVEJTBBJTIwJTIwJTNDJTJGZGl2JTNFJTBBJTNDJTJGc2VjdGlvbiUzRSUwQQ==[\/vc_raw_html][\/vc_column][\/vc_row]<\/p>\n","protected":false},"author":2,"featured_media":0,"parent":2845,"menu_order":0,"comment_status":"closed","ping_status":"closed","template":"","meta":{"footnotes":""},"class_list":["post-10705","page","type-page","status-publish","hentry"],"yoast_head":"<!-- This site is optimized with the Yoast SEO Premium plugin v15.9.1 - https:\/\/yoast.com\/wordpress\/plugins\/seo\/ -->\n<title>R\u00e9servation voiture Casablanca A\u00e9roport Mohammed V - iRent Morocco<\/title>\n<meta name=\"description\" content=\"R\u00e9servez votre voiture \u00e0 Casablanca A\u00e9roport Mohamed V avec iRent Morocco. V\u00e9hicules disponibles avec Km illimit\u00e9, clim et assurance incluse.\" \/>\n<script type=\"application\/ld+json\" class=\"yoast-schema-graph\">{\"@context\":\"https:\/\/schema.org\",\"@graph\":[{\"@type\":\"Organization\",\"@id\":\"https:\/\/www.irent-morocco.com\/fr\/#organization\",\"name\":\"irent-morocco.com\",\"url\":\"https:\/\/www.irent-morocco.com\/fr\/\",\"sameAs\":[],\"logo\":{\"@type\":\"ImageObject\",\"@id\":\"https:\/\/www.irent-morocco.com\/fr\/#logo\",\"inLanguage\":\"fr-FR\",\"url\":\"https:\/\/www.irent-morocco.com\/wp-content\/uploads\/2022\/03\/logo_irent-morocco@2x.png\",\"width\":326,\"height\":162,\"caption\":\"irent-morocco.com\"},\"image\":{\"@id\":\"https:\/\/www.irent-morocco.com\/fr\/#logo\"}},{\"@type\":\"WebSite\",\"@id\":\"https:\/\/www.irent-morocco.com\/fr\/#website\",\"url\":\"https:\/\/www.irent-morocco.com\/fr\/\",\"name\":\"iRent Morocco\",\"description\":\"\",\"publisher\":{\"@id\":\"https:\/\/www.irent-morocco.com\/fr\/#organization\"},\"potentialAction\":[{\"@type\":\"SearchAction\",\"target\":\"https:\/\/www.irent-morocco.com\/fr\/?s={search_term_string}\",\"query-input\":\"required name=search_term_string\"}],\"inLanguage\":\"fr-FR\"},{\"@type\":\"WebPage\",\"@id\":\"https:\/\/www.irent-morocco.com\/fr\/location-voiture-casablanca\/aeroport\/booking-casablanca-airport\/#webpage\",\"url\":\"https:\/\/www.irent-morocco.com\/fr\/location-voiture-casablanca\/aeroport\/booking-casablanca-airport\/\",\"name\":\"R\\u00e9servation voiture Casablanca A\\u00e9roport Mohammed V - iRent Morocco\",\"isPartOf\":{\"@id\":\"https:\/\/www.irent-morocco.com\/fr\/#website\"},\"datePublished\":\"2018-03-19T13:11:00+00:00\",\"dateModified\":\"2026-04-04T23:33:52+00:00\",\"description\":\"R\\u00e9servez votre voiture \\u00e0 Casablanca A\\u00e9roport Mohamed V avec iRent Morocco. V\\u00e9hicules disponibles avec Km illimit\\u00e9, clim et assurance incluse.\",\"breadcrumb\":{\"@id\":\"https:\/\/www.irent-morocco.com\/fr\/location-voiture-casablanca\/aeroport\/booking-casablanca-airport\/#breadcrumb\"},\"inLanguage\":\"fr-FR\",\"potentialAction\":[{\"@type\":\"ReadAction\",\"target\":[\"https:\/\/www.irent-morocco.com\/fr\/location-voiture-casablanca\/aeroport\/booking-casablanca-airport\/\"]}]},{\"@type\":\"BreadcrumbList\",\"@id\":\"https:\/\/www.irent-morocco.com\/fr\/location-voiture-casablanca\/aeroport\/booking-casablanca-airport\/#breadcrumb\",\"itemListElement\":[{\"@type\":\"ListItem\",\"position\":1,\"item\":{\"@type\":\"WebPage\",\"@id\":\"https:\/\/www.irent-morocco.com\/fr\/\",\"url\":\"https:\/\/www.irent-morocco.com\/fr\/\",\"name\":\"Acceuil\"}},{\"@type\":\"ListItem\",\"position\":2,\"item\":{\"@type\":\"WebPage\",\"@id\":\"https:\/\/www.irent-morocco.com\/fr\/location-voiture-casablanca\/\",\"url\":\"https:\/\/www.irent-morocco.com\/fr\/location-voiture-casablanca\/\",\"name\":\"Location voiture Casablanca\"}},{\"@type\":\"ListItem\",\"position\":3,\"item\":{\"@type\":\"WebPage\",\"@id\":\"https:\/\/www.irent-morocco.com\/fr\/location-voiture-casablanca\/aeroport\/\",\"url\":\"https:\/\/www.irent-morocco.com\/fr\/location-voiture-casablanca\/aeroport\/\",\"name\":\"Location de voiture a\\u00e9roport Casablanca\"}},{\"@type\":\"ListItem\",\"position\":4,\"item\":{\"@type\":\"WebPage\",\"@id\":\"https:\/\/www.irent-morocco.com\/fr\/location-voiture-casablanca\/aeroport\/booking-casablanca-airport\/\",\"url\":\"https:\/\/www.irent-morocco.com\/fr\/location-voiture-casablanca\/aeroport\/booking-casablanca-airport\/\",\"name\":\"R\\u00e9servation form a\\u00e9roport Casablanca\"}}]}]}<\/script>\n<!-- \/ Yoast SEO Premium plugin. -->","_links":{"self":[{"href":"https:\/\/www.irent-morocco.com\/fr\/wp-json\/wp\/v2\/pages\/10705","targetHints":{"allow":["GET"]}}],"collection":[{"href":"https:\/\/www.irent-morocco.com\/fr\/wp-json\/wp\/v2\/pages"}],"about":[{"href":"https:\/\/www.irent-morocco.com\/fr\/wp-json\/wp\/v2\/types\/page"}],"author":[{"embeddable":true,"href":"https:\/\/www.irent-morocco.com\/fr\/wp-json\/wp\/v2\/users\/2"}],"replies":[{"embeddable":true,"href":"https:\/\/www.irent-morocco.com\/fr\/wp-json\/wp\/v2\/comments?post=10705"}],"version-history":[{"count":0,"href":"https:\/\/www.irent-morocco.com\/fr\/wp-json\/wp\/v2\/pages\/10705\/revisions"}],"up":[{"embeddable":true,"href":"https:\/\/www.irent-morocco.com\/fr\/wp-json\/wp\/v2\/pages\/2845"}],"wp:attachment":[{"href":"https:\/\/www.irent-morocco.com\/fr\/wp-json\/wp\/v2\/media?parent=10705"}],"curies":[{"name":"wp","href":"https:\/\/api.w.org\/{rel}","templated":true}]}}