        {"id":14480,"date":"2022-03-23T23:12:42","date_gmt":"2022-03-23T22:12:42","guid":{"rendered":"https:\/\/www.irent-morocco.com\/location-voiture-marrakech\/reservation-form-marrakech\/"},"modified":"2026-04-05T00:39:09","modified_gmt":"2026-04-04T23:39:09","slug":"booking-marrakech","status":"publish","type":"page","link":"https:\/\/www.irent-morocco.com\/fr\/location-voiture-marrakech\/booking-marrakech\/","title":{"rendered":"R\u00e9servation form Marrakech"},"content":{"rendered":"<p>[vc_row][vc_column][vc_raw_html]JTNDc2VjdGlvbiUyMGNsYXNzJTNEJTIycmVzZXJ2YXRpb24td3JhcHBlciUyMiUyMGFyaWEtbGFiZWxsZWRieSUzRCUyMnJlc2VydmF0aW9uLXRpdGxlJTIyJTNFJTBBJTIwJTIwJTNDaGVhZGVyJTIwY2xhc3MlM0QlMjJib29raW5nLWhlYWRlciUyMiUzRSUwQSUyMCUyMCUyMCUyMCUzQ2gxJTIwaWQlM0QlMjJyZXNlcnZhdGlvbi10aXRsZSUyMiUyMGNsYXNzJTNEJTIyYm9va2luZy1tYWluLXRpdGxlJTIyJTNFJTBBJTIwJTIwJTIwJTIwJTIwJTIwUiVDMyVBOXNlcnZhdGlvbiUyMGRlJTIwdm9pdHVyZSUyMHBhcyUyMGNoJUMzJUE4cmUlMjAlQzMlQTAlMjBNYXJyYWtlY2glMjAlMEElMjAlMjAlMjAlMjAlM0MlMkZoMSUzRSUwQSUyMCUyMCUyMCUyMCUzQ3AlMjBjbGFzcyUzRCUyMmJvb2tpbmctZGVzY3JpcHRpb24lMjIlM0UlMEElMjAlMjAlMjAlMjAlMjAlMjBDb21wbCVDMyVBOXRleiUyMGxlcyUyMCVDMyVBOXRhcGVzJTIwY2ktZGVzc291cyUyMHBvdXIlMjBmaW5hbGlzZXIlMjB2b3RyZSUyMHIlQzMlQTlzZXJ2YXRpb24uJTIwVG91dGVzJTIwbGVzJTIwdm9pdHVyZXMlMjBhZmZpY2glQzMlQTllcyUyMHNvbnQlMjBkaXNwb25pYmxlcyUyMCVDMyVBMCUyME1hcnJha2VjaC4lMEElMjAlMjAlMjAlMjAlM0MlMkZwJTNFJTBBJTIwJTIwJTNDJTJGaGVhZGVyJTNFJTBBJTBBJTIwJTIwJTNDZGl2JTIwY2xhc3MlM0QlMjJjYXItc2xpZGVyLWNvbnRlbnQlMjIlMjByb2xlJTNEJTIycmVnaW9uJTIyJTIwYXJpYS1sYWJlbCUzRCUyMlMlQzMlQTlsZWN0aW9uJTIwZGUlMjB2JUMzJUE5aGljdWxlcyUyMGRpc3BvbmlibGVzJTIyJTNFJTBBJTIwJTIwJTIwJTIwJTVCaXJlbnRfdmVoaWNsZV9zZWxlY3RlZF9zdW1tYXJ5JTVEJTBBJTIwJTIwJTNDJTJGZGl2JTNFJTBBJTBBJTNDYXNpZGUlMjBjbGFzcyUzRCUyMnNlby1oZWxwZXIlMjIlMjBhcmlhLWhpZGRlbiUzRCUyMnRydWUlMjIlMjBzdHlsZSUzRCUyMmRpc3BsYXklM0Fub25lJTNCJTIyJTNFJTBBJTIwJTIwJTIwJTIwJTNDaDIlM0VSJUMzJUE5c2VydmF0aW9uJTIwdm9pdHVyZSUyME1hcnJha2VjaCUyMC0lMjAlQzMlODl0YXBlcyUyMHNpbXBsaWZpJUMzJUE5ZXMlM0MlMkZoMiUzRSUwQSUyMCUyMCUyMCUyMCUzQ3AlM0UlMEElMjAlMjAlMjAlMjAlMjAlMjBSJUMzJUE5c2VydmV6JTIwdm90cmUlMjB2b2l0dXJlJTIwJUMzJUEwJTIwTWFycmFrZWNoJTIwYXZlYyUyMGlSZW50JTIwTW9yb2Njby4lMjBTJUMzJUE5bGVjdGlvbm5leiUyMHZvcyUyMGRhdGVzJTJDJTIwdm90cmUlMjBzdGF0aW9uJTJDJTIwdm90cmUlMjB2JUMzJUE5aGljdWxlJTIwZXQlMjB2b3MlMjBjb29yZG9ubiVDMyVBOWVzJTIwcG91ciUyMGZpbmFsaXNlciUyMGxhJTIwciVDMyVBOXNlcnZhdGlvbi4lMEElMjAlMjAlMjAlMjAlMjAlMjBUb3VzJTIwbm9zJTIwdiVDMyVBOWhpY3VsZXMlMjBpbmNsdWVudCUyMGxlJTIwa2lsb20lQzMlQTl0cmFnZSUyMGlsbGltaXQlQzMlQTklMkMlMjBsYSUyMGNsaW1hdGlzYXRpb24lMjBldCUyMGwlRTIlODAlOTlhc3N1cmFuY2UlMjBkZSUyMGJhc2UuJTBBJTIwJTIwJTIwJTIwJTNDJTJGcCUzRSUwQSUyMCUyMCUyMCUyMCUzQ3VsJTNFJTBBJTIwJTIwJTIwJTIwJTIwJTIwJTNDbGklM0VMb2NhdGlvbiUyMHZvaXR1cmUlMjBNYXJyYWtlY2glMjBwYXMlMjBjaCVDMyVBOHJlJTNDJTJGbGklM0UlMEElMjAlMjAlMjAlMjAlMjAlMjAlM0NsaSUzRVIlQzMlQTlzZXJ2YXRpb24lMjByYXBpZGUlMjBldCUyMHMlQzMlQTljdXJpcyVDMyVBOWUlM0MlMkZsaSUzRSUwQSUyMCUyMCUyMCUyMCUyMCUyMCUzQ2xpJTNFRGlzcG9uaWJpbGl0JUMzJUE5JTIwaW1tJUMzJUE5ZGlhdGUlMjAlQzMlQTAlMjBsJUUyJTgwJTk5YWRyZXNzZSUyMGRlJTIwdm90cmUlMjBjaG9peCUzQyUyRmxpJTNFJTBBJTIwJTIwJTIwJTIwJTNDJTJGdWwlM0UlMEElMjAlMjAlM0MlMkZhc2lkZSUzRSUwQSUwQSUyMCUyMCUzQ2RpdiUyMGNsYXNzJTNEJTIyY3Jicy1jb250YWluZXIlMjIlMjByb2xlJTNEJTIycmVnaW9uJTIyJTIwYXJpYS1sYWJlbCUzRCUyMkZvcm11bGFpcmUlMjBkZSUyMHIlQzMlQTlzZXJ2YXRpb24lMjIlM0UlMEElMjAlMjAlMjAlMjAlNUJjcmJzX2Jvb2tpbmdfZm9ybSUyMGJvb2tpbmdfZm9ybV9pZCUzRCUyMjE0NDcyJTIyJTVEJTBBJTIwJTIwJTNDJTJGZGl2JTNFJTBBJTNDJTJGc2VjdGlvbiUzRSUwQQ==[\/vc_raw_html][\/vc_column][\/vc_row]<\/p>\n","protected":false},"excerpt":{"rendered":"<p>[vc_row][vc_column][vc_raw_html]JTNDc2VjdGlvbiUyMGNsYXNzJTNEJTIycmVzZXJ2YXRpb24td3JhcHBlciUyMiUyMGFyaWEtbGFiZWxsZWRieSUzRCUyMnJlc2VydmF0aW9uLXRpdGxlJTIyJTNFJTBBJTIwJTIwJTNDaGVhZGVyJTIwY2xhc3MlM0QlMjJib29raW5nLWhlYWRlciUyMiUzRSUwQSUyMCUyMCUyMCUyMCUzQ2gxJTIwaWQlM0QlMjJyZXNlcnZhdGlvbi10aXRsZSUyMiUyMGNsYXNzJTNEJTIyYm9va2luZy1tYWluLXRpdGxlJTIyJTNFJTBBJTIwJTIwJTIwJTIwJTIwJTIwUiVDMyVBOXNlcnZhdGlvbiUyMGRlJTIwdm9pdHVyZSUyMHBhcyUyMGNoJUMzJUE4cmUlMjAlQzMlQTAlMjBNYXJyYWtlY2glMjAlMEElMjAlMjAlMjAlMjAlM0MlMkZoMSUzRSUwQSUyMCUyMCUyMCUyMCUzQ3AlMjBjbGFzcyUzRCUyMmJvb2tpbmctZGVzY3JpcHRpb24lMjIlM0UlMEElMjAlMjAlMjAlMjAlMjAlMjBDb21wbCVDMyVBOXRleiUyMGxlcyUyMCVDMyVBOXRhcGVzJTIwY2ktZGVzc291cyUyMHBvdXIlMjBmaW5hbGlzZXIlMjB2b3RyZSUyMHIlQzMlQTlzZXJ2YXRpb24uJTIwVG91dGVzJTIwbGVzJTIwdm9pdHVyZXMlMjBhZmZpY2glQzMlQTllcyUyMHNvbnQlMjBkaXNwb25pYmxlcyUyMCVDMyVBMCUyME1hcnJha2VjaC4lMEElMjAlMjAlMjAlMjAlM0MlMkZwJTNFJTBBJTIwJTIwJTNDJTJGaGVhZGVyJTNFJTBBJTBBJTIwJTIwJTNDZGl2JTIwY2xhc3MlM0QlMjJjYXItc2xpZGVyLWNvbnRlbnQlMjIlMjByb2xlJTNEJTIycmVnaW9uJTIyJTIwYXJpYS1sYWJlbCUzRCUyMlMlQzMlQTlsZWN0aW9uJTIwZGUlMjB2JUMzJUE5aGljdWxlcyUyMGRpc3BvbmlibGVzJTIyJTNFJTBBJTIwJTIwJTIwJTIwJTVCaXJlbnRfdmVoaWNsZV9zZWxlY3RlZF9zdW1tYXJ5JTVEJTBBJTIwJTIwJTNDJTJGZGl2JTNFJTBBJTBBJTNDYXNpZGUlMjBjbGFzcyUzRCUyMnNlby1oZWxwZXIlMjIlMjBhcmlhLWhpZGRlbiUzRCUyMnRydWUlMjIlMjBzdHlsZSUzRCUyMmRpc3BsYXklM0Fub25lJTNCJTIyJTNFJTBBJTIwJTIwJTIwJTIwJTNDaDIlM0VSJUMzJUE5c2VydmF0aW9uJTIwdm9pdHVyZSUyME1hcnJha2VjaCUyMC0lMjAlQzMlODl0YXBlcyUyMHNpbXBsaWZpJUMzJUE5ZXMlM0MlMkZoMiUzRSUwQSUyMCUyMCUyMCUyMCUzQ3AlM0UlMEElMjAlMjAlMjAlMjAlMjAlMjBSJUMzJUE5c2VydmV6JTIwdm90cmUlMjB2b2l0dXJlJTIwJUMzJUEwJTIwTWFycmFrZWNoJTIwYXZlYyUyMGlSZW50JTIwTW9yb2Njby4lMjBTJUMzJUE5bGVjdGlvbm5leiUyMHZvcyUyMGRhdGVzJTJDJTIwdm90cmUlMjBzdGF0aW9uJTJDJTIwdm90cmUlMjB2JUMzJUE5aGljdWxlJTIwZXQlMjB2b3MlMjBjb29yZG9ubiVDMyVBOWVzJTIwcG91ciUyMGZpbmFsaXNlciUyMGxhJTIwciVDMyVBOXNlcnZhdGlvbi4lMEElMjAlMjAlMjAlMjAlMjAlMjBUb3VzJTIwbm9zJTIwdiVDMyVBOWhpY3VsZXMlMjBpbmNsdWVudCUyMGxlJTIwa2lsb20lQzMlQTl0cmFnZSUyMGlsbGltaXQlQzMlQTklMkMlMjBsYSUyMGNsaW1hdGlzYXRpb24lMjBldCUyMGwlRTIlODAlOTlhc3N1cmFuY2UlMjBkZSUyMGJhc2UuJTBBJTIwJTIwJTIwJTIwJTNDJTJGcCUzRSUwQSUyMCUyMCUyMCUyMCUzQ3VsJTNFJTBBJTIwJTIwJTIwJTIwJTIwJTIwJTNDbGklM0VMb2NhdGlvbiUyMHZvaXR1cmUlMjBNYXJyYWtlY2glMjBwYXMlMjBjaCVDMyVBOHJlJTNDJTJGbGklM0UlMEElMjAlMjAlMjAlMjAlMjAlMjAlM0NsaSUzRVIlQzMlQTlzZXJ2YXRpb24lMjByYXBpZGUlMjBldCUyMHMlQzMlQTljdXJpcyVDMyVBOWUlM0MlMkZsaSUzRSUwQSUyMCUyMCUyMCUyMCUyMCUyMCUzQ2xpJTNFRGlzcG9uaWJpbGl0JUMzJUE5JTIwaW1tJUMzJUE5ZGlhdGUlMjAlQzMlQTAlMjBsJUUyJTgwJTk5YWRyZXNzZSUyMGRlJTIwdm90cmUlMjBjaG9peCUzQyUyRmxpJTNFJTBBJTIwJTIwJTIwJTIwJTNDJTJGdWwlM0UlMEElMjAlMjAlM0MlMkZhc2lkZSUzRSUwQSUwQSUyMCUyMCUzQ2RpdiUyMGNsYXNzJTNEJTIyY3Jicy1jb250YWluZXIlMjIlMjByb2xlJTNEJTIycmVnaW9uJTIyJTIwYXJpYS1sYWJlbCUzRCUyMkZvcm11bGFpcmUlMjBkZSUyMHIlQzMlQTlzZXJ2YXRpb24lMjIlM0UlMEElMjAlMjAlMjAlMjAlNUJjcmJzX2Jvb2tpbmdfZm9ybSUyMGJvb2tpbmdfZm9ybV9pZCUzRCUyMjE0NDcyJTIyJTVEJTBBJTIwJTIwJTNDJTJGZGl2JTNFJTBBJTNDJTJGc2VjdGlvbiUzRSUwQQ==[\/vc_raw_html][\/vc_column][\/vc_row]<\/p>\n","protected":false},"author":2,"featured_media":0,"parent":2900,"menu_order":0,"comment_status":"closed","ping_status":"closed","template":"","meta":{"footnotes":""},"class_list":["post-14480","page","type-page","status-publish","hentry"],"yoast_head":"<!-- This site is optimized with the Yoast SEO Premium plugin v15.9.1 - https:\/\/yoast.com\/wordpress\/plugins\/seo\/ -->\n<title>R\u00e9servez la voiture de location parfaite \u00e0 Marrakech<\/title>\n<meta name=\"description\" content=\"Choisir une voiture pas ch\u00e8re \u00e0 Marrakech. R\u00e9server le v\u00e9hicule de location ad\u00e9quat \u00e0 votre budget et profiter de nos prix bas.\" \/>\n<script type=\"application\/ld+json\" class=\"yoast-schema-graph\">{\"@context\":\"https:\/\/schema.org\",\"@graph\":[{\"@type\":\"Organization\",\"@id\":\"https:\/\/www.irent-morocco.com\/fr\/#organization\",\"name\":\"irent-morocco.com\",\"url\":\"https:\/\/www.irent-morocco.com\/fr\/\",\"sameAs\":[],\"logo\":{\"@type\":\"ImageObject\",\"@id\":\"https:\/\/www.irent-morocco.com\/fr\/#logo\",\"inLanguage\":\"fr-FR\",\"url\":\"https:\/\/www.irent-morocco.com\/wp-content\/uploads\/2022\/03\/logo_irent-morocco@2x.png\",\"width\":326,\"height\":162,\"caption\":\"irent-morocco.com\"},\"image\":{\"@id\":\"https:\/\/www.irent-morocco.com\/fr\/#logo\"}},{\"@type\":\"WebSite\",\"@id\":\"https:\/\/www.irent-morocco.com\/fr\/#website\",\"url\":\"https:\/\/www.irent-morocco.com\/fr\/\",\"name\":\"iRent Morocco\",\"description\":\"\",\"publisher\":{\"@id\":\"https:\/\/www.irent-morocco.com\/fr\/#organization\"},\"potentialAction\":[{\"@type\":\"SearchAction\",\"target\":\"https:\/\/www.irent-morocco.com\/fr\/?s={search_term_string}\",\"query-input\":\"required name=search_term_string\"}],\"inLanguage\":\"fr-FR\"},{\"@type\":\"WebPage\",\"@id\":\"https:\/\/www.irent-morocco.com\/fr\/location-voiture-marrakech\/booking-marrakech\/#webpage\",\"url\":\"https:\/\/www.irent-morocco.com\/fr\/location-voiture-marrakech\/booking-marrakech\/\",\"name\":\"R\\u00e9servez la voiture de location parfaite \\u00e0 Marrakech\",\"isPartOf\":{\"@id\":\"https:\/\/www.irent-morocco.com\/fr\/#website\"},\"datePublished\":\"2022-03-23T22:12:42+00:00\",\"dateModified\":\"2026-04-04T23:39:09+00:00\",\"description\":\"Choisir une voiture pas ch\\u00e8re \\u00e0 Marrakech. R\\u00e9server le v\\u00e9hicule de location ad\\u00e9quat \\u00e0 votre budget et profiter de nos prix bas.\",\"breadcrumb\":{\"@id\":\"https:\/\/www.irent-morocco.com\/fr\/location-voiture-marrakech\/booking-marrakech\/#breadcrumb\"},\"inLanguage\":\"fr-FR\",\"potentialAction\":[{\"@type\":\"ReadAction\",\"target\":[\"https:\/\/www.irent-morocco.com\/fr\/location-voiture-marrakech\/booking-marrakech\/\"]}]},{\"@type\":\"BreadcrumbList\",\"@id\":\"https:\/\/www.irent-morocco.com\/fr\/location-voiture-marrakech\/booking-marrakech\/#breadcrumb\",\"itemListElement\":[{\"@type\":\"ListItem\",\"position\":1,\"item\":{\"@type\":\"WebPage\",\"@id\":\"https:\/\/www.irent-morocco.com\/\",\"url\":\"https:\/\/www.irent-morocco.com\/\",\"name\":\"Acceuil\"}},{\"@type\":\"ListItem\",\"position\":2,\"item\":{\"@type\":\"WebPage\",\"@id\":\"https:\/\/www.irent-morocco.com\/fr\/location-voiture-marrakech\/\",\"url\":\"https:\/\/www.irent-morocco.com\/fr\/location-voiture-marrakech\/\",\"name\":\"Location voiture Marrakech\"}},{\"@type\":\"ListItem\",\"position\":3,\"item\":{\"@type\":\"WebPage\",\"@id\":\"https:\/\/www.irent-morocco.com\/fr\/location-voiture-marrakech\/booking-marrakech\/\",\"url\":\"https:\/\/www.irent-morocco.com\/fr\/location-voiture-marrakech\/booking-marrakech\/\",\"name\":\"R\\u00e9servation form Marrakech\"}}]}]}<\/script>\n<!-- \/ Yoast SEO Premium plugin. -->","_links":{"self":[{"href":"https:\/\/www.irent-morocco.com\/fr\/wp-json\/wp\/v2\/pages\/14480","targetHints":{"allow":["GET"]}}],"collection":[{"href":"https:\/\/www.irent-morocco.com\/fr\/wp-json\/wp\/v2\/pages"}],"about":[{"href":"https:\/\/www.irent-morocco.com\/fr\/wp-json\/wp\/v2\/types\/page"}],"author":[{"embeddable":true,"href":"https:\/\/www.irent-morocco.com\/fr\/wp-json\/wp\/v2\/users\/2"}],"replies":[{"embeddable":true,"href":"https:\/\/www.irent-morocco.com\/fr\/wp-json\/wp\/v2\/comments?post=14480"}],"version-history":[{"count":0,"href":"https:\/\/www.irent-morocco.com\/fr\/wp-json\/wp\/v2\/pages\/14480\/revisions"}],"up":[{"embeddable":true,"href":"https:\/\/www.irent-morocco.com\/fr\/wp-json\/wp\/v2\/pages\/2900"}],"wp:attachment":[{"href":"https:\/\/www.irent-morocco.com\/fr\/wp-json\/wp\/v2\/media?parent=14480"}],"curies":[{"name":"wp","href":"https:\/\/api.w.org\/{rel}","templated":true}]}}