        {"id":14481,"date":"2022-03-23T14:02:18","date_gmt":"2022-03-23T13:02:18","guid":{"rendered":"https:\/\/www.irent-morocco.com\/location-voiture-marrakech\/reservation-form-aeroport-marrakech\/"},"modified":"2026-04-05T00:41:41","modified_gmt":"2026-04-04T23:41:41","slug":"booking-marrakech-airport","status":"publish","type":"page","link":"https:\/\/www.irent-morocco.com\/fr\/location-voiture-marrakech\/aeroport\/booking-marrakech-airport\/","title":{"rendered":"R\u00e9servation form a\u00e9roport Marrakech"},"content":{"rendered":"<p>[vc_row][vc_column][vc_raw_html]JTNDc2VjdGlvbiUyMGNsYXNzJTNEJTIycmVzZXJ2YXRpb24td3JhcHBlciUyMiUyMGFyaWEtbGFiZWxsZWRieSUzRCUyMnJlc2VydmF0aW9uLXRpdGxlJTIyJTNFJTBBJTIwJTIwJTNDaGVhZGVyJTIwY2xhc3MlM0QlMjJib29raW5nLWhlYWRlciUyMiUzRSUwQSUyMCUyMCUyMCUyMCUzQ2gxJTIwaWQlM0QlMjJyZXNlcnZhdGlvbi10aXRsZSUyMiUyMGNsYXNzJTNEJTIyYm9va2luZy1tYWluLXRpdGxlJTIyJTNFJTBBJTIwJTIwJTIwJTIwJTIwJTIwUiVDMyVBOXNlcnZhdGlvbiUyMGRlJTIwdm9pdHVyZSUyMCVDMyVBMCUyME1hcnJha2VjaCUyMEElQzMlQTlyb3BvcnQlMjBNZW5hcmElMEElMjAlMjAlMjAlMjAlM0MlMkZoMSUzRSUwQSUyMCUyMCUyMCUyMCUzQ3AlMjBjbGFzcyUzRCUyMmJvb2tpbmctZGVzY3JpcHRpb24lMjIlM0UlMEElMjAlMjAlMjAlMjAlMjAlMjBDb21wbCVDMyVBOXRleiUyMGxlcyUyMCVDMyVBOXRhcGVzJTIwY2ktZGVzc291cyUyMHBvdXIlMjBmaW5hbGlzZXIlMjB2b3RyZSUyMHIlQzMlQTlzZXJ2YXRpb24uJTIwVG91dGVzJTIwbGVzJTIwdm9pdHVyZXMlMjBhZmZpY2glQzMlQTllcyUyMHNvbnQlMjBkaXNwb25pYmxlcyUyMCVDMyVBMCUyME1hcnJha2VjaCUyMEElQzMlQTlyb3BvcnQlMjBNZW5hcmEuJTBBJTIwJTIwJTIwJTIwJTNDJTJGcCUzRSUwQSUyMCUyMCUzQyUyRmhlYWRlciUzRSUwQSUwQSUyMCUyMCUzQ2RpdiUyMGNsYXNzJTNEJTIyY2FyLXNsaWRlci1jb250ZW50JTIyJTIwcm9sZSUzRCUyMnJlZ2lvbiUyMiUyMGFyaWEtbGFiZWwlM0QlMjJTJUMzJUE5bGVjdGlvbiUyMGRlJTIwdiVDMyVBOWhpY3VsZXMlMjBkaXNwb25pYmxlcyUyMiUzRSUwQSUyMCUyMCUyMCUyMCU1QmlyZW50X3ZlaGljbGVfc2VsZWN0ZWRfc3VtbWFyeSU1RCUwQSUyMCUyMCUzQyUyRmRpdiUzRSUwQSUwQSUzQ2FzaWRlJTIwY2xhc3MlM0QlMjJzZW8taGVscGVyJTIyJTIwYXJpYS1oaWRkZW4lM0QlMjJ0cnVlJTIyJTIwc3R5bGUlM0QlMjJkaXNwbGF5JTNBbm9uZSUzQiUyMiUzRSUwQSUyMCUyMCUyMCUyMCUzQ2gyJTNFUiVDMyVBOXNlcnZhdGlvbiUyMHZvaXR1cmUlMjBNYXJyYWtlY2glMjBBJUMzJUE5cm9wb3J0JTIwLSUyMCVDMyU4OXRhcGVzJTIwc2ltcGxpZmklQzMlQTllcyUzQyUyRmgyJTNFJTBBJTIwJTIwJTIwJTIwJTNDcCUzRSUwQSUyMCUyMCUyMCUyMCUyMCUyMFIlQzMlQTlzZXJ2ZXolMjB2b3RyZSUyMHZvaXR1cmUlMjAlQzMlQTAlMjBsJUUyJTgwJTk5YSVDMyVBOXJvcG9ydCUyMGRlJTIwTWFycmFrZWNoJTIwYXZlYyUyMGlSZW50JTIwTW9yb2Njby4lMjBTJUMzJUE5bGVjdGlvbm5leiUyMHZvcyUyMGRhdGVzJTJDJTIwdm90cmUlMjBzdGF0aW9uJTJDJTIwdm90cmUlMjB2JUMzJUE5aGljdWxlJTIwZXQlMjB2b3MlMjBjb29yZG9ubiVDMyVBOWVzJTIwcG91ciUyMGZpbmFsaXNlciUyMGxhJTIwciVDMyVBOXNlcnZhdGlvbi4lMEElMjAlMjAlMjAlMjAlMjAlMjBUb3VzJTIwbm9zJTIwdiVDMyVBOWhpY3VsZXMlMjBpbmNsdWVudCUyMGxlJTIwa2lsb20lQzMlQTl0cmFnZSUyMGlsbGltaXQlQzMlQTklMkMlMjBsYSUyMGNsaW1hdGlzYXRpb24lMjBldCUyMGwlRTIlODAlOTlhc3N1cmFuY2UlMjBkZSUyMGJhc2UuJTBBJTIwJTIwJTIwJTIwJTNDJTJGcCUzRSUwQSUyMCUyMCUyMCUyMCUzQ3VsJTNFJTBBJTIwJTIwJTIwJTIwJTIwJTIwJTNDbGklM0VMb2NhdGlvbiUyMHZvaXR1cmUlMjBNYXJyYWtlY2glMjBhJUMzJUE5cm9wb3J0JTIwcGFzJTIwY2glQzMlQThyZSUzQyUyRmxpJTNFJTBBJTIwJTIwJTIwJTIwJTIwJTIwJTNDbGklM0VSJUMzJUE5c2VydmF0aW9uJTIwcmFwaWRlJTIwZXQlMjBzJUMzJUE5Y3VyaXMlQzMlQTllJTNDJTJGbGklM0UlMEElMjAlMjAlMjAlMjAlMjAlMjAlM0NsaSUzRURpc3BvbmliaWxpdCVDMyVBOSUyMGltbSVDMyVBOWRpYXRlJTIwJUMzJUEwJTIwbCVFMiU4MCU5OWElQzMlQTlyb3BvcnQlMjBNZW5hcmElMjBWJTNDJTJGbGklM0UlMEElMjAlMjAlMjAlMjAlM0MlMkZ1bCUzRSUwQSUyMCUyMCUzQyUyRmFzaWRlJTNFJTBBJTBBJTIwJTIwJTNDZGl2JTIwY2xhc3MlM0QlMjJjcmJzLWNvbnRhaW5lciUyMiUyMHJvbGUlM0QlMjJyZWdpb24lMjIlMjBhcmlhLWxhYmVsJTNEJTIyRm9ybXVsYWlyZSUyMGRlJTIwciVDMyVBOXNlcnZhdGlvbiUyMiUzRSUwQSUyMCUyMCUyMCUyMCU1QmNyYnNfYm9va2luZ19mb3JtJTIwYm9va2luZ19mb3JtX2lkJTNEJTIyMTQ0NzElMjIlNUQlMEElMjAlMjAlM0MlMkZkaXYlM0UlMEElM0MlMkZzZWN0aW9uJTNFJTBB[\/vc_raw_html][\/vc_column][\/vc_row]<\/p>\n","protected":false},"excerpt":{"rendered":"<p>[vc_row][vc_column][vc_raw_html]JTNDc2VjdGlvbiUyMGNsYXNzJTNEJTIycmVzZXJ2YXRpb24td3JhcHBlciUyMiUyMGFyaWEtbGFiZWxsZWRieSUzRCUyMnJlc2VydmF0aW9uLXRpdGxlJTIyJTNFJTBBJTIwJTIwJTNDaGVhZGVyJTIwY2xhc3MlM0QlMjJib29raW5nLWhlYWRlciUyMiUzRSUwQSUyMCUyMCUyMCUyMCUzQ2gxJTIwaWQlM0QlMjJyZXNlcnZhdGlvbi10aXRsZSUyMiUyMGNsYXNzJTNEJTIyYm9va2luZy1tYWluLXRpdGxlJTIyJTNFJTBBJTIwJTIwJTIwJTIwJTIwJTIwUiVDMyVBOXNlcnZhdGlvbiUyMGRlJTIwdm9pdHVyZSUyMCVDMyVBMCUyME1hcnJha2VjaCUyMEElQzMlQTlyb3BvcnQlMjBNZW5hcmElMEElMjAlMjAlMjAlMjAlM0MlMkZoMSUzRSUwQSUyMCUyMCUyMCUyMCUzQ3AlMjBjbGFzcyUzRCUyMmJvb2tpbmctZGVzY3JpcHRpb24lMjIlM0UlMEElMjAlMjAlMjAlMjAlMjAlMjBDb21wbCVDMyVBOXRleiUyMGxlcyUyMCVDMyVBOXRhcGVzJTIwY2ktZGVzc291cyUyMHBvdXIlMjBmaW5hbGlzZXIlMjB2b3RyZSUyMHIlQzMlQTlzZXJ2YXRpb24uJTIwVG91dGVzJTIwbGVzJTIwdm9pdHVyZXMlMjBhZmZpY2glQzMlQTllcyUyMHNvbnQlMjBkaXNwb25pYmxlcyUyMCVDMyVBMCUyME1hcnJha2VjaCUyMEElQzMlQTlyb3BvcnQlMjBNZW5hcmEuJTBBJTIwJTIwJTIwJTIwJTNDJTJGcCUzRSUwQSUyMCUyMCUzQyUyRmhlYWRlciUzRSUwQSUwQSUyMCUyMCUzQ2RpdiUyMGNsYXNzJTNEJTIyY2FyLXNsaWRlci1jb250ZW50JTIyJTIwcm9sZSUzRCUyMnJlZ2lvbiUyMiUyMGFyaWEtbGFiZWwlM0QlMjJTJUMzJUE5bGVjdGlvbiUyMGRlJTIwdiVDMyVBOWhpY3VsZXMlMjBkaXNwb25pYmxlcyUyMiUzRSUwQSUyMCUyMCUyMCUyMCU1QmlyZW50X3ZlaGljbGVfc2VsZWN0ZWRfc3VtbWFyeSU1RCUwQSUyMCUyMCUzQyUyRmRpdiUzRSUwQSUwQSUzQ2FzaWRlJTIwY2xhc3MlM0QlMjJzZW8taGVscGVyJTIyJTIwYXJpYS1oaWRkZW4lM0QlMjJ0cnVlJTIyJTIwc3R5bGUlM0QlMjJkaXNwbGF5JTNBbm9uZSUzQiUyMiUzRSUwQSUyMCUyMCUyMCUyMCUzQ2gyJTNFUiVDMyVBOXNlcnZhdGlvbiUyMHZvaXR1cmUlMjBNYXJyYWtlY2glMjBBJUMzJUE5cm9wb3J0JTIwLSUyMCVDMyU4OXRhcGVzJTIwc2ltcGxpZmklQzMlQTllcyUzQyUyRmgyJTNFJTBBJTIwJTIwJTIwJTIwJTNDcCUzRSUwQSUyMCUyMCUyMCUyMCUyMCUyMFIlQzMlQTlzZXJ2ZXolMjB2b3RyZSUyMHZvaXR1cmUlMjAlQzMlQTAlMjBsJUUyJTgwJTk5YSVDMyVBOXJvcG9ydCUyMGRlJTIwTWFycmFrZWNoJTIwYXZlYyUyMGlSZW50JTIwTW9yb2Njby4lMjBTJUMzJUE5bGVjdGlvbm5leiUyMHZvcyUyMGRhdGVzJTJDJTIwdm90cmUlMjBzdGF0aW9uJTJDJTIwdm90cmUlMjB2JUMzJUE5aGljdWxlJTIwZXQlMjB2b3MlMjBjb29yZG9ubiVDMyVBOWVzJTIwcG91ciUyMGZpbmFsaXNlciUyMGxhJTIwciVDMyVBOXNlcnZhdGlvbi4lMEElMjAlMjAlMjAlMjAlMjAlMjBUb3VzJTIwbm9zJTIwdiVDMyVBOWhpY3VsZXMlMjBpbmNsdWVudCUyMGxlJTIwa2lsb20lQzMlQTl0cmFnZSUyMGlsbGltaXQlQzMlQTklMkMlMjBsYSUyMGNsaW1hdGlzYXRpb24lMjBldCUyMGwlRTIlODAlOTlhc3N1cmFuY2UlMjBkZSUyMGJhc2UuJTBBJTIwJTIwJTIwJTIwJTNDJTJGcCUzRSUwQSUyMCUyMCUyMCUyMCUzQ3VsJTNFJTBBJTIwJTIwJTIwJTIwJTIwJTIwJTNDbGklM0VMb2NhdGlvbiUyMHZvaXR1cmUlMjBNYXJyYWtlY2glMjBhJUMzJUE5cm9wb3J0JTIwcGFzJTIwY2glQzMlQThyZSUzQyUyRmxpJTNFJTBBJTIwJTIwJTIwJTIwJTIwJTIwJTNDbGklM0VSJUMzJUE5c2VydmF0aW9uJTIwcmFwaWRlJTIwZXQlMjBzJUMzJUE5Y3VyaXMlQzMlQTllJTNDJTJGbGklM0UlMEElMjAlMjAlMjAlMjAlMjAlMjAlM0NsaSUzRURpc3BvbmliaWxpdCVDMyVBOSUyMGltbSVDMyVBOWRpYXRlJTIwJUMzJUEwJTIwbCVFMiU4MCU5OWElQzMlQTlyb3BvcnQlMjBNZW5hcmElMjBWJTNDJTJGbGklM0UlMEElMjAlMjAlMjAlMjAlM0MlMkZ1bCUzRSUwQSUyMCUyMCUzQyUyRmFzaWRlJTNFJTBBJTBBJTIwJTIwJTNDZGl2JTIwY2xhc3MlM0QlMjJjcmJzLWNvbnRhaW5lciUyMiUyMHJvbGUlM0QlMjJyZWdpb24lMjIlMjBhcmlhLWxhYmVsJTNEJTIyRm9ybXVsYWlyZSUyMGRlJTIwciVDMyVBOXNlcnZhdGlvbiUyMiUzRSUwQSUyMCUyMCUyMCUyMCU1QmNyYnNfYm9va2luZ19mb3JtJTIwYm9va2luZ19mb3JtX2lkJTNEJTIyMTQ0NzElMjIlNUQlMEElMjAlMjAlM0MlMkZkaXYlM0UlMEElM0MlMkZzZWN0aW9uJTNFJTBB[\/vc_raw_html][\/vc_column][\/vc_row]<\/p>\n","protected":false},"author":2,"featured_media":0,"parent":2911,"menu_order":0,"comment_status":"closed","ping_status":"closed","template":"","meta":{"footnotes":""},"class_list":["post-14481","page","type-page","status-publish","hentry"],"yoast_head":"<!-- This site is optimized with the Yoast SEO Premium plugin v15.9.1 - https:\/\/yoast.com\/wordpress\/plugins\/seo\/ -->\n<title>Choisir une voiture de location \u00e0 Marrakech a\u00e9roport : R\u00e9servez !<\/title>\n<meta name=\"description\" content=\"R\u00e9server une voiture de location pas cher \u00e0 Marrakech a\u00e9roport. s\u00e9lectionner un v\u00e9hicule et profiter d&#039;une remise de 30% et plus.\" \/>\n<script type=\"application\/ld+json\" class=\"yoast-schema-graph\">{\"@context\":\"https:\/\/schema.org\",\"@graph\":[{\"@type\":\"Organization\",\"@id\":\"https:\/\/www.irent-morocco.com\/fr\/#organization\",\"name\":\"irent-morocco.com\",\"url\":\"https:\/\/www.irent-morocco.com\/fr\/\",\"sameAs\":[],\"logo\":{\"@type\":\"ImageObject\",\"@id\":\"https:\/\/www.irent-morocco.com\/fr\/#logo\",\"inLanguage\":\"fr-FR\",\"url\":\"https:\/\/www.irent-morocco.com\/wp-content\/uploads\/2022\/03\/logo_irent-morocco@2x.png\",\"width\":326,\"height\":162,\"caption\":\"irent-morocco.com\"},\"image\":{\"@id\":\"https:\/\/www.irent-morocco.com\/fr\/#logo\"}},{\"@type\":\"WebSite\",\"@id\":\"https:\/\/www.irent-morocco.com\/fr\/#website\",\"url\":\"https:\/\/www.irent-morocco.com\/fr\/\",\"name\":\"iRent Morocco\",\"description\":\"\",\"publisher\":{\"@id\":\"https:\/\/www.irent-morocco.com\/fr\/#organization\"},\"potentialAction\":[{\"@type\":\"SearchAction\",\"target\":\"https:\/\/www.irent-morocco.com\/fr\/?s={search_term_string}\",\"query-input\":\"required name=search_term_string\"}],\"inLanguage\":\"fr-FR\"},{\"@type\":\"WebPage\",\"@id\":\"https:\/\/www.irent-morocco.com\/fr\/location-voiture-marrakech\/aeroport\/booking-marrakech-airport\/#webpage\",\"url\":\"https:\/\/www.irent-morocco.com\/fr\/location-voiture-marrakech\/aeroport\/booking-marrakech-airport\/\",\"name\":\"Choisir une voiture de location \\u00e0 Marrakech a\\u00e9roport : R\\u00e9servez !\",\"isPartOf\":{\"@id\":\"https:\/\/www.irent-morocco.com\/fr\/#website\"},\"datePublished\":\"2022-03-23T13:02:18+00:00\",\"dateModified\":\"2026-04-04T23:41:41+00:00\",\"description\":\"R\\u00e9server une voiture de location pas cher \\u00e0 Marrakech a\\u00e9roport. s\\u00e9lectionner un v\\u00e9hicule et profiter d'une remise de 30% et plus.\",\"breadcrumb\":{\"@id\":\"https:\/\/www.irent-morocco.com\/fr\/location-voiture-marrakech\/aeroport\/booking-marrakech-airport\/#breadcrumb\"},\"inLanguage\":\"fr-FR\",\"potentialAction\":[{\"@type\":\"ReadAction\",\"target\":[\"https:\/\/www.irent-morocco.com\/fr\/location-voiture-marrakech\/aeroport\/booking-marrakech-airport\/\"]}]},{\"@type\":\"BreadcrumbList\",\"@id\":\"https:\/\/www.irent-morocco.com\/fr\/location-voiture-marrakech\/aeroport\/booking-marrakech-airport\/#breadcrumb\",\"itemListElement\":[{\"@type\":\"ListItem\",\"position\":1,\"item\":{\"@type\":\"WebPage\",\"@id\":\"https:\/\/www.irent-morocco.com\/\",\"url\":\"https:\/\/www.irent-morocco.com\/\",\"name\":\"Acceuil\"}},{\"@type\":\"ListItem\",\"position\":2,\"item\":{\"@type\":\"WebPage\",\"@id\":\"https:\/\/www.irent-morocco.com\/fr\/location-voiture-marrakech\/\",\"url\":\"https:\/\/www.irent-morocco.com\/fr\/location-voiture-marrakech\/\",\"name\":\"Location voiture Marrakech\"}},{\"@type\":\"ListItem\",\"position\":3,\"item\":{\"@type\":\"WebPage\",\"@id\":\"https:\/\/www.irent-morocco.com\/fr\/location-voiture-marrakech\/aeroport\/\",\"url\":\"https:\/\/www.irent-morocco.com\/fr\/location-voiture-marrakech\/aeroport\/\",\"name\":\"Location de voiture a\\u00e9roport Marrakech\"}},{\"@type\":\"ListItem\",\"position\":4,\"item\":{\"@type\":\"WebPage\",\"@id\":\"https:\/\/www.irent-morocco.com\/fr\/location-voiture-marrakech\/aeroport\/booking-marrakech-airport\/\",\"url\":\"https:\/\/www.irent-morocco.com\/fr\/location-voiture-marrakech\/aeroport\/booking-marrakech-airport\/\",\"name\":\"R\\u00e9servation form a\\u00e9roport Marrakech\"}}]}]}<\/script>\n<!-- \/ Yoast SEO Premium plugin. -->","_links":{"self":[{"href":"https:\/\/www.irent-morocco.com\/fr\/wp-json\/wp\/v2\/pages\/14481","targetHints":{"allow":["GET"]}}],"collection":[{"href":"https:\/\/www.irent-morocco.com\/fr\/wp-json\/wp\/v2\/pages"}],"about":[{"href":"https:\/\/www.irent-morocco.com\/fr\/wp-json\/wp\/v2\/types\/page"}],"author":[{"embeddable":true,"href":"https:\/\/www.irent-morocco.com\/fr\/wp-json\/wp\/v2\/users\/2"}],"replies":[{"embeddable":true,"href":"https:\/\/www.irent-morocco.com\/fr\/wp-json\/wp\/v2\/comments?post=14481"}],"version-history":[{"count":1,"href":"https:\/\/www.irent-morocco.com\/fr\/wp-json\/wp\/v2\/pages\/14481\/revisions"}],"predecessor-version":[{"id":31297,"href":"https:\/\/www.irent-morocco.com\/fr\/wp-json\/wp\/v2\/pages\/14481\/revisions\/31297"}],"up":[{"embeddable":true,"href":"https:\/\/www.irent-morocco.com\/fr\/wp-json\/wp\/v2\/pages\/2911"}],"wp:attachment":[{"href":"https:\/\/www.irent-morocco.com\/fr\/wp-json\/wp\/v2\/media?parent=14481"}],"curies":[{"name":"wp","href":"https:\/\/api.w.org\/{rel}","templated":true}]}}