        {"id":14483,"date":"2022-10-11T09:29:48","date_gmt":"2022-10-11T08:29:48","guid":{"rendered":"https:\/\/www.irent-morocco.com\/location-voiture-rabat\/reservation-form-aeroport-rabat\/"},"modified":"2026-04-20T16:05:16","modified_gmt":"2026-04-20T15:05:16","slug":"booking-rabat-airport","status":"publish","type":"page","link":"https:\/\/www.irent-morocco.com\/fr\/location-voiture-rabat\/aeroport\/booking-rabat-airport\/","title":{"rendered":"R\u00e9servation form a\u00e9roport rabat"},"content":{"rendered":"<p>[vc_row][vc_column][vc_raw_html]JTNDc2VjdGlvbiUyMGNsYXNzJTNEJTIycmVzZXJ2YXRpb24td3JhcHBlciUyMiUyMGFyaWEtbGFiZWxsZWRieSUzRCUyMnJlc2VydmF0aW9uLXRpdGxlJTIyJTNFJTBBJTIwJTIwJTNDaGVhZGVyJTIwY2xhc3MlM0QlMjJib29raW5nLWhlYWRlciUyMiUzRSUwQSUyMCUyMCUyMCUyMCUzQ2gxJTIwaWQlM0QlMjJyZXNlcnZhdGlvbi10aXRsZSUyMiUyMGNsYXNzJTNEJTIyYm9va2luZy1tYWluLXRpdGxlJTIyJTNFJTBBJTIwJTIwJTIwJTIwJTIwJTIwUiVDMyVBOXNlcnZhdGlvbiUyMGRlJTIwdm9pdHVyZSUyMCVDMyVBMCUyMFJhYmF0JTIwQSVDMyVBOXJvcG9ydCUyMFNhbCVDMyVBOS1SYWJhdCUwQSUyMCUyMCUyMCUyMCUzQyUyRmgxJTNFJTBBJTIwJTIwJTIwJTIwJTNDcCUyMGNsYXNzJTNEJTIyYm9va2luZy1kZXNjcmlwdGlvbiUyMiUzRSUwQSUyMCUyMCUyMCUyMCUyMCUyMENvbXBsJUMzJUE5dGV6JTIwbGVzJTIwJUMzJUE5dGFwZXMlMjBjaS1kZXNzb3VzJTIwcG91ciUyMGZpbmFsaXNlciUyMHZvdHJlJTIwciVDMyVBOXNlcnZhdGlvbi4lMjBUb3V0ZXMlMjBsZXMlMjB2b2l0dXJlcyUyMGFmZmljaCVDMyVBOWVzJTIwc29udCUyMGRpc3BvbmlibGVzJTIwJUMzJUEwJTIwUmFiYXQlMjBBJUMzJUE5cm9wb3J0JTIwU2FsJUMzJUE5LVJhYmF0LiUwQSUyMCUyMCUyMCUyMCUzQyUyRnAlM0UlMEElMjAlMjAlM0MlMkZoZWFkZXIlM0UlMEElMEElMjAlMjAlM0NkaXYlMjBjbGFzcyUzRCUyMmNhci1zbGlkZXItY29udGVudCUyMiUyMHJvbGUlM0QlMjJyZWdpb24lMjIlMjBhcmlhLWxhYmVsJTNEJTIyUyVDMyVBOWxlY3Rpb24lMjBkZSUyMHYlQzMlQTloaWN1bGVzJTIwZGlzcG9uaWJsZXMlMjIlM0UlMEElMjAlMjAlMjAlMjAlNUJpcmVudF92ZWhpY2xlX3NlbGVjdGVkX3N1bW1hcnklNUQlMEElMjAlMjAlM0MlMkZkaXYlM0UlMEElMEElM0Nhc2lkZSUyMGNsYXNzJTNEJTIyc2VvLWhlbHBlciUyMiUyMGFyaWEtaGlkZGVuJTNEJTIydHJ1ZSUyMiUyMHN0eWxlJTNEJTIyZGlzcGxheSUzQW5vbmUlM0IlMjIlM0UlMEElMjAlMjAlMjAlMjAlM0NoMiUzRVIlQzMlQTlzZXJ2YXRpb24lMjB2b2l0dXJlJTIwUmFiYXQlMjBBJUMzJUE5cm9wb3J0JTIwLSUyMCVDMyU4OXRhcGVzJTIwc2ltcGxpZmklQzMlQTllcyUzQyUyRmgyJTNFJTBBJTIwJTIwJTIwJTIwJTNDcCUzRSUwQSUyMCUyMCUyMCUyMCUyMCUyMFIlQzMlQTlzZXJ2ZXolMjB2b3RyZSUyMHZvaXR1cmUlMjAlQzMlQTAlMjBsJUUyJTgwJTk5YSVDMyVBOXJvcG9ydCUyMFNhbCVDMyVBOS1SYWJhdCUyMGF2ZWMlMjBpUmVudCUyME1vcm9jY28uJTIwUyVDMyVBOWxlY3Rpb25uZXolMjB2b3MlMjBkYXRlcyUyQyUyMHZvdHJlJTIwc3RhdGlvbiUyQyUyMHZvdHJlJTIwdiVDMyVBOWhpY3VsZSUyMGV0JTIwdm9zJTIwY29vcmRvbm4lQzMlQTllcyUyMHBvdXIlMjBmaW5hbGlzZXIlMjBsYSUyMHIlQzMlQTlzZXJ2YXRpb24uJTBBJTIwJTIwJTIwJTIwJTIwJTIwVG91cyUyMG5vcyUyMHYlQzMlQTloaWN1bGVzJTIwaW5jbHVlbnQlMjBsZSUyMGtpbG9tJUMzJUE5dHJhZ2UlMjBpbGxpbWl0JUMzJUE5JTJDJTIwbGElMjBjbGltYXRpc2F0aW9uJTIwZXQlMjBsJUUyJTgwJTk5YXNzdXJhbmNlJTIwZGUlMjBiYXNlLiUwQSUyMCUyMCUyMCUyMCUzQyUyRnAlM0UlMEElMjAlMjAlMjAlMjAlM0N1bCUzRSUwQSUyMCUyMCUyMCUyMCUyMCUyMCUzQ2xpJTNFTG9jYXRpb24lMjB2b2l0dXJlJTIwUmFiYXQlMjBhJUMzJUE5cm9wb3J0JTIwcGFzJTIwY2glQzMlQThyZSUzQyUyRmxpJTNFJTBBJTIwJTIwJTIwJTIwJTIwJTIwJTNDbGklM0VSJUMzJUE5c2VydmF0aW9uJTIwcmFwaWRlJTIwZXQlMjBzJUMzJUE5Y3VyaXMlQzMlQTllJTNDJTJGbGklM0UlMEElMjAlMjAlMjAlMjAlMjAlMjAlM0NsaSUzRURpc3BvbmliaWxpdCVDMyVBOSUyMGltbSVDMyVBOWRpYXRlJTIwJUMzJUEwJTIwbCVFMiU4MCU5OWElQzMlQTlyb3BvcnQlMjBTYWwlQzMlQTktUmFiYXQlM0MlMkZsaSUzRSUwQSUyMCUyMCUyMCUyMCUzQyUyRnVsJTNFJTBBJTIwJTIwJTNDJTJGYXNpZGUlM0UlMEElMEElMjAlMjAlM0NkaXYlMjBjbGFzcyUzRCUyMmNyYnMtY29udGFpbmVyJTIyJTIwcm9sZSUzRCUyMnJlZ2lvbiUyMiUyMGFyaWEtbGFiZWwlM0QlMjJGb3JtdWxhaXJlJTIwZGUlMjByJUMzJUE5c2VydmF0aW9uJTIyJTNFJTBBJTIwJTIwJTIwJTIwJTVCY3Jic19ib29raW5nX2Zvcm0lMjBib29raW5nX2Zvcm1faWQlM0QlMjIxNDQ3NCUyMiU1RCUwQSUyMCUyMCUzQyUyRmRpdiUzRSUwQSUzQyUyRnNlY3Rpb24lM0UlMEE=[\/vc_raw_html][\/vc_column][\/vc_row]<\/p>\n","protected":false},"excerpt":{"rendered":"<p>[vc_row][vc_column][vc_raw_html]JTNDc2VjdGlvbiUyMGNsYXNzJTNEJTIycmVzZXJ2YXRpb24td3JhcHBlciUyMiUyMGFyaWEtbGFiZWxsZWRieSUzRCUyMnJlc2VydmF0aW9uLXRpdGxlJTIyJTNFJTBBJTIwJTIwJTNDaGVhZGVyJTIwY2xhc3MlM0QlMjJib29raW5nLWhlYWRlciUyMiUzRSUwQSUyMCUyMCUyMCUyMCUzQ2gxJTIwaWQlM0QlMjJyZXNlcnZhdGlvbi10aXRsZSUyMiUyMGNsYXNzJTNEJTIyYm9va2luZy1tYWluLXRpdGxlJTIyJTNFJTBBJTIwJTIwJTIwJTIwJTIwJTIwUiVDMyVBOXNlcnZhdGlvbiUyMGRlJTIwdm9pdHVyZSUyMCVDMyVBMCUyMFJhYmF0JTIwQSVDMyVBOXJvcG9ydCUyMFNhbCVDMyVBOS1SYWJhdCUwQSUyMCUyMCUyMCUyMCUzQyUyRmgxJTNFJTBBJTIwJTIwJTIwJTIwJTNDcCUyMGNsYXNzJTNEJTIyYm9va2luZy1kZXNjcmlwdGlvbiUyMiUzRSUwQSUyMCUyMCUyMCUyMCUyMCUyMENvbXBsJUMzJUE5dGV6JTIwbGVzJTIwJUMzJUE5dGFwZXMlMjBjaS1kZXNzb3VzJTIwcG91ciUyMGZpbmFsaXNlciUyMHZvdHJlJTIwciVDMyVBOXNlcnZhdGlvbi4lMjBUb3V0ZXMlMjBsZXMlMjB2b2l0dXJlcyUyMGFmZmljaCVDMyVBOWVzJTIwc29udCUyMGRpc3BvbmlibGVzJTIwJUMzJUEwJTIwUmFiYXQlMjBBJUMzJUE5cm9wb3J0JTIwU2FsJUMzJUE5LVJhYmF0LiUwQSUyMCUyMCUyMCUyMCUzQyUyRnAlM0UlMEElMjAlMjAlM0MlMkZoZWFkZXIlM0UlMEElMEElMjAlMjAlM0NkaXYlMjBjbGFzcyUzRCUyMmNhci1zbGlkZXItY29udGVudCUyMiUyMHJvbGUlM0QlMjJyZWdpb24lMjIlMjBhcmlhLWxhYmVsJTNEJTIyUyVDMyVBOWxlY3Rpb24lMjBkZSUyMHYlQzMlQTloaWN1bGVzJTIwZGlzcG9uaWJsZXMlMjIlM0UlMEElMjAlMjAlMjAlMjAlNUJpcmVudF92ZWhpY2xlX3NlbGVjdGVkX3N1bW1hcnklNUQlMEElMjAlMjAlM0MlMkZkaXYlM0UlMEElMEElM0Nhc2lkZSUyMGNsYXNzJTNEJTIyc2VvLWhlbHBlciUyMiUyMGFyaWEtaGlkZGVuJTNEJTIydHJ1ZSUyMiUyMHN0eWxlJTNEJTIyZGlzcGxheSUzQW5vbmUlM0IlMjIlM0UlMEElMjAlMjAlMjAlMjAlM0NoMiUzRVIlQzMlQTlzZXJ2YXRpb24lMjB2b2l0dXJlJTIwUmFiYXQlMjBBJUMzJUE5cm9wb3J0JTIwLSUyMCVDMyU4OXRhcGVzJTIwc2ltcGxpZmklQzMlQTllcyUzQyUyRmgyJTNFJTBBJTIwJTIwJTIwJTIwJTNDcCUzRSUwQSUyMCUyMCUyMCUyMCUyMCUyMFIlQzMlQTlzZXJ2ZXolMjB2b3RyZSUyMHZvaXR1cmUlMjAlQzMlQTAlMjBsJUUyJTgwJTk5YSVDMyVBOXJvcG9ydCUyMFNhbCVDMyVBOS1SYWJhdCUyMGF2ZWMlMjBpUmVudCUyME1vcm9jY28uJTIwUyVDMyVBOWxlY3Rpb25uZXolMjB2b3MlMjBkYXRlcyUyQyUyMHZvdHJlJTIwc3RhdGlvbiUyQyUyMHZvdHJlJTIwdiVDMyVBOWhpY3VsZSUyMGV0JTIwdm9zJTIwY29vcmRvbm4lQzMlQTllcyUyMHBvdXIlMjBmaW5hbGlzZXIlMjBsYSUyMHIlQzMlQTlzZXJ2YXRpb24uJTBBJTIwJTIwJTIwJTIwJTIwJTIwVG91cyUyMG5vcyUyMHYlQzMlQTloaWN1bGVzJTIwaW5jbHVlbnQlMjBsZSUyMGtpbG9tJUMzJUE5dHJhZ2UlMjBpbGxpbWl0JUMzJUE5JTJDJTIwbGElMjBjbGltYXRpc2F0aW9uJTIwZXQlMjBsJUUyJTgwJTk5YXNzdXJhbmNlJTIwZGUlMjBiYXNlLiUwQSUyMCUyMCUyMCUyMCUzQyUyRnAlM0UlMEElMjAlMjAlMjAlMjAlM0N1bCUzRSUwQSUyMCUyMCUyMCUyMCUyMCUyMCUzQ2xpJTNFTG9jYXRpb24lMjB2b2l0dXJlJTIwUmFiYXQlMjBhJUMzJUE5cm9wb3J0JTIwcGFzJTIwY2glQzMlQThyZSUzQyUyRmxpJTNFJTBBJTIwJTIwJTIwJTIwJTIwJTIwJTNDbGklM0VSJUMzJUE5c2VydmF0aW9uJTIwcmFwaWRlJTIwZXQlMjBzJUMzJUE5Y3VyaXMlQzMlQTllJTNDJTJGbGklM0UlMEElMjAlMjAlMjAlMjAlMjAlMjAlM0NsaSUzRURpc3BvbmliaWxpdCVDMyVBOSUyMGltbSVDMyVBOWRpYXRlJTIwJUMzJUEwJTIwbCVFMiU4MCU5OWElQzMlQTlyb3BvcnQlMjBTYWwlQzMlQTktUmFiYXQlM0MlMkZsaSUzRSUwQSUyMCUyMCUyMCUyMCUzQyUyRnVsJTNFJTBBJTIwJTIwJTNDJTJGYXNpZGUlM0UlMEElMEElMjAlMjAlM0NkaXYlMjBjbGFzcyUzRCUyMmNyYnMtY29udGFpbmVyJTIyJTIwcm9sZSUzRCUyMnJlZ2lvbiUyMiUyMGFyaWEtbGFiZWwlM0QlMjJGb3JtdWxhaXJlJTIwZGUlMjByJUMzJUE5c2VydmF0aW9uJTIyJTNFJTBBJTIwJTIwJTIwJTIwJTVCY3Jic19ib29raW5nX2Zvcm0lMjBib29raW5nX2Zvcm1faWQlM0QlMjIxNDQ3NCUyMiU1RCUwQSUyMCUyMCUzQyUyRmRpdiUzRSUwQSUzQyUyRnNlY3Rpb24lM0UlMEE=[\/vc_raw_html][\/vc_column][\/vc_row]<\/p>\n","protected":false},"author":2,"featured_media":0,"parent":2929,"menu_order":0,"comment_status":"closed","ping_status":"closed","template":"","meta":{"footnotes":""},"class_list":["post-14483","page","type-page","status-publish","hentry"],"yoast_head":"<!-- This site is optimized with the Yoast SEO Premium plugin v15.9.1 - https:\/\/yoast.com\/wordpress\/plugins\/seo\/ -->\n<title>R\u00e9server voiture \u00e0 l&#039;a\u00e9roport de Rabat - Profiter de remise de 25%<\/title>\n<meta name=\"description\" content=\"Choisir la location de voiture Rabat a\u00e9roport. R\u00e9server une voiture adapt\u00e9e \u00e0 votre budget en b\u00e9n\u00e9ficiant de remise exceptionnelle.\" \/>\n<link rel=\"canonical\" href=\"https:\/\/www.irent-morocco.com\/fr\/location-voiture-rabat\/aeroport\/booking-rabat-airport\/\" \/>\n<script type=\"application\/ld+json\" class=\"yoast-schema-graph\">{\"@context\":\"https:\/\/schema.org\",\"@graph\":[{\"@type\":\"Organization\",\"@id\":\"https:\/\/www.irent-morocco.com\/fr\/#organization\",\"name\":\"irent-morocco.com\",\"url\":\"https:\/\/www.irent-morocco.com\/fr\/\",\"sameAs\":[],\"logo\":{\"@type\":\"ImageObject\",\"@id\":\"https:\/\/www.irent-morocco.com\/fr\/#logo\",\"inLanguage\":\"fr-FR\",\"url\":\"https:\/\/www.irent-morocco.com\/wp-content\/uploads\/2022\/03\/logo_irent-morocco@2x.png\",\"width\":326,\"height\":162,\"caption\":\"irent-morocco.com\"},\"image\":{\"@id\":\"https:\/\/www.irent-morocco.com\/fr\/#logo\"}},{\"@type\":\"WebSite\",\"@id\":\"https:\/\/www.irent-morocco.com\/fr\/#website\",\"url\":\"https:\/\/www.irent-morocco.com\/fr\/\",\"name\":\"iRent Morocco\",\"description\":\"\",\"publisher\":{\"@id\":\"https:\/\/www.irent-morocco.com\/fr\/#organization\"},\"potentialAction\":[{\"@type\":\"SearchAction\",\"target\":\"https:\/\/www.irent-morocco.com\/fr\/?s={search_term_string}\",\"query-input\":\"required name=search_term_string\"}],\"inLanguage\":\"fr-FR\"},{\"@type\":\"WebPage\",\"@id\":\"https:\/\/www.irent-morocco.com\/fr\/location-voiture-rabat\/aeroport\/booking-rabat-airport\/#webpage\",\"url\":\"https:\/\/www.irent-morocco.com\/fr\/location-voiture-rabat\/aeroport\/booking-rabat-airport\/\",\"name\":\"R\\u00e9server voiture \\u00e0 l'a\\u00e9roport de Rabat - Profiter de remise de 25%\",\"isPartOf\":{\"@id\":\"https:\/\/www.irent-morocco.com\/fr\/#website\"},\"datePublished\":\"2022-10-11T08:29:48+00:00\",\"dateModified\":\"2026-04-20T15:05:16+00:00\",\"description\":\"Choisir la location de voiture Rabat a\\u00e9roport. R\\u00e9server une voiture adapt\\u00e9e \\u00e0 votre budget en b\\u00e9n\\u00e9ficiant de remise exceptionnelle.\",\"breadcrumb\":{\"@id\":\"https:\/\/www.irent-morocco.com\/fr\/location-voiture-rabat\/aeroport\/booking-rabat-airport\/#breadcrumb\"},\"inLanguage\":\"fr-FR\",\"potentialAction\":[{\"@type\":\"ReadAction\",\"target\":[\"https:\/\/www.irent-morocco.com\/fr\/location-voiture-rabat\/aeroport\/booking-rabat-airport\/\"]}]},{\"@type\":\"BreadcrumbList\",\"@id\":\"https:\/\/www.irent-morocco.com\/fr\/location-voiture-rabat\/aeroport\/booking-rabat-airport\/#breadcrumb\",\"itemListElement\":[{\"@type\":\"ListItem\",\"position\":1,\"item\":{\"@type\":\"WebPage\",\"@id\":\"https:\/\/www.irent-morocco.com\/fr\/\",\"url\":\"https:\/\/www.irent-morocco.com\/fr\/\",\"name\":\"Acceuil\"}},{\"@type\":\"ListItem\",\"position\":2,\"item\":{\"@type\":\"WebPage\",\"@id\":\"https:\/\/www.irent-morocco.com\/fr\/location-voiture-rabat\/\",\"url\":\"https:\/\/www.irent-morocco.com\/fr\/location-voiture-rabat\/\",\"name\":\"Location voiture Rabat\"}},{\"@type\":\"ListItem\",\"position\":3,\"item\":{\"@type\":\"WebPage\",\"@id\":\"https:\/\/www.irent-morocco.com\/fr\/location-voiture-rabat\/aeroport\/\",\"url\":\"https:\/\/www.irent-morocco.com\/fr\/location-voiture-rabat\/aeroport\/\",\"name\":\"Location de voiture a\\u00e9roport Rabat\"}},{\"@type\":\"ListItem\",\"position\":4,\"item\":{\"@type\":\"WebPage\",\"@id\":\"https:\/\/www.irent-morocco.com\/fr\/location-voiture-rabat\/aeroport\/booking-rabat-airport\/\",\"url\":\"https:\/\/www.irent-morocco.com\/fr\/location-voiture-rabat\/aeroport\/booking-rabat-airport\/\",\"name\":\"R\\u00e9servation form a\\u00e9roport rabat\"}}]}]}<\/script>\n<!-- \/ Yoast SEO Premium plugin. -->","_links":{"self":[{"href":"https:\/\/www.irent-morocco.com\/fr\/wp-json\/wp\/v2\/pages\/14483","targetHints":{"allow":["GET"]}}],"collection":[{"href":"https:\/\/www.irent-morocco.com\/fr\/wp-json\/wp\/v2\/pages"}],"about":[{"href":"https:\/\/www.irent-morocco.com\/fr\/wp-json\/wp\/v2\/types\/page"}],"author":[{"embeddable":true,"href":"https:\/\/www.irent-morocco.com\/fr\/wp-json\/wp\/v2\/users\/2"}],"replies":[{"embeddable":true,"href":"https:\/\/www.irent-morocco.com\/fr\/wp-json\/wp\/v2\/comments?post=14483"}],"version-history":[{"count":0,"href":"https:\/\/www.irent-morocco.com\/fr\/wp-json\/wp\/v2\/pages\/14483\/revisions"}],"up":[{"embeddable":true,"href":"https:\/\/www.irent-morocco.com\/fr\/wp-json\/wp\/v2\/pages\/2929"}],"wp:attachment":[{"href":"https:\/\/www.irent-morocco.com\/fr\/wp-json\/wp\/v2\/media?parent=14483"}],"curies":[{"name":"wp","href":"https:\/\/api.w.org\/{rel}","templated":true}]}}