        {"id":23200,"date":"2024-12-13T10:11:28","date_gmt":"2024-12-13T09:11:28","guid":{"rendered":"https:\/\/www.irent-morocco.com\/?page_id=23200"},"modified":"2026-04-05T00:27:22","modified_gmt":"2026-04-04T23:27:22","slug":"booking-fes-airport","status":"publish","type":"page","link":"https:\/\/www.irent-morocco.com\/fr\/location-voiture-aeroport-fes\/booking-fes-airport\/","title":{"rendered":"R\u00e9servation form a\u00e9roport F\u00e8s"},"content":{"rendered":"<p>[vc_row][vc_column][vc_raw_html]JTNDc2VjdGlvbiUyMGNsYXNzJTNEJTIycmVzZXJ2YXRpb24td3JhcHBlciUyMiUyMGFyaWEtbGFiZWxsZWRieSUzRCUyMnJlc2VydmF0aW9uLXRpdGxlJTIyJTNFJTBBJTIwJTIwJTNDaGVhZGVyJTIwY2xhc3MlM0QlMjJib29raW5nLWhlYWRlciUyMiUzRSUwQSUyMCUyMCUyMCUyMCUzQ2gxJTIwaWQlM0QlMjJyZXNlcnZhdGlvbi10aXRsZSUyMiUyMGNsYXNzJTNEJTIyYm9va2luZy1tYWluLXRpdGxlJTIyJTNFJTBBJTIwJTIwJTIwJTIwJTIwJTIwUiVDMyVBOXNlcnZhdGlvbiUyMGRlJTIwdm9pdHVyZSUyMCVDMyVBMCUyMEYlQzMlQThzJTIwQSVDMyVBOXJvcG9ydCUyMFNhJUMzJUFGc3MlMEElMjAlMjAlMjAlMjAlM0MlMkZoMSUzRSUwQSUyMCUyMCUyMCUyMCUzQ3AlMjBjbGFzcyUzRCUyMmJvb2tpbmctZGVzY3JpcHRpb24lMjIlM0UlMEElMjAlMjAlMjAlMjAlMjAlMjBDb21wbCVDMyVBOXRleiUyMGxlcyUyMCVDMyVBOXRhcGVzJTIwY2ktZGVzc291cyUyMHBvdXIlMjBmaW5hbGlzZXIlMjB2b3RyZSUyMHIlQzMlQTlzZXJ2YXRpb24uJTIwVG91dGVzJTIwbGVzJTIwdm9pdHVyZXMlMjBhZmZpY2glQzMlQTllcyUyMHNvbnQlMjBkaXNwb25pYmxlcyUyMCVDMyVBMCUyMEYlQzMlQThzJTIwQSVDMyVBOXJvcG9ydCUyMFNhJUMzJUFGc3MuJTBBJTIwJTIwJTIwJTIwJTNDJTJGcCUzRSUwQSUyMCUyMCUzQyUyRmhlYWRlciUzRSUwQSUwQSUyMCUyMCUzQ2RpdiUyMGNsYXNzJTNEJTIyY2FyLXNsaWRlci1jb250ZW50JTIyJTIwcm9sZSUzRCUyMnJlZ2lvbiUyMiUyMGFyaWEtbGFiZWwlM0QlMjJTJUMzJUE5bGVjdGlvbiUyMGRlJTIwdiVDMyVBOWhpY3VsZXMlMjBkaXNwb25pYmxlcyUyMiUzRSUwQSUyMCUyMCUyMCUyMCU1QmlyZW50X3ZlaGljbGVfc2VsZWN0ZWRfc3VtbWFyeSU1RCUwQSUyMCUyMCUzQyUyRmRpdiUzRSUwQSUwQSUzQ2FzaWRlJTIwY2xhc3MlM0QlMjJzZW8taGVscGVyJTIyJTIwYXJpYS1oaWRkZW4lM0QlMjJ0cnVlJTIyJTIwc3R5bGUlM0QlMjJkaXNwbGF5JTNBbm9uZSUzQiUyMiUzRSUwQSUyMCUyMCUyMCUyMCUzQ2gyJTNFUiVDMyVBOXNlcnZhdGlvbiUyMHZvaXR1cmUlMjBGJUMzJUE4cyUyMEElQzMlQTlyb3BvcnQlMjAtJTIwJUMzJTg5dGFwZXMlMjBzaW1wbGlmaSVDMyVBOWVzJTNDJTJGaDIlM0UlMEElMjAlMjAlMjAlMjAlM0NwJTNFJTBBJTIwJTIwJTIwJTIwJTIwJTIwUiVDMyVBOXNlcnZleiUyMHZvdHJlJTIwdm9pdHVyZSUyMCVDMyVBMCUyMGwlRTIlODAlOTlhJUMzJUE5cm9wb3J0JTIwU2ElQzMlQUZzcyUyMGF2ZWMlMjBpUmVudCUyME1vcm9jY28uJTIwUyVDMyVBOWxlY3Rpb25uZXolMjB2b3MlMjBkYXRlcyUyQyUyMHZvdHJlJTIwc3RhdGlvbiUyQyUyMHZvdHJlJTIwdiVDMyVBOWhpY3VsZSUyMGV0JTIwdm9zJTIwY29vcmRvbm4lQzMlQTllcyUyMHBvdXIlMjBmaW5hbGlzZXIlMjBsYSUyMHIlQzMlQTlzZXJ2YXRpb24uJTBBJTIwJTIwJTIwJTIwJTIwJTIwVG91cyUyMG5vcyUyMHYlQzMlQTloaWN1bGVzJTIwaW5jbHVlbnQlMjBsZSUyMGtpbG9tJUMzJUE5dHJhZ2UlMjBpbGxpbWl0JUMzJUE5JTJDJTIwbGElMjBjbGltYXRpc2F0aW9uJTIwZXQlMjBsJUUyJTgwJTk5YXNzdXJhbmNlJTIwZGUlMjBiYXNlLiUwQSUyMCUyMCUyMCUyMCUzQyUyRnAlM0UlMEElMjAlMjAlMjAlMjAlM0N1bCUzRSUwQSUyMCUyMCUyMCUyMCUyMCUyMCUzQ2xpJTNFTG9jYXRpb24lMjB2b2l0dXJlJTIwRiVDMyVBOHMlMjBhJUMzJUE5cm9wb3J0JTIwcGFzJTIwY2glQzMlQThyZSUzQyUyRmxpJTNFJTBBJTIwJTIwJTIwJTIwJTIwJTIwJTNDbGklM0VSJUMzJUE5c2VydmF0aW9uJTIwcmFwaWRlJTIwZXQlMjBzJUMzJUE5Y3VyaXMlQzMlQTllJTNDJTJGbGklM0UlMEElMjAlMjAlMjAlMjAlMjAlMjAlM0NsaSUzRURpc3BvbmliaWxpdCVDMyVBOSUyMGltbSVDMyVBOWRpYXRlJTIwJUMzJUEwJTIwbCVFMiU4MCU5OWElQzMlQTlyb3BvcnQlMjBTYSVDMyVBRnNzJTNDJTJGbGklM0UlMEElMjAlMjAlMjAlMjAlM0MlMkZ1bCUzRSUwQSUyMCUyMCUzQyUyRmFzaWRlJTNFJTBBJTBBJTIwJTIwJTNDZGl2JTIwY2xhc3MlM0QlMjJjcmJzLWNvbnRhaW5lciUyMiUyMHJvbGUlM0QlMjJyZWdpb24lMjIlMjBhcmlhLWxhYmVsJTNEJTIyRm9ybXVsYWlyZSUyMGRlJTIwciVDMyVBOXNlcnZhdGlvbiUyMiUzRSUwQSUyMCUyMCUyMCUyMCU1QmNyYnNfYm9va2luZ19mb3JtJTIwYm9va2luZ19mb3JtX2lkJTNEJTIyMjMxNTElMjIlNUQlMEElMjAlMjAlM0MlMkZkaXYlM0UlMEElM0MlMkZzZWN0aW9uJTNFJTBB[\/vc_raw_html][\/vc_column][\/vc_row]<\/p>\n","protected":false},"excerpt":{"rendered":"<p>[vc_row][vc_column][vc_raw_html]JTNDc2VjdGlvbiUyMGNsYXNzJTNEJTIycmVzZXJ2YXRpb24td3JhcHBlciUyMiUyMGFyaWEtbGFiZWxsZWRieSUzRCUyMnJlc2VydmF0aW9uLXRpdGxlJTIyJTNFJTBBJTIwJTIwJTNDaGVhZGVyJTIwY2xhc3MlM0QlMjJib29raW5nLWhlYWRlciUyMiUzRSUwQSUyMCUyMCUyMCUyMCUzQ2gxJTIwaWQlM0QlMjJyZXNlcnZhdGlvbi10aXRsZSUyMiUyMGNsYXNzJTNEJTIyYm9va2luZy1tYWluLXRpdGxlJTIyJTNFJTBBJTIwJTIwJTIwJTIwJTIwJTIwUiVDMyVBOXNlcnZhdGlvbiUyMGRlJTIwdm9pdHVyZSUyMCVDMyVBMCUyMEYlQzMlQThzJTIwQSVDMyVBOXJvcG9ydCUyMFNhJUMzJUFGc3MlMEElMjAlMjAlMjAlMjAlM0MlMkZoMSUzRSUwQSUyMCUyMCUyMCUyMCUzQ3AlMjBjbGFzcyUzRCUyMmJvb2tpbmctZGVzY3JpcHRpb24lMjIlM0UlMEElMjAlMjAlMjAlMjAlMjAlMjBDb21wbCVDMyVBOXRleiUyMGxlcyUyMCVDMyVBOXRhcGVzJTIwY2ktZGVzc291cyUyMHBvdXIlMjBmaW5hbGlzZXIlMjB2b3RyZSUyMHIlQzMlQTlzZXJ2YXRpb24uJTIwVG91dGVzJTIwbGVzJTIwdm9pdHVyZXMlMjBhZmZpY2glQzMlQTllcyUyMHNvbnQlMjBkaXNwb25pYmxlcyUyMCVDMyVBMCUyMEYlQzMlQThzJTIwQSVDMyVBOXJvcG9ydCUyMFNhJUMzJUFGc3MuJTBBJTIwJTIwJTIwJTIwJTNDJTJGcCUzRSUwQSUyMCUyMCUzQyUyRmhlYWRlciUzRSUwQSUwQSUyMCUyMCUzQ2RpdiUyMGNsYXNzJTNEJTIyY2FyLXNsaWRlci1jb250ZW50JTIyJTIwcm9sZSUzRCUyMnJlZ2lvbiUyMiUyMGFyaWEtbGFiZWwlM0QlMjJTJUMzJUE5bGVjdGlvbiUyMGRlJTIwdiVDMyVBOWhpY3VsZXMlMjBkaXNwb25pYmxlcyUyMiUzRSUwQSUyMCUyMCUyMCUyMCU1QmlyZW50X3ZlaGljbGVfc2VsZWN0ZWRfc3VtbWFyeSU1RCUwQSUyMCUyMCUzQyUyRmRpdiUzRSUwQSUwQSUzQ2FzaWRlJTIwY2xhc3MlM0QlMjJzZW8taGVscGVyJTIyJTIwYXJpYS1oaWRkZW4lM0QlMjJ0cnVlJTIyJTIwc3R5bGUlM0QlMjJkaXNwbGF5JTNBbm9uZSUzQiUyMiUzRSUwQSUyMCUyMCUyMCUyMCUzQ2gyJTNFUiVDMyVBOXNlcnZhdGlvbiUyMHZvaXR1cmUlMjBGJUMzJUE4cyUyMEElQzMlQTlyb3BvcnQlMjAtJTIwJUMzJTg5dGFwZXMlMjBzaW1wbGlmaSVDMyVBOWVzJTNDJTJGaDIlM0UlMEElMjAlMjAlMjAlMjAlM0NwJTNFJTBBJTIwJTIwJTIwJTIwJTIwJTIwUiVDMyVBOXNlcnZleiUyMHZvdHJlJTIwdm9pdHVyZSUyMCVDMyVBMCUyMGwlRTIlODAlOTlhJUMzJUE5cm9wb3J0JTIwU2ElQzMlQUZzcyUyMGF2ZWMlMjBpUmVudCUyME1vcm9jY28uJTIwUyVDMyVBOWxlY3Rpb25uZXolMjB2b3MlMjBkYXRlcyUyQyUyMHZvdHJlJTIwc3RhdGlvbiUyQyUyMHZvdHJlJTIwdiVDMyVBOWhpY3VsZSUyMGV0JTIwdm9zJTIwY29vcmRvbm4lQzMlQTllcyUyMHBvdXIlMjBmaW5hbGlzZXIlMjBsYSUyMHIlQzMlQTlzZXJ2YXRpb24uJTBBJTIwJTIwJTIwJTIwJTIwJTIwVG91cyUyMG5vcyUyMHYlQzMlQTloaWN1bGVzJTIwaW5jbHVlbnQlMjBsZSUyMGtpbG9tJUMzJUE5dHJhZ2UlMjBpbGxpbWl0JUMzJUE5JTJDJTIwbGElMjBjbGltYXRpc2F0aW9uJTIwZXQlMjBsJUUyJTgwJTk5YXNzdXJhbmNlJTIwZGUlMjBiYXNlLiUwQSUyMCUyMCUyMCUyMCUzQyUyRnAlM0UlMEElMjAlMjAlMjAlMjAlM0N1bCUzRSUwQSUyMCUyMCUyMCUyMCUyMCUyMCUzQ2xpJTNFTG9jYXRpb24lMjB2b2l0dXJlJTIwRiVDMyVBOHMlMjBhJUMzJUE5cm9wb3J0JTIwcGFzJTIwY2glQzMlQThyZSUzQyUyRmxpJTNFJTBBJTIwJTIwJTIwJTIwJTIwJTIwJTNDbGklM0VSJUMzJUE5c2VydmF0aW9uJTIwcmFwaWRlJTIwZXQlMjBzJUMzJUE5Y3VyaXMlQzMlQTllJTNDJTJGbGklM0UlMEElMjAlMjAlMjAlMjAlMjAlMjAlM0NsaSUzRURpc3BvbmliaWxpdCVDMyVBOSUyMGltbSVDMyVBOWRpYXRlJTIwJUMzJUEwJTIwbCVFMiU4MCU5OWElQzMlQTlyb3BvcnQlMjBTYSVDMyVBRnNzJTNDJTJGbGklM0UlMEElMjAlMjAlMjAlMjAlM0MlMkZ1bCUzRSUwQSUyMCUyMCUzQyUyRmFzaWRlJTNFJTBBJTBBJTIwJTIwJTNDZGl2JTIwY2xhc3MlM0QlMjJjcmJzLWNvbnRhaW5lciUyMiUyMHJvbGUlM0QlMjJyZWdpb24lMjIlMjBhcmlhLWxhYmVsJTNEJTIyRm9ybXVsYWlyZSUyMGRlJTIwciVDMyVBOXNlcnZhdGlvbiUyMiUzRSUwQSUyMCUyMCUyMCUyMCU1QmNyYnNfYm9va2luZ19mb3JtJTIwYm9va2luZ19mb3JtX2lkJTNEJTIyMjMxNTElMjIlNUQlMEElMjAlMjAlM0MlMkZkaXYlM0UlMEElM0MlMkZzZWN0aW9uJTNFJTBB[\/vc_raw_html][\/vc_column][\/vc_row]<\/p>\n","protected":false},"author":2,"featured_media":0,"parent":22535,"menu_order":0,"comment_status":"closed","ping_status":"closed","template":"","meta":{"footnotes":""},"class_list":["post-23200","page","type-page","status-publish","hentry"],"yoast_head":"<!-- This site is optimized with the Yoast SEO Premium plugin v15.9.1 - https:\/\/yoast.com\/wordpress\/plugins\/seo\/ -->\n<title>R\u00e9server de voiture pas ch\u00e8re \u00e0 l&#039;a\u00e9roport de F\u00e8s<\/title>\n<meta name=\"description\" content=\"Choisir une voiture de location parfaite \u00e0 F\u00e8s a\u00e9roport. R\u00e9server un v\u00e9hicule et b\u00e9n\u00e9ficier d&#039;une r\u00e9duction de 25% et plus.\" \/>\n<script type=\"application\/ld+json\" class=\"yoast-schema-graph\">{\"@context\":\"https:\/\/schema.org\",\"@graph\":[{\"@type\":\"Organization\",\"@id\":\"https:\/\/www.irent-morocco.com\/fr\/#organization\",\"name\":\"irent-morocco.com\",\"url\":\"https:\/\/www.irent-morocco.com\/fr\/\",\"sameAs\":[],\"logo\":{\"@type\":\"ImageObject\",\"@id\":\"https:\/\/www.irent-morocco.com\/fr\/#logo\",\"inLanguage\":\"fr-FR\",\"url\":\"https:\/\/www.irent-morocco.com\/wp-content\/uploads\/2022\/03\/logo_irent-morocco@2x.png\",\"width\":326,\"height\":162,\"caption\":\"irent-morocco.com\"},\"image\":{\"@id\":\"https:\/\/www.irent-morocco.com\/fr\/#logo\"}},{\"@type\":\"WebSite\",\"@id\":\"https:\/\/www.irent-morocco.com\/fr\/#website\",\"url\":\"https:\/\/www.irent-morocco.com\/fr\/\",\"name\":\"iRent Morocco\",\"description\":\"\",\"publisher\":{\"@id\":\"https:\/\/www.irent-morocco.com\/fr\/#organization\"},\"potentialAction\":[{\"@type\":\"SearchAction\",\"target\":\"https:\/\/www.irent-morocco.com\/fr\/?s={search_term_string}\",\"query-input\":\"required name=search_term_string\"}],\"inLanguage\":\"fr-FR\"},{\"@type\":\"WebPage\",\"@id\":\"https:\/\/www.irent-morocco.com\/fr\/location-voiture-aeroport-fes\/booking-fes-airport\/#webpage\",\"url\":\"https:\/\/www.irent-morocco.com\/fr\/location-voiture-aeroport-fes\/booking-fes-airport\/\",\"name\":\"R\\u00e9server de voiture pas ch\\u00e8re \\u00e0 l'a\\u00e9roport de F\\u00e8s\",\"isPartOf\":{\"@id\":\"https:\/\/www.irent-morocco.com\/fr\/#website\"},\"datePublished\":\"2024-12-13T09:11:28+00:00\",\"dateModified\":\"2026-04-04T23:27:22+00:00\",\"description\":\"Choisir une voiture de location parfaite \\u00e0 F\\u00e8s a\\u00e9roport. R\\u00e9server un v\\u00e9hicule et b\\u00e9n\\u00e9ficier d'une r\\u00e9duction de 25% et plus.\",\"breadcrumb\":{\"@id\":\"https:\/\/www.irent-morocco.com\/fr\/location-voiture-aeroport-fes\/booking-fes-airport\/#breadcrumb\"},\"inLanguage\":\"fr-FR\",\"potentialAction\":[{\"@type\":\"ReadAction\",\"target\":[\"https:\/\/www.irent-morocco.com\/fr\/location-voiture-aeroport-fes\/booking-fes-airport\/\"]}]},{\"@type\":\"BreadcrumbList\",\"@id\":\"https:\/\/www.irent-morocco.com\/fr\/location-voiture-aeroport-fes\/booking-fes-airport\/#breadcrumb\",\"itemListElement\":[{\"@type\":\"ListItem\",\"position\":1,\"item\":{\"@type\":\"WebPage\",\"@id\":\"https:\/\/www.irent-morocco.com\/fr\/\",\"url\":\"https:\/\/www.irent-morocco.com\/fr\/\",\"name\":\"Acceuil\"}},{\"@type\":\"ListItem\",\"position\":2,\"item\":{\"@type\":\"WebPage\",\"@id\":\"https:\/\/www.irent-morocco.com\/fr\/location-voiture-aeroport-fes\/\",\"url\":\"https:\/\/www.irent-morocco.com\/fr\/location-voiture-aeroport-fes\/\",\"name\":\"Location voiture A\\u00e9roport F\\u00e8s\"}},{\"@type\":\"ListItem\",\"position\":3,\"item\":{\"@type\":\"WebPage\",\"@id\":\"https:\/\/www.irent-morocco.com\/fr\/location-voiture-aeroport-fes\/booking-fes-airport\/\",\"url\":\"https:\/\/www.irent-morocco.com\/fr\/location-voiture-aeroport-fes\/booking-fes-airport\/\",\"name\":\"R\\u00e9servation form a\\u00e9roport F\\u00e8s\"}}]}]}<\/script>\n<!-- \/ Yoast SEO Premium plugin. -->","_links":{"self":[{"href":"https:\/\/www.irent-morocco.com\/fr\/wp-json\/wp\/v2\/pages\/23200","targetHints":{"allow":["GET"]}}],"collection":[{"href":"https:\/\/www.irent-morocco.com\/fr\/wp-json\/wp\/v2\/pages"}],"about":[{"href":"https:\/\/www.irent-morocco.com\/fr\/wp-json\/wp\/v2\/types\/page"}],"author":[{"embeddable":true,"href":"https:\/\/www.irent-morocco.com\/fr\/wp-json\/wp\/v2\/users\/2"}],"replies":[{"embeddable":true,"href":"https:\/\/www.irent-morocco.com\/fr\/wp-json\/wp\/v2\/comments?post=23200"}],"version-history":[{"count":0,"href":"https:\/\/www.irent-morocco.com\/fr\/wp-json\/wp\/v2\/pages\/23200\/revisions"}],"up":[{"embeddable":true,"href":"https:\/\/www.irent-morocco.com\/fr\/wp-json\/wp\/v2\/pages\/22535"}],"wp:attachment":[{"href":"https:\/\/www.irent-morocco.com\/fr\/wp-json\/wp\/v2\/media?parent=23200"}],"curies":[{"name":"wp","href":"https:\/\/api.w.org\/{rel}","templated":true}]}}