        {"id":2961,"date":"2019-11-04T16:54:09","date_gmt":"2019-11-04T15:54:09","guid":{"rendered":"https:\/\/www.irent-morocco.com\/?page_id=2961"},"modified":"2023-05-22T12:19:58","modified_gmt":"2023-05-22T11:19:58","slug":"location-voiture-agadir","status":"publish","type":"page","link":"https:\/\/www.irent-morocco.com\/fr\/location-voiture-agadir\/","title":{"rendered":"Location voiture Agadir"},"content":{"rendered":"<p>[vc_section][vc_row full_width=\u00a0\u00bbstretch_row\u00a0\u00bb][vc_column css=\u00a0\u00bb.vc_custom_1684238752081{margin-top: 32px !important;}\u00a0\u00bb][vc_custom_heading text=\u00a0\u00bbLocation de voitures pas ch\u00e8res \u00e0 Agadir\u00a0\u00bb font_container=\u00a0\u00bbtag:h2|text_align:center\u00a0\u00bb el_class=\u00a0\u00bbhd-title\u00a0\u00bb][\/vc_column][\/vc_row][vc_row css=\u00a0\u00bb.vc_custom_1684238676001{margin-top: 32px !important;border-top-width: 2px !important;border-top-color: #00a0b2 !important;border-top-style: solid !important;border-radius: 10px !important;}\u00a0\u00bb][vc_column width=\u00a0\u00bb1\/3&Prime;][vc_custom_heading text=\u00a0\u00bbOffre de voiture Renault Clio 4&Prime; font_container=\u00a0\u00bbtag:h3|font_size:18|text_align:center|color:%23000000&Prime; css=\u00a0\u00bb.vc_custom_1684238845047{border-top-width: 1px !important;border-right-width: 1px !important;border-bottom-width: 1px !important;border-left-width: 1px !important;background-color: #f9f9f9 !important;border-left-color: #eaeaea !important;border-left-style: solid !important;border-right-color: #eaeaea !important;border-right-style: solid !important;border-top-color: #eaeaea !important;border-top-style: solid !important;border-bottom-color: #eaeaea !important;border-bottom-style: solid !important;border-radius: 3px !important;}\u00a0\u00bb][vc_single_image image=\u00a0\u00bb2676&Prime; img_size=\u00a0\u00bbmedium\u00a0\u00bb alignment=\u00a0\u00bbcenter\u00a0\u00bb][vc_column_text]<\/p>\n<p style=\"text-align: center; color: black;\">Voiture \u00e0 partir:<br \/>\n<span style=\"color: #FD2600;\"><strong><span style=\"font-size: 18px;\">350<br \/>\nMAD \/ jr<\/span><\/strong><\/span>[\/vc_column_text][vc_btn title=\u00a0\u00bbProfiter !\u00a0\u00bb style=\u00a0\u00bbcustom\u00a0\u00bb custom_background=\u00a0\u00bb#00547f\u00a0\u00bb custom_text=\u00a0\u00bb#ffffff\u00a0\u00bb size=\u00a0\u00bbsm\u00a0\u00bb align=\u00a0\u00bbcenter\u00a0\u00bb el_class=\u00a0\u00bbrent-it-btn\u00a0\u00bb link=\u00a0\u00bburl:%23booking-740|title:Louer%20Renault%20Clio%204||\u00a0\u00bb][vc_empty_space height=\u00a0\u00bb15px\u00a0\u00bb][\/vc_column][vc_column width=\u00a0\u00bb1\/3&Prime;][vc_custom_heading text=\u00a0\u00bbOffre voiture Range Evoque\u00a0\u00bb font_container=\u00a0\u00bbtag:h3|font_size:18|text_align:center|color:%23000000&Prime; css=\u00a0\u00bb.vc_custom_1575823403720{border-top-width: 1px !important;border-right-width: 1px !important;border-bottom-width: 1px !important;border-left-width: 1px !important;background-color: #f9f9f9 !important;border-left-color: #eaeaea !important;border-left-style: solid !important;border-right-color: #eaeaea !important;border-right-style: solid !important;border-top-color: #eaeaea !important;border-top-style: solid !important;border-bottom-color: #eaeaea !important;border-bottom-style: solid !important;border-radius: 3px !important;}\u00a0\u00bb][vc_single_image image=\u00a0\u00bb2679&Prime; img_size=\u00a0\u00bbmedium\u00a0\u00bb alignment=\u00a0\u00bbcenter\u00a0\u00bb][vc_column_text]<\/p>\n<p style=\"text-align: center; color: black;\">Voiture \u00e0 partir:<br \/>\n<span style=\"color: #FD2600;\"><strong><span style=\"font-size: 18px;\">1100<br \/>\nMAD \/ jr<\/span><\/strong><\/span>[\/vc_column_text][vc_btn title=\u00a0\u00bbR\u00e9server\u00a0\u00bb style=\u00a0\u00bbcustom\u00a0\u00bb custom_background=\u00a0\u00bb#00547f\u00a0\u00bb custom_text=\u00a0\u00bb#ffffff\u00a0\u00bb size=\u00a0\u00bbsm\u00a0\u00bb align=\u00a0\u00bbcenter\u00a0\u00bb el_class=\u00a0\u00bbrent-it-btn\u00a0\u00bb link=\u00a0\u00bburl:%23booking-730|title:Louer%20range%20rover%20evoque||\u00a0\u00bb][vc_empty_space height=\u00a0\u00bb15px\u00a0\u00bb][\/vc_column][vc_column width=\u00a0\u00bb1\/3&Prime;][vc_custom_heading text=\u00a0\u00bbOffre voiture Hyundai Accent\u00a0\u00bb font_container=\u00a0\u00bbtag:h3|font_size:18|text_align:center|color:%23000000&Prime; css=\u00a0\u00bb.vc_custom_1575823437684{border-top-width: 1px !important;border-right-width: 1px !important;border-bottom-width: 1px !important;border-left-width: 1px !important;background-color: #f9f9f9 !important;border-left-color: #eaeaea !important;border-left-style: solid !important;border-right-color: #eaeaea !important;border-right-style: solid !important;border-top-color: #eaeaea !important;border-top-style: solid !important;border-bottom-color: #eaeaea !important;border-bottom-style: solid !important;border-radius: 3px !important;}\u00a0\u00bb][vc_single_image image=\u00a0\u00bb2682&Prime; img_size=\u00a0\u00bbmedium\u00a0\u00bb alignment=\u00a0\u00bbcenter\u00a0\u00bb][vc_column_text]<\/p>\n<p style=\"text-align: center; color: black;\">Voiture \u00e0 partir:<br \/>\n<span style=\"color: #FD2600;\"><strong><span style=\"font-size: 18px;\">450<br \/>\nMAD \/ jr<\/span><\/strong><\/span>[\/vc_column_text][vc_btn title=\u00a0\u00bbCommencer\u00a0\u00bb style=\u00a0\u00bbcustom\u00a0\u00bb custom_background=\u00a0\u00bb#00547f\u00a0\u00bb custom_text=\u00a0\u00bb#ffffff\u00a0\u00bb size=\u00a0\u00bbsm\u00a0\u00bb align=\u00a0\u00bbcenter\u00a0\u00bb el_class=\u00a0\u00bbrent-it-btn\u00a0\u00bb link=\u00a0\u00bburl:%23booking-738|title:Louer%20hyundai%20accent||\u00a0\u00bb][vc_empty_space height=\u00a0\u00bb15px\u00a0\u00bb][\/vc_column][\/vc_row][\/vc_section][vc_row css=\u00a0\u00bb.vc_custom_1574121192911{border-top-width: 2px !important;border-top-color: #00a0b2 !important;border-top-style: solid !important;border-radius: 10px !important;}\u00a0\u00bb][vc_column][vc_custom_heading text=\u00a0\u00bbLieux touristiques \u00e0 visiter avec la voiture de location \u00e0 Agadir\u00a0\u00bb font_container=\u00a0\u00bbtag:h2|font_size:22|text_align:left\u00a0\u00bb][vc_column_text]<img loading=\"lazy\" decoding=\"async\" class=\"size-medium wp-image-2967 alignleft\" src=\"https:\/\/www.irent-morocco.com\/wp-content\/uploads\/2020\/02\/location-voiture-agadir-300x180.jpg\" alt=\"location voiture Agadir\" width=\"300\" height=\"180\" srcset=\"https:\/\/www.irent-morocco.com\/wp-content\/uploads\/2020\/02\/location-voiture-agadir-300x180.jpg 300w, https:\/\/www.irent-morocco.com\/wp-content\/uploads\/2020\/02\/location-voiture-agadir-600x360.jpg 600w, https:\/\/www.irent-morocco.com\/wp-content\/uploads\/2020\/02\/location-voiture-agadir-768x461.jpg 768w, https:\/\/www.irent-morocco.com\/wp-content\/uploads\/2020\/02\/location-voiture-agadir.jpg 780w\" sizes=\"auto, (max-width: 300px) 100vw, 300px\" \/>Agadir est l&rsquo;une des plus grandes villes du Maroc et est situ\u00e9e au bord de l&rsquo;oc\u00e9an Atlantique. La ville est consid\u00e9r\u00e9e comme l&rsquo;une des destinations touristiques les plus importantes car elle comprend de nombreuses attractions touristiques, des spas, des terrains de golf, des plages propres, des jardins et des parcs. C&rsquo;est l&rsquo;attraction touristique la plus importante et la plus c\u00e9l\u00e8bre d&rsquo;Agadir, que nous vous recommandons de visiter:<\/p>\n<h3 style=\"font-size: 19px; color: black;\">Louez une voiture \u00e0 Agadir et explorez la Kasbah d&rsquo;Ovla<\/h3>\n<p>L&rsquo;une des attractions touristiques les plus c\u00e9l\u00e8bres d&rsquo;Agadir et appel\u00e9e localement Agadir Ovla, qui est une forteresse situ\u00e9e au sommet de la montagne s&rsquo;\u00e9levant \u00e0 236 m\u00e8tres de la mer. Une grande partie du ch\u00e2teau a \u00e9t\u00e9 endommag\u00e9e par un violent tremblement de terre qui a frapp\u00e9 la ville d&rsquo;Agadir.<\/p>\n<h3 style=\"font-size: 19px; color: black;\">Plage d&rsquo;Agadir<\/h3>\n<p>La plage est consid\u00e9r\u00e9e comme l&rsquo;un des endroits les plus importants du tourisme \u00e0 Agadir, car elle s&rsquo;\u00e9tend sur une large zone de plus de 30 km. La plage de sable d&rsquo;Agadir se caract\u00e9rise par son sable dor\u00e9 le long de la c\u00f4te adjacente \u00e0 l&rsquo;oc\u00e9an Atlantique. Il y a de nombreux restaurants et caf\u00e9s sur cette plage, et elle se caract\u00e9rise par son atmosph\u00e8re amusante et divertissante.<\/p>\n<h3 style=\"font-size: 19px; color: black;\">Corniche d&rsquo;Agadir<\/h3>\n<p>La corniche s&rsquo;\u00e9tend le long de la plage d&rsquo;Agadir et est pr\u00eate \u00e0 recevoir ses visiteurs de la population locale et des touristes, o\u00f9 de nombreux magasins, caf\u00e9s et restaurants sont situ\u00e9s sur ses c\u00f4t\u00e9s. De nombreuses activit\u00e9s r\u00e9cr\u00e9atives et soir\u00e9es sont organis\u00e9es en plus des activit\u00e9s destin\u00e9es aux enfants.<\/p>\n<h3 style=\"font-size: 19px; color: black;\">\u00c9quitation et Promenades \u00e0 dos de chameau<\/h3>\n<p>La ville d&rsquo;Agadir offre une exp\u00e9rience id\u00e9ale pour ses visiteurs, en particulier ceux qui aiment le chameau et l&rsquo;\u00e9quitation, qui peuvent profiter de leurs promenades dans le d\u00e9sert et faire une visite amusante ou aller \u00e0 la plage.[\/vc_column_text][\/vc_column][\/vc_row][vc_row css=\u00a0\u00bb.vc_custom_1574121178516{border-top-width: 2px !important;border-top-color: #00a0b2 !important;border-top-style: solid !important;border-radius: 10px !important;}\u00a0\u00bb][vc_column][vc_custom_heading text=\u00a0\u00bbQuelle est la meilleure voiture de location \u00e0 Agadir ?\u00a0\u00bb font_container=\u00a0\u00bbtag:h2|font_size:22|text_align:left\u00a0\u00bb][vc_column_text]<\/p>\n<p style=\"font-size: 14px; color: black;\">C&rsquo;est \u00e0 vous de choisir &#8211; Pour louer une voiture qui vous convient \u00e0 Agadir, pensez \u00e0 votre budget, au nombre de personnes qui voyagent avec vous et au type de voyage que vous faites. Ces suggestions seront importantes pour vous de commencer;<\/p>\n<h3>Cat\u00e9gories de location de voitures \u00e0 Agadir :<\/h3>\n<p>[\/vc_column_text][vc_tta_accordion active_section=\u00a0\u00bb\u00a0\u00bb el_class=\u00a0\u00bbbook-call\u00a0\u00bb][vc_tta_section title=\u00a0\u00bbVoiture \u00e9conomique\u00a0\u00bb tab_id=\u00a0\u00bb1-eco-car\u00a0\u00bb el_class=\u00a0\u00bbcar-type-choose\u00a0\u00bb][vc_column_text]<\/p>\n<p style=\"color: black;\">Id\u00e9al pour: co\u00fbts r\u00e9duits et petits bagages.<br \/>\nLa cat\u00e9gorie comprend: Hyundai i10, Dacia Logan, Clio 4 ou similaire.[\/vc_column_text][\/vc_tta_section][vc_tta_section title=\u00a0\u00bb\u00c9conomique confortable\u00a0\u00bb tab_id=\u00a0\u00bb2-conf-car\u00a0\u00bb el_class=\u00a0\u00bbcar-type-choose\u00a0\u00bb][vc_column_text]<\/p>\n<p style=\"color: black;\">Les voitures confortables les moins ch\u00e8res, \u00e0 des prix abordables qui r\u00e9pondent \u00e0 vos besoins; profiter des vues et des paysages !<br \/>\nLa cat\u00e9gorie comprend: Clio 4, Hyundai Accent, Dacia Duster ou similaire.[\/vc_column_text][\/vc_tta_section][vc_tta_section title=\u00a0\u00bbVoitures de luxe\u00a0\u00bb tab_id=\u00a0\u00bb3-luxury-car\u00a0\u00bb el_class=\u00a0\u00bbcar-type-choose\u00a0\u00bb][vc_column_text]<\/p>\n<p style=\"color: black;\">Id\u00e9al pour: Les couples romantiques et les passionn\u00e9s de conduire des voitures de luxe.<br \/>\nLa cat\u00e9gorie comprend: Volkswagen Touareg, Jeep Cherokee, Range Evoque ou similaire.<\/p>\n<p><a title=\"Prix \u200b\u200bdes voitures de luxe\" href=\"https:\/\/www.irent-morocco.com\/fr\/tarif_location_voiture\/#luxury-car-comfort-Fr\"><span style=\"color: red;\">En savoir plus sur la location de voitures de luxe \u00e0 Agadir<\/span><\/a>[\/vc_column_text][\/vc_tta_section][vc_tta_section title=\u00a0\u00bbVoitures SUV\u00a0\u00bb tab_id=\u00a0\u00bb4-4&#215;4-car\u00a0\u00bb el_class=\u00a0\u00bbcar-type-choose\u00a0\u00bb][vc_column_text]<\/p>\n<p style=\"color: black;\">Les SUV\u2019s de grande taille sont les meilleurs pour: les grands groupes ayant besoin de confort et d\u2019espace pour les bagages.<br \/>\nLa cat\u00e9gorie comprend: Range Sport, Porsche Macan, Range vogue ou similaire.[\/vc_column_text][\/vc_tta_section][\/vc_tta_accordion][vc_btn title=\u00a0\u00bbPlus sur le parc automobile&#8230;\u00a0\u00bb style=\u00a0\u00bbcustom\u00a0\u00bb custom_background=\u00a0\u00bb#00547f\u00a0\u00bb custom_text=\u00a0\u00bb#ffffff\u00a0\u00bb size=\u00a0\u00bbsm\u00a0\u00bb align=\u00a0\u00bbcenter\u00a0\u00bb el_class=\u00a0\u00bbmore-cars-btn\u00a0\u00bb link=\u00a0\u00bburl:https%3A%2F%2Fwww.irent-morocco.com%2Ffr%2Ftarif_location_voiture%2F|title:D%C3%A9couvrez%20notre%20location%20de%20voiture%20au%20Maroc||\u00a0\u00bb][\/vc_column][\/vc_row][vc_row full_width=\u00a0\u00bbstretch_row\u00a0\u00bb][vc_column width=\u00a0\u00bb1\/3&Prime;][vc_custom_heading text=\u00a0\u00bbAutres destinations\u00a0\u00bb font_container=\u00a0\u00bbtag:h2|font_size:18|text_align:left\u00a0\u00bb][vc_column_text]<\/p>\n<ul class=\"car-rental_office-locations\">\n<li class=\"location_price\"><a href=\"https:\/\/www.irent-morocco.com\/fr\/location-voiture-casablanca\/\">Location de voitures &#8211; Casablanca<\/a><\/li>\n<li class=\"location_price\"><a href=\"https:\/\/www.irent-morocco.com\/fr\/location-voiture-marrakech\/\">Location de voitures &#8211; Marrakech<\/a><\/li>\n<li class=\"location_price\"><a href=\"https:\/\/www.irent-morocco.com\/fr\/location-voiture-tanger\/\">Location de voitures &#8211; Tanger<\/a><\/li>\n<li class=\"location_price\"><a href=\"https:\/\/www.irent-morocco.com\/fr\/location-voiture-rabat\/\">Location de voitures &#8211; Rabat<\/a><\/li>\n<li class=\"location_price\"><a href=\"https:\/\/www.irent-morocco.com\/fr\/location-voiture-fes\/\">Location de voitures &#8211; F\u00e8s<\/a><\/li>\n<\/ul>\n<p>[\/vc_column_text][\/vc_column][vc_column width=\u00a0\u00bb1\/3&Prime;][vc_wp_custommenu nav_menu=\u00a0\u00bb35&Prime; title=\u00a0\u00bbConseils et services\u00a0\u00bb][\/vc_column][vc_column width=\u00a0\u00bb1\/3&Prime;][vc_custom_heading text=\u00a0\u00bbInformations utiles sur Agadir\u00a0\u00bb font_container=\u00a0\u00bbtag:h2|font_size:18|text_align:left\u00a0\u00bb][vc_column_text css=\u00a0\u00bb.vc_custom_1684753945596{margin-left: -18px !important;}\u00a0\u00bb]<\/p>\n<ul>\n<li>\n<h3>Proche de Agadir<\/h3>\n<ul>\n<li class=\"car-rental_airport-locations\"><a title=\"Location de voiture A\u00e9roport de Agadir\" href=\"https:\/\/www.irent-morocco.com\/fr\/location-voiture-agadir\/aeroport\/\">Location de voiture \u00e0 A\u00e9roport Agadir<\/a><\/li>\n<\/ul>\n<\/li>\n<\/ul>\n<ul>\n<li>\n<h3>Endroits populaires pour louer une voiture au Maroc<\/h3>\n<ul>\n<li class=\"car-rental_airport-locations\"><a href=\"https:\/\/www.irent-morocco.com\/fr\/location-voiture-casablanca\/aeroport\/\">Location de voiture \u00e0 Casablanca A\u00e9roport<\/a><\/li>\n<li class=\"car-rental_airport-locations\"><a href=\"https:\/\/www.irent-morocco.com\/fr\/location-voiture-marrakech\/aeroport\/\">Location de voiture \u00e0 Marrakech A\u00e9roport<\/a><\/li>\n<li class=\"car-rental_airport-locations\"><a href=\"https:\/\/www.irent-morocco.com\/fr\/location-voiture-tanger\/aeroport\/\">Location de voiture \u00e0 Tanger A\u00e9roport<\/a><\/li>\n<li class=\"car-rental_airport-locations\"><a href=\"https:\/\/www.irent-morocco.com\/fr\/location-voiture-rabat\/aeroport\/\">Location de voiture \u00e0 Rabat A\u00e9roport<\/a><\/li>\n<li class=\"car-rental_airport-locations\"><a href=\"https:\/\/www.irent-morocco.com\/fr\/location-voiture-aeroport-fes\/\">Location de voiture \u00e0 F\u00e8s A\u00e9roport<\/a><\/li>\n<\/ul>\n<\/li>\n<\/ul>\n<p>[\/vc_column_text][\/vc_column][\/vc_row]<\/p>\n","protected":false},"excerpt":{"rendered":"<p>[vc_section][vc_row full_width=\u00a0\u00bbstretch_row\u00a0\u00bb][vc_column css=\u00a0\u00bb.vc_custom_1684238752081{margin-top: 32px !important;}\u00a0\u00bb][vc_custom_heading text=\u00a0\u00bbLocation de voitures pas ch\u00e8res \u00e0 Agadir\u00a0\u00bb font_container=\u00a0\u00bbtag:h2|text_align:center\u00a0\u00bb el_class=\u00a0\u00bbhd-title\u00a0\u00bb][\/vc_column][\/vc_row][vc_row css=\u00a0\u00bb.vc_custom_1684238676001{margin-top: 32px !important;border-top-width: 2px !important;border-top-color: #00a0b2 !important;border-top-style: solid !important;border-radius: 10px !important;}\u00a0\u00bb][vc_column&hellip;<\/p>\n<p><a href=\"https:\/\/www.irent-morocco.com\/fr\/location-voiture-agadir\/\" class=\"read-more-link\">Read more<\/a><\/p>\n","protected":false},"author":2,"featured_media":0,"parent":0,"menu_order":0,"comment_status":"closed","ping_status":"closed","template":"","meta":{"footnotes":""},"class_list":["post-2961","page","type-page","status-publish","hentry"],"yoast_head":"<!-- This site is optimized with the Yoast SEO Premium plugin v15.9.1 - https:\/\/yoast.com\/wordpress\/plugins\/seo\/ -->\n<title>Location voiture Agadir - R\u00e9servez une location de voitures pas cher<\/title>\n<meta name=\"description\" content=\"Location de voiture Agadir avec Irent. Vous voulez r\u00e9server une location de voitures pas cher ? choisissez nos offres et \u00e9conomisez 13% et plus.\" \/>\n<link rel=\"canonical\" href=\"https:\/\/www.irent-morocco.com\/fr\/location-voiture-agadir\/\" \/>\n<script type=\"application\/ld+json\" class=\"yoast-schema-graph\">{\"@context\":\"https:\/\/schema.org\",\"@graph\":[{\"@type\":\"Organization\",\"@id\":\"https:\/\/www.irent-morocco.com\/fr\/#organization\",\"name\":\"irent-morocco.com\",\"url\":\"https:\/\/www.irent-morocco.com\/fr\/\",\"sameAs\":[],\"logo\":{\"@type\":\"ImageObject\",\"@id\":\"https:\/\/www.irent-morocco.com\/fr\/#logo\",\"inLanguage\":\"fr-FR\",\"url\":\"https:\/\/www.irent-morocco.com\/wp-content\/uploads\/2022\/03\/logo_irent-morocco@2x.png\",\"width\":326,\"height\":162,\"caption\":\"irent-morocco.com\"},\"image\":{\"@id\":\"https:\/\/www.irent-morocco.com\/fr\/#logo\"}},{\"@type\":\"WebSite\",\"@id\":\"https:\/\/www.irent-morocco.com\/fr\/#website\",\"url\":\"https:\/\/www.irent-morocco.com\/fr\/\",\"name\":\"iRent Morocco\",\"description\":\"\",\"publisher\":{\"@id\":\"https:\/\/www.irent-morocco.com\/fr\/#organization\"},\"potentialAction\":[{\"@type\":\"SearchAction\",\"target\":\"https:\/\/www.irent-morocco.com\/fr\/?s={search_term_string}\",\"query-input\":\"required name=search_term_string\"}],\"inLanguage\":\"fr-FR\"},{\"@type\":\"ImageObject\",\"@id\":\"https:\/\/www.irent-morocco.com\/fr\/location-voiture-agadir\/#primaryimage\",\"inLanguage\":\"fr-FR\",\"url\":\"https:\/\/www.irent-morocco.com\/wp-content\/uploads\/2020\/02\/location-voiture-agadir.jpg\",\"width\":780,\"height\":468,\"caption\":\"location voiture Agadir\"},{\"@type\":\"WebPage\",\"@id\":\"https:\/\/www.irent-morocco.com\/fr\/location-voiture-agadir\/#webpage\",\"url\":\"https:\/\/www.irent-morocco.com\/fr\/location-voiture-agadir\/\",\"name\":\"Location voiture Agadir - R\\u00e9servez une location de voitures pas cher\",\"isPartOf\":{\"@id\":\"https:\/\/www.irent-morocco.com\/fr\/#website\"},\"primaryImageOfPage\":{\"@id\":\"https:\/\/www.irent-morocco.com\/fr\/location-voiture-agadir\/#primaryimage\"},\"datePublished\":\"2019-11-04T15:54:09+00:00\",\"dateModified\":\"2023-05-22T11:19:58+00:00\",\"description\":\"Location de voiture Agadir avec Irent. Vous voulez r\\u00e9server une location de voitures pas cher ? choisissez nos offres et \\u00e9conomisez 13% et plus.\",\"breadcrumb\":{\"@id\":\"https:\/\/www.irent-morocco.com\/fr\/location-voiture-agadir\/#breadcrumb\"},\"inLanguage\":\"fr-FR\",\"potentialAction\":[{\"@type\":\"ReadAction\",\"target\":[\"https:\/\/www.irent-morocco.com\/fr\/location-voiture-agadir\/\"]}]},{\"@type\":\"BreadcrumbList\",\"@id\":\"https:\/\/www.irent-morocco.com\/fr\/location-voiture-agadir\/#breadcrumb\",\"itemListElement\":[{\"@type\":\"ListItem\",\"position\":1,\"item\":{\"@type\":\"WebPage\",\"@id\":\"https:\/\/www.irent-morocco.com\/\",\"url\":\"https:\/\/www.irent-morocco.com\/\",\"name\":\"Acceuil\"}},{\"@type\":\"ListItem\",\"position\":2,\"item\":{\"@type\":\"WebPage\",\"@id\":\"https:\/\/www.irent-morocco.com\/fr\/location-voiture-agadir\/\",\"url\":\"https:\/\/www.irent-morocco.com\/fr\/location-voiture-agadir\/\",\"name\":\"Location voiture Agadir\"}}]}]}<\/script>\n<!-- \/ Yoast SEO Premium plugin. -->","_links":{"self":[{"href":"https:\/\/www.irent-morocco.com\/fr\/wp-json\/wp\/v2\/pages\/2961","targetHints":{"allow":["GET"]}}],"collection":[{"href":"https:\/\/www.irent-morocco.com\/fr\/wp-json\/wp\/v2\/pages"}],"about":[{"href":"https:\/\/www.irent-morocco.com\/fr\/wp-json\/wp\/v2\/types\/page"}],"author":[{"embeddable":true,"href":"https:\/\/www.irent-morocco.com\/fr\/wp-json\/wp\/v2\/users\/2"}],"replies":[{"embeddable":true,"href":"https:\/\/www.irent-morocco.com\/fr\/wp-json\/wp\/v2\/comments?post=2961"}],"version-history":[{"count":0,"href":"https:\/\/www.irent-morocco.com\/fr\/wp-json\/wp\/v2\/pages\/2961\/revisions"}],"wp:attachment":[{"href":"https:\/\/www.irent-morocco.com\/fr\/wp-json\/wp\/v2\/media?parent=2961"}],"curies":[{"name":"wp","href":"https:\/\/api.w.org\/{rel}","templated":true}]}}