        {"id":31337,"date":"2026-03-27T16:36:30","date_gmt":"2026-03-27T15:36:30","guid":{"rendered":"https:\/\/www.irent-morocco.com\/?page_id=31337"},"modified":"2026-03-28T15:45:28","modified_gmt":"2026-03-28T14:45:28","slug":"suv-familial","status":"publish","type":"page","link":"https:\/\/www.irent-morocco.com\/fr\/location-voiture-fes\/prix\/suv-familial\/","title":{"rendered":"Location SUV A\u00e9roport F\u00e8s"},"content":{"rendered":"<p>[vc_row][vc_column][vc_raw_html]JTNDaGVhZGVyJTIwY2xhc3MlM0QlMjJwYWdlLWhlYWRlciUyMiUyMHJvbGUlM0QlMjJiYW5uZXIlMjIlMjBhcmlhLWxhYmVsbGVkYnklM0QlMjJwYWdlLXRpdGxlJTIyJTIwYXJpYS1kZXNjcmliZWRieSUzRCUyMnBhZ2UtaW50cm8lMjIlM0UlMEElMjAlMjAlM0NoMSUyMGlkJTNEJTIycGFnZS10aXRsZSUyMiUyMGNsYXNzJTNEJTIycHJpY2VzLXBhZ2UtdGl0bGUlMjIlM0VMb2NhdGlvbiUyMFNVViUyMCVDMyVBMCUyMGwlRTIlODAlOTlBJUMzJUE5cm9wb3J0JTIwZGUlMjBGJUMzJUE4cyUyMFNhJUMzJUFGc3MlM0MlMkZoMSUzRSUwQSUyMCUyMCUzQ3AlMjBpZCUzRCUyMnBhZ2UtaW50cm8lMjIlMjBjbGFzcyUzRCUyMmludHJvJTIyJTNFJTBBJTIwJTIwJTIwJTIwRCVDMyVBOWNvdXZyZXolMjBub3RyZSUyMGdhbW1lJTIwcG9seXZhbGVudGUlMjBkZSUyMFNVViUyMGRlJTIwbG9jYXRpb24lMjAlQzMlQTAlMjBsJUUyJTgwJTk5QSVDMyVBOXJvcG9ydCUyMGRlJTIwRiVDMyVBOHMuJTIwUXVlJTIwdm91cyUyMGF5ZXolMjBiZXNvaW4lMjBkJUUyJTgwJTk5dW4lMjBTVVYlMjBjb21wYWN0JTIwcG91ciUyMGxhJTIwY29uZHVpdGUlMjBlbiUyMHZpbGxlJTJDJTIwZCVFMiU4MCU5OXVuJTIwbW9kJUMzJUE4bGUlMjBmYW1pbGlhbCUyMHBvdXIlMjBsZXMlMjBsb25ncyUyMHRyYWpldHMlMkMlMjBvdSUyMGQlRTIlODAlOTl1biUyMFNVViUyMHByZW1pdW0lMjBwb3VyJTIwdW4lMjBjb25mb3J0JTIwbWF4aW1hbCUyQyUyMG5vdXMlMjBhdm9ucyUyMGwlRTIlODAlOTlvcHRpb24lMjBwYXJmYWl0ZSUyMHBvdXIlMjBjaGFxdWUlMjB2b3lhZ2V1ci4lMjBOb3RyZSUyMGZsb3R0ZSUyMHByb3Bvc2UlMjBkZXMlMjBTVVYlMjBtb2Rlcm5lcyUyQyUyMHNwYWNpZXV4JTIwZXQlMjAlQzMlQTljb25vbWVzJTIwZW4lMjBjYXJidXJhbnQlMjAlQzMlQTAlMjBkZXMlMjB0YXJpZnMlMjBjb21wJUMzJUE5dGl0aWZzJTJDJTIwZ2FyYW50aXNzYW50JTIwcyVDMyVBOWN1cml0JUMzJUE5JTIwZXQlMjBmaWFiaWxpdCVDMyVBOSUyMHRvdXQlMjBhdSUyMGxvbmclMjBkZSUyMHZvdHJlJTIwcyVDMyVBOWpvdXIlMjBhdSUyME1hcm9jLiUyMFIlQzMlQTlzZXJ2ZXolMjBlbiUyMGxpZ25lJTIwZCVDMyVBOHMlMjBhdWpvdXJkJUUyJTgwJTk5aHVpJTIwcG91ciUyMHVuZSUyMGxvY2F0aW9uJTIwZGUlMjBTVVYlMjBldCUyMGRlJTIwdm9pdHVyZSUyMCVDMyVBMCUyMGwlRTIlODAlOTlBJUMzJUE5cm9wb3J0JTIwZGUlMjBGJUMzJUE4cyUyMFNhJUMzJUFGc3MlMkMlMjBhdmVjJTIwZGVzJTIwcHJpeCUyMHRyYW5zcGFyZW50cyUyQyUyMGtpbG9tJUMzJUE5dHJhZ2UlMjBpbGxpbWl0JUMzJUE5JTIwZXQlMjB1biUyMHNlcnZpY2UlMjBzYW5zJTIwdHJhY2FzLiUwQSUyMCUyMCUzQyUyRnAlM0UlMEElM0MlMkZoZWFkZXIlM0UlMEElMEElM0NzZWN0aW9uJTIwYXJpYS1sYWJlbGxlZGJ5JTNEJTIyY2F0ZWdvcnktbGlzdCUyMiUzRSUwQSUyMCUyMCU1QmlyZW50X3ZlaGljbGVfZmlsdGVyX3ByaWNlcyUyMGxvY2F0aW9uJTNEJTIyMTQxODAlMjIlMjBjYXRlZ29yeSUzRCUyMlNVViUyMGNvbXBhY3RzJTJDU1VWJTIwZmFtaWxpYXV4JTIyJTVEJTBBJTNDJTJGc2VjdGlvbiUzRSUwQSUwQSUzQ3NlY3Rpb24lMjBjbGFzcyUzRCUyMm1vZGVscy1zZWN0aW9uJTIyJTIwYXJpYS1sYWJlbGxlZGJ5JTNEJTIybW9kZWxzLWhlYWRpbmclMjIlM0UlMEElMjAlMjAlM0NoMiUyMGlkJTNEJTIyZHVzdGVyLWhlYWRpbmclMjIlMjBjbGFzcyUzRCUyMm1vZGVscy10aXRsZSUyMiUzRURhY2lhJTIwRHVzdGVyJTIwb3UlMjBzaW1pbGFpcmUlM0MlMkZoMiUzRSUwQSUyMCUyMCUzQ3AlMjBjbGFzcyUzRCUyMmludHJvJTIyJTNFTGElMjBEYWNpYSUyMER1c3RlciUyMGVzdCUyMHVuJTIwU1VWJTIwcm9idXN0ZSUyMGV0JTIwcHJhdGlxdWUlMkMlMjBjb24lQzMlQTd1JTIwcG91ciUyMGxlcyUyMGNvbmR1Y3RldXJzJTIwcXVpJTIwcHJpdmlsJUMzJUE5Z2llbnQlMjBsYSUyMGZpYWJpbGl0JUMzJUE5JTIwZXQlMjBsYSUyMHBvbHl2YWxlbmNlLiUyMEF2ZWMlMjBzYSUyMHBvc2l0aW9uJTIwZGUlMjBjb25kdWl0ZSUyMHN1ciVDMyVBOWxldiVDMyVBOWUlMkMlMjBzb24lMjBoYWJpdGFjbGUlMjBzcGFjaWV1eCUyMGV0JTIwc2VzJTIwcGVyZm9ybWFuY2VzJTIwc29saWRlcyUyQyUyMGVsbGUlMjBlc3QlMjBpZCVDMyVBOWFsZSUyMHBvdXIlMjBsZXMlMjBmYW1pbGxlcyUyQyUyMGdyb3VwZXMlMjBkJUUyJTgwJTk5YW1pcyUyMG91JTIwdm95YWdldXJzJTIwdHJhbnNwb3J0YW50JTIwZGVzJTIwYmFnYWdlcyUyMHN1cHBsJUMzJUE5bWVudGFpcmVzLiUyMEZhY2lsZSUyMCVDMyVBMCUyMG1hbiVDNSU5M3V2cmVyJTIwZW4lMjB2aWxsZSUyMGV0JTIwcGVyZm9ybWFudGUlMjBzdXIlMjBsZXMlMjBsb25ncyUyMHRyYWpldHMlMkMlMjBsYSUyMER1c3RlciUyMG9mZnJlJTIwdW4lMjBleGNlbGxlbnQlMjByYXBwb3J0JTIwcXVhbGl0JUMzJUE5JUUyJTgwJTkxcHJpeC4lM0MlMkZwJTNFJTBBJTBBJTIwJTIwJTNDaDIlMjBpZCUzRCUyMmNyZXRhLWhlYWRpbmclMjIlMjBjbGFzcyUzRCUyMm1vZGVscy10aXRsZSUyMiUzRUh5dW5kYWklMjBDcmV0YSUyMG91JTIwc2ltaWxhaXJlJTNDJTJGaDIlM0UlMEElMjAlMjAlM0NwJTIwY2xhc3MlM0QlMjJpbnRybyUyMiUzRUxlJTIwSHl1bmRhaSUyMENyZXRhJTIwYXNzb2NpZSUyMHVuJTIwc3R5bGUlMjBtb2Rlcm5lJTIwJUMzJUEwJTIwdW5lJTIwdGVjaG5vbG9naWUlMjBhdmFuYyVDMyVBOWUlMkMlMjBjZSUyMHF1aSUyMGVuJTIwZmFpdCUyMGwlRTIlODAlOTl1biUyMGRlcyUyMFNVViUyMGNvbXBhY3RzJTIwbGVzJTIwcGx1cyUyMHBvcHVsYWlyZXMlMjBhdSUyME1hcm9jLiUyMFNvbiUyMGludCVDMyVBOXJpZXVyJTIwcmFmZmluJUMzJUE5JTJDJTIwc29uJTIwbW90ZXVyJTIwciVDMyVBOWFjdGlmJTIwZXQlMjBzYSUyMGNvbmR1aXRlJTIwZmx1aWRlJTIwYXNzdXJlbnQlMjB1biUyMGNvbmZvcnQlMjBvcHRpbWFsJTJDJTIwcXVlJTIwY2UlMjBzb2l0JTIwcG91ciUyMHZvcyUyMHRyYWpldHMlMjBxdW90aWRpZW5zJTIwJUMzJUEwJTIwRiVDMyVBOHMlMjBvdSUyMHBvdXIlMjBleHBsb3JlciUyMGxlJTIwcGF5cy4lMjBMZSUyMENyZXRhJTIwcyVFMiU4MCU5OWFkYXB0ZSUyMHBhcmZhaXRlbWVudCUyMCVDMyVBMCUyMGxhJTIwY2lyY3VsYXRpb24lMjB1cmJhaW5lJTIwY29tbWUlMjAlQzMlQTAlMjBsYSUyMGNvbmR1aXRlJTIwc3VyJTIwYXV0b3JvdXRlJTJDJTIwb2ZmcmFudCUyMGZpYWJpbGl0JUMzJUE5JTIwZXQlMjBlZmZpY2FjaXQlQzMlQTklMjAlQzMlQTAlMjBjaGFxdWUlMjB2b3lhZ2UuJTNDJTJGcCUzRSUwQSUwQSUyMCUyMCUzQ2gyJTIwaWQlM0QlMjJ0dWNzb24taGVhZGluZyUyMiUyMGNsYXNzJTNEJTIybW9kZWxzLXRpdGxlJTIyJTNFSHl1bmRhaSUyMFR1Y3NvbiUyMG91JTIwc2ltaWxhaXJlJTNDJTJGaDIlM0UlMEElMjAlMjAlM0NwJTIwY2xhc3MlM0QlMjJpbnRybyUyMiUzRUxlJTIwSHl1bmRhaSUyMFR1Y3NvbiUyMHNlJTIwZGlzdGluZ3VlJTIwcGFyJTIwc29uJTIwZGVzaWduJTIwZHluYW1pcXVlJTIwZXQlMjBzZXMlMjAlQzMlQTlxdWlwZW1lbnRzJTIwcHJlbWl1bS4lMjBTcGFjaWV1eCUyMG1haXMlMjBhZ2lsZSUyQyUyMGlsJTIwb2ZmcmUlMjB1bmUlMjBleHAlQzMlQTlyaWVuY2UlMjBkZSUyMGNvbmR1aXRlJTIwY29uZm9ydGFibGUlMjBhdXNzaSUyMGJpZW4lMjBhdSUyMHF1b3RpZGllbiUyMHF1ZSUyMHN1ciUyMGRlJTIwbG9uZ3VlcyUyMGRpc3RhbmNlcy4lMjBSJUMzJUE5cHV0JUMzJUE5JTIwcG91ciUyMHNvbiUyMGVmZmljYWNpdCVDMyVBOSUyMCVDMyVBOW5lcmclQzMlQTl0aXF1ZSUyQyUyMHNlcyUyMCVDMyVBOXF1aXBlbWVudHMlMjBkZSUyMHMlQzMlQTljdXJpdCVDMyVBOSUyMGF2YW5jJUMzJUE5cyUyMGV0JTIwc2ElMjBmaW5pdGlvbiUyMHNvaWduJUMzJUE5ZSUyQyUyMGxlJTIwVHVjc29uJTIwZXN0JTIwcGFyZmFpdCUyMHBvdXIlMjBsZXMlMjB2b3lhZ2V1cnMlMjByZWNoZXJjaGFudCUyMHVuJTIwJUMzJUE5cXVpbGlicmUlMjBlbnRyZSUyMHByYXRpY2l0JUMzJUE5JTIwZXQlMjBzdHlsZS4lMjBDaGFxdWUlMjB0cmFqZXQlMjBkZXZpZW50JTIwYWdyJUMzJUE5YWJsZSUyMGF2ZWMlMjBjZSUyMFNVViUyMG1vZGVybmUuJTNDJTJGcCUzRSUwQSUzQyUyRnNlY3Rpb24lM0UlMEElMEElM0NwJTIwY2xhc3MlM0QlMjJpbnRybyUyMiUzRVByb2ZpdGV6JTIwZGUlMjBub3MlMjBwcm9tb3Rpb25zJTIwZXQlMjByb3VsZXolMjBkYW5zJTIwZGVzJTIwU1VWJTIwZGUlMjBtb2lucyUyMGRlJTIwMiUyMGFucyUyQyUyMHRvdXMlMjBhdmVjJTIwa2lsb20lQzMlQTl0cmFnZSUyMGlsbGltaXQlQzMlQTkuJTIwUXVlJTIwY2UlMjBzb2l0JTIwcG91ciUyMGRlcyUyMHZhY2FuY2VzJTIwZW4lMjBmYW1pbGxlJTIwb3UlMjB1biUyMHZveWFnZSUyMGQlRTIlODAlOTlhZmZhaXJlcyUyQyUyMG5vcyUyMG1vZCVDMyVBOGxlcyUyMFNVViUyMGdhcmFudGlzc2VudCUyMGNvbmZvcnQlMkMlMjBmaWFiaWxpdCVDMyVBOSUyMGV0JTIwcHJpeCUyMGFib3JkYWJsZXMlMjAlQzMlQTAlMjBsJUUyJTgwJTk5QSVDMyVBOXJvcG9ydCUyMGRlJTIwRiVDMyVBOHMlMjBTYSVDMyVBRnNzLiUzQyUyRnAlM0UlMEElMEElM0NzZWN0aW9uJTIwY2xhc3MlM0QlMjJyZW50YWwtc3RhdGlvbnMtZ3JpZCUyMiUyMGFyaWEtbGFiZWwlM0QlMjJTdGF0aW9ucyUyMGRlJTIwbG9jYXRpb24lMjBkZSUyMHZvaXR1cmVzJTIwJUMzJUEwJTIwRiVDMyVBOHMlMjIlM0UlMEElMjAlMjAlM0NoMiUyMGNsYXNzJTNEJTIyc3RhdGlvbnMtc2VjdGlvbi10aXRsZSUyMiUzRUQlQzMlQTljb3V2cmV6JTIwbGVzJTIwc3RhdGlvbnMlMjBldCUyMGNhdCVDMyVBOWdvcmllcyUyMGRlJTIwbG9jYXRpb24lMjBkZSUyMHZvaXR1cmVzJTIwJUMzJUEwJTIwRiVDMyVBOHMlM0MlMkZoMiUzRSUwQSUyMCUyMCUzQ2RpdiUyMGNsYXNzJTNEJTIyc3RhdGlvbi1jb2x1bW5zJTIyJTNFJTBBJTBBJTIwJTIwJTIwJTIwJTNDZGl2JTIwY2xhc3MlM0QlMjJzdGF0aW9uLWNvbHVtbiUyMGZlcyUyMiUzRSUwQSUyMCUyMCUyMCUyMCUyMCUyMCUzQ2gzJTNFU3RhdGlvbnMlMjBkZSUyMGxvY2F0aW9uJTIwZGUlMjB2b2l0dXJlcyUyMCVDMyVBMCUyMEYlQzMlQThzJTNDJTJGaDMlM0UlMEElMjAlMjAlMjAlMjAlMjAlMjAlM0N1bCUzRSUwQSUyMCUyMCUyMCUyMCUyMCUyMCUyMCUyMCUzQ2xpJTNFJTNDYSUyMGhyZWYlM0QlMjJodHRwcyUzQSUyRiUyRnd3dy5pcmVudC1tb3JvY2NvLmNvbSUyRmZyJTJGbG9jYXRpb24tdm9pdHVyZS1mZXMlMkZwcml4JTJGJTIyJTNFUHJpeCUyMGxvY2F0aW9uJTIwdm9pdHVyZSUyMEYlQzMlQThzJTNDJTJGYSUzRSUzQyUyRmxpJTNFJTBBJTIwJTIwJTIwJTIwJTIwJTIwJTIwJTIwJTNDbGklM0UlM0NhJTIwaHJlZiUzRCUyMmh0dHBzJTNBJTJGJTJGd3d3LmlyZW50LW1vcm9jY28uY29tJTJGZnIlMkZsb2NhdGlvbi12b2l0dXJlLWFlcm9wb3J0LWZlcyUyRiUyMiUzRUxvY2F0aW9uJTIwZGUlMjB2b2l0dXJlJTIwQSVDMyVBOXJvcG9ydCUyMEYlQzMlQThzJTNDJTJGYSUzRSUzQyUyRmxpJTNFJTBBJTIwJTIwJTIwJTIwJTIwJTIwJTIwJTIwJTNDbGklM0UlM0NhJTIwaHJlZiUzRCUyMmh0dHBzJTNBJTJGJTJGd3d3LmlyZW50LW1vcm9jY28uY29tJTJGZnIlMkZsb2NhdGlvbi12b2l0dXJlLWZlcyUyRiUyMiUzRUxvY2F0aW9uJTIwZGUlMjB2b2l0dXJlJTIwRiVDMyVBOHMlM0MlMkZhJTNFJTNDJTJGbGklM0UlMEElMjAlMjAlMjAlMjAlMjAlMjAlM0MlMkZ1bCUzRSUwQSUyMCUyMCUyMCUyMCUzQyUyRmRpdiUzRSUwQSUwQSUyMCUyMCUyMCUyMCUzQ2RpdiUyMGNsYXNzJTNEJTIyc3RhdGlvbi1jb2x1bW4lMjBjYXRlZ29yaWVzJTIyJTNFJTBBJTIwJTIwJTIwJTIwJTIwJTIwJTNDaDMlM0VDYXQlQzMlQTlnb3JpZXMlMjBwb3B1bGFpcmVzJTIwJUMzJUEwJTIwbCVFMiU4MCU5OUElQzMlQTlyb3BvcnQlMjBkZSUyMEYlQzMlQThzJTIwU2ElQzMlQUZzcyUzQyUyRmgzJTNFJTBBJTIwJTIwJTIwJTIwJTIwJTIwJTNDdWwlM0UlMEElMjAlMjAlMjAlMjAlMjAlMjAlMjAlMjAlM0NsaSUzRSUzQ2ElMjBocmVmJTNEJTIyaHR0cHMlM0ElMkYlMkZ3d3cuaXJlbnQtbW9yb2Njby5jb20lMkZmciUyRmxvY2F0aW9uLXZvaXR1cmUtZmVzJTJGcHJpeCUyRmNpdGFkaW5lcy1jb21wYWN0ZXMlMkYlMjIlM0VMb2NhdGlvbiUyMHZvaXR1cmVzJTIwY2l0YWRpbmVzJTIwJTI2JTIwY29tcGFjdGVzJTIwQSVDMyVBOXJvcG9ydCUyMEYlQzMlQThzJTNDJTJGYSUzRSUzQyUyRmxpJTNFJTBBJTIwJTIwJTIwJTIwJTIwJTIwJTIwJTIwJTNDbGklM0UlM0NhJTIwaHJlZiUzRCUyMmh0dHBzJTNBJTJGJTJGd3d3LmlyZW50LW1vcm9jY28uY29tJTJGZnIlMkZsb2NhdGlvbi12b2l0dXJlLWZlcyUyRnByaXglMkZ2b2l0dXJlcy1mYW1pbGlhbGVzJTJGJTIyJTNFTG9jYXRpb24lMjB2b2l0dXJlcyUyMGZhbWlsaWFsZXMlMjBBJUMzJUE5cm9wb3J0JTIwRiVDMyVBOHMlM0MlMkZhJTNFJTNDJTJGbGklM0UlMEElMjAlMjAlMjAlMjAlMjAlMjAlMjAlMjAlM0NsaSUzRSUzQ2ElMjBocmVmJTNEJTIyaHR0cHMlM0ElMkYlMkZ3d3cuaXJlbnQtbW9yb2Njby5jb20lMkZmciUyRmxvY2F0aW9uLXZvaXR1cmUtZmVzJTJGcHJpeCUyRjR4NC1wcmVtaXVtJTJGJTIyJTNFTG9jYXRpb24lMjA0eDQlMjBBJUMzJUE5cm9wb3J0JTIwRiVDMyVBOHMlM0MlMkZhJTNFJTNDJTJGbGklM0UlMEElMjAlMjAlMjAlMjAlMjAlMjAlMjAlMjAlM0NsaSUzRSUzQ2ElMjBocmVmJTNEJTIyaHR0cHMlM0ElMkYlMkZ3d3cuaXJlbnQtbW9yb2Njby5jb20lMkZmciUyRmxvY2F0aW9uLXZvaXR1cmUtZmVzJTJGcHJpeCUyRnZvaXR1cmVzLWx1eGUlMkYlMjIlM0VMb2NhdGlvbiUyMHZvaXR1cmVzJTIwZGUlMjBsdXhlJTIwQSVDMyVBOXJvcG9ydCUyMEYlQzMlQThzJTIwJTNDJTJGYSUzRSUzQyUyRmxpJTNFJTBBJTIwJTIwJTIwJTIwJTIwJTIwJTNDJTJGdWwlM0UlMEElMjAlMjAlMjAlMjAlM0MlMkZkaXYlM0UlMEElMEElMjAlMjAlM0MlMkZkaXYlM0UlMEElM0MlMkZzZWN0aW9uJTNFJTBB[\/vc_raw_html][\/vc_column][\/vc_row]<\/p>\n","protected":false},"excerpt":{"rendered":"<p>[vc_row][vc_column][vc_raw_html]JTNDaGVhZGVyJTIwY2xhc3MlM0QlMjJwYWdlLWhlYWRlciUyMiUyMHJvbGUlM0QlMjJiYW5uZXIlMjIlMjBhcmlhLWxhYmVsbGVkYnklM0QlMjJwYWdlLXRpdGxlJTIyJTIwYXJpYS1kZXNjcmliZWRieSUzRCUyMnBhZ2UtaW50cm8lMjIlM0UlMEElMjAlMjAlM0NoMSUyMGlkJTNEJTIycGFnZS10aXRsZSUyMiUyMGNsYXNzJTNEJTIycHJpY2VzLXBhZ2UtdGl0bGUlMjIlM0VMb2NhdGlvbiUyMFNVViUyMCVDMyVBMCUyMGwlRTIlODAlOTlBJUMzJUE5cm9wb3J0JTIwZGUlMjBGJUMzJUE4cyUyMFNhJUMzJUFGc3MlM0MlMkZoMSUzRSUwQSUyMCUyMCUzQ3AlMjBpZCUzRCUyMnBhZ2UtaW50cm8lMjIlMjBjbGFzcyUzRCUyMmludHJvJTIyJTNFJTBBJTIwJTIwJTIwJTIwRCVDMyVBOWNvdXZyZXolMjBub3RyZSUyMGdhbW1lJTIwcG9seXZhbGVudGUlMjBkZSUyMFNVViUyMGRlJTIwbG9jYXRpb24lMjAlQzMlQTAlMjBsJUUyJTgwJTk5QSVDMyVBOXJvcG9ydCUyMGRlJTIwRiVDMyVBOHMuJTIwUXVlJTIwdm91cyUyMGF5ZXolMjBiZXNvaW4lMjBkJUUyJTgwJTk5dW4lMjBTVVYlMjBjb21wYWN0JTIwcG91ciUyMGxhJTIwY29uZHVpdGUlMjBlbiUyMHZpbGxlJTJDJTIwZCVFMiU4MCU5OXVuJTIwbW9kJUMzJUE4bGUlMjBmYW1pbGlhbCUyMHBvdXIlMjBsZXMlMjBsb25ncyUyMHRyYWpldHMlMkMlMjBvdSUyMGQlRTIlODAlOTl1biUyMFNVViUyMHByZW1pdW0lMjBwb3VyJTIwdW4lMjBjb25mb3J0JTIwbWF4aW1hbCUyQyUyMG5vdXMlMjBhdm9ucyUyMGwlRTIlODAlOTlvcHRpb24lMjBwYXJmYWl0ZSUyMHBvdXIlMjBjaGFxdWUlMjB2b3lhZ2V1ci4lMjBOb3RyZSUyMGZsb3R0ZSUyMHByb3Bvc2UlMjBkZXMlMjBTVVYlMjBtb2Rlcm5lcyUyQyUyMHNwYWNpZXV4JTIwZXQlMjAlQzMlQTljb25vbWVzJTIwZW4lMjBjYXJidXJhbnQlMjAlQzMlQTAlMjBkZXMlMjB0YXJpZnMlMjBjb21wJUMzJUE5dGl0aWZzJTJDJTIwZ2FyYW50aXNzYW50JTIwcyVDMyVBOWN1cml0JUMzJUE5JTIwZXQlMjBmaWFiaWxpdCVDMyVBOSUyMHRvdXQlMjBhdSUyMGxvbmclMjBkZSUyMHZvdHJlJTIwcyVDMyVBOWpvdXIlMjBhdSUyME1hcm9jLiUyMFIlQzMlQTlzZXJ2ZXolMjBlbiUyMGxpZ25lJTIwZCVDMyVBOHMlMjBhdWpvdXJkJUUyJTgwJTk5aHVpJTIwcG91ciUyMHVuZSUyMGxvY2F0aW9uJTIwZGUlMjBTVVYlMjBldCUyMGRlJTIwdm9pdHVyZSUyMCVDMyVBMCUyMGwlRTIlODAlOTlBJUMzJUE5cm9wb3J0JTIwZGUlMjBGJUMzJUE4cyUyMFNhJUMzJUFGc3MlMkMlMjBhdmVjJTIwZGVzJTIwcHJpeCUyMHRyYW5zcGFyZW50cyUyQyUyMGtpbG9tJUMzJUE5dHJhZ2UlMjBpbGxpbWl0JUMzJUE5JTIwZXQlMjB1biUyMHNlcnZpY2UlMjBzYW5zJTIwdHJhY2FzLiUwQSUyMCUyMCUzQyUyRnAlM0UlMEElM0MlMkZoZWFkZXIlM0UlMEElMEElM0NzZWN0aW9uJTIwYXJpYS1sYWJlbGxlZGJ5JTNEJTIyY2F0ZWdvcnktbGlzdCUyMiUzRSUwQSUyMCUyMCU1QmlyZW50X3ZlaGljbGVfZmlsdGVyX3ByaWNlcyUyMGxvY2F0aW9uJTNEJTIyMTQxODAlMjIlMjBjYXRlZ29yeSUzRCUyMlNVViUyMGNvbXBhY3RzJTJDU1VWJTIwZmFtaWxpYXV4JTIyJTVEJTBBJTNDJTJGc2VjdGlvbiUzRSUwQSUwQSUzQ3NlY3Rpb24lMjBjbGFzcyUzRCUyMm1vZGVscy1zZWN0aW9uJTIyJTIwYXJpYS1sYWJlbGxlZGJ5JTNEJTIybW9kZWxzLWhlYWRpbmclMjIlM0UlMEElMjAlMjAlM0NoMiUyMGlkJTNEJTIyZHVzdGVyLWhlYWRpbmclMjIlMjBjbGFzcyUzRCUyMm1vZGVscy10aXRsZSUyMiUzRURhY2lhJTIwRHVzdGVyJTIwb3UlMjBzaW1pbGFpcmUlM0MlMkZoMiUzRSUwQSUyMCUyMCUzQ3AlMjBjbGFzcyUzRCUyMmludHJvJTIyJTNFTGElMjBEYWNpYSUyMER1c3RlciUyMGVzdCUyMHVuJTIwU1VWJTIwcm9idXN0ZSUyMGV0JTIwcHJhdGlxdWUlMkMlMjBjb24lQzMlQTd1JTIwcG91ciUyMGxlcyUyMGNvbmR1Y3RldXJzJTIwcXVpJTIwcHJpdmlsJUMzJUE5Z2llbnQlMjBsYSUyMGZpYWJpbGl0JUMzJUE5JTIwZXQlMjBsYSUyMHBvbHl2YWxlbmNlLiUyMEF2ZWMlMjBzYSUyMHBvc2l0aW9uJTIwZGUlMjBjb25kdWl0ZSUyMHN1ciVDMyVBOWxldiVDMyVBOWUlMkMlMjBzb24lMjBoYWJpdGFjbGUlMjBzcGFjaWV1eCUyMGV0JTIwc2VzJTIwcGVyZm9ybWFuY2VzJTIwc29saWRlcyUyQyUyMGVsbGUlMjBlc3QlMjBpZCVDMyVBOWFsZSUyMHBvdXIlMjBsZXMlMjBmYW1pbGxlcyUyQyUyMGdyb3VwZXMlMjBkJUUyJTgwJTk5YW1pcyUyMG91JTIwdm95YWdldXJzJTIwdHJhbnNwb3J0YW50JTIwZGVzJTIwYmFnYWdlcyUyMHN1cHBsJUMzJUE5bWVudGFpcmVzLiUyMEZhY2lsZSUyMCVDMyVBMCUyMG1hbiVDNSU5M3V2cmVyJTIwZW4lMjB2aWxsZSUyMGV0JTIwcGVyZm9ybWFudGUlMjBzdXIlMjBsZXMlMjBsb25ncyUyMHRyYWpldHMlMkMlMjBsYSUyMER1c3RlciUyMG9mZnJlJTIwdW4lMjBleGNlbGxlbnQlMjByYXBwb3J0JTIwcXVhbGl0JUMzJUE5JUUyJTgwJTkxcHJpeC4lM0MlMkZwJTNFJTBBJTBBJTIwJTIwJTNDaDIlMjBpZCUzRCUyMmNyZXRhLWhlYWRpbmclMjIlMjBjbGFzcyUzRCUyMm1vZGVscy10aXRsZSUyMiUzRUh5dW5kYWklMjBDcmV0YSUyMG91JTIwc2ltaWxhaXJlJTNDJTJGaDIlM0UlMEElMjAlMjAlM0NwJTIwY2xhc3MlM0QlMjJpbnRybyUyMiUzRUxlJTIwSHl1bmRhaSUyMENyZXRhJTIwYXNzb2NpZSUyMHVuJTIwc3R5bGUlMjBtb2Rlcm5lJTIwJUMzJUEwJTIwdW5lJTIwdGVjaG5vbG9naWUlMjBhdmFuYyVDMyVBOWUlMkMlMjBjZSUyMHF1aSUyMGVuJTIwZmFpdCUyMGwlRTIlODAlOTl1biUyMGRlcyUyMFNVViUyMGNvbXBhY3RzJTIwbGVzJTIwcGx1cyUyMHBvcHVsYWlyZXMlMjBhdSUyME1hcm9jLiUyMFNvbiUyMGludCVDMyVBOXJpZXVyJTIwcmFmZmluJUMzJUE5JTJDJTIwc29uJTIwbW90ZXVyJTIwciVDMyVBOWFjdGlmJTIwZXQlMjBzYSUyMGNvbmR1aXRlJTIwZmx1aWRlJTIwYXNzdXJlbnQlMjB1biUyMGNvbmZvcnQlMjBvcHRpbWFsJTJDJTIwcXVlJTIwY2UlMjBzb2l0JTIwcG91ciUyMHZvcyUyMHRyYWpldHMlMjBxdW90aWRpZW5zJTIwJUMzJUEwJTIwRiVDMyVBOHMlMjBvdSUyMHBvdXIlMjBleHBsb3JlciUyMGxlJTIwcGF5cy4lMjBMZSUyMENyZXRhJTIwcyVFMiU4MCU5OWFkYXB0ZSUyMHBhcmZhaXRlbWVudCUyMCVDMyVBMCUyMGxhJTIwY2lyY3VsYXRpb24lMjB1cmJhaW5lJTIwY29tbWUlMjAlQzMlQTAlMjBsYSUyMGNvbmR1aXRlJTIwc3VyJTIwYXV0b3JvdXRlJTJDJTIwb2ZmcmFudCUyMGZpYWJpbGl0JUMzJUE5JTIwZXQlMjBlZmZpY2FjaXQlQzMlQTklMjAlQzMlQTAlMjBjaGFxdWUlMjB2b3lhZ2UuJTNDJTJGcCUzRSUwQSUwQSUyMCUyMCUzQ2gyJTIwaWQlM0QlMjJ0dWNzb24taGVhZGluZyUyMiUyMGNsYXNzJTNEJTIybW9kZWxzLXRpdGxlJTIyJTNFSHl1bmRhaSUyMFR1Y3NvbiUyMG91JTIwc2ltaWxhaXJlJTNDJTJGaDIlM0UlMEElMjAlMjAlM0NwJTIwY2xhc3MlM0QlMjJpbnRybyUyMiUzRUxlJTIwSHl1bmRhaSUyMFR1Y3NvbiUyMHNlJTIwZGlzdGluZ3VlJTIwcGFyJTIwc29uJTIwZGVzaWduJTIwZHluYW1pcXVlJTIwZXQlMjBzZXMlMjAlQzMlQTlxdWlwZW1lbnRzJTIwcHJlbWl1bS4lMjBTcGFjaWV1eCUyMG1haXMlMjBhZ2lsZSUyQyUyMGlsJTIwb2ZmcmUlMjB1bmUlMjBleHAlQzMlQTlyaWVuY2UlMjBkZSUyMGNvbmR1aXRlJTIwY29uZm9ydGFibGUlMjBhdXNzaSUyMGJpZW4lMjBhdSUyMHF1b3RpZGllbiUyMHF1ZSUyMHN1ciUyMGRlJTIwbG9uZ3VlcyUyMGRpc3RhbmNlcy4lMjBSJUMzJUE5cHV0JUMzJUE5JTIwcG91ciUyMHNvbiUyMGVmZmljYWNpdCVDMyVBOSUyMCVDMyVBOW5lcmclQzMlQTl0aXF1ZSUyQyUyMHNlcyUyMCVDMyVBOXF1aXBlbWVudHMlMjBkZSUyMHMlQzMlQTljdXJpdCVDMyVBOSUyMGF2YW5jJUMzJUE5cyUyMGV0JTIwc2ElMjBmaW5pdGlvbiUyMHNvaWduJUMzJUE5ZSUyQyUyMGxlJTIwVHVjc29uJTIwZXN0JTIwcGFyZmFpdCUyMHBvdXIlMjBsZXMlMjB2b3lhZ2V1cnMlMjByZWNoZXJjaGFudCUyMHVuJTIwJUMzJUE5cXVpbGlicmUlMjBlbnRyZSUyMHByYXRpY2l0JUMzJUE5JTIwZXQlMjBzdHlsZS4lMjBDaGFxdWUlMjB0cmFqZXQlMjBkZXZpZW50JTIwYWdyJUMzJUE5YWJsZSUyMGF2ZWMlMjBjZSUyMFNVViUyMG1vZGVybmUuJTNDJTJGcCUzRSUwQSUzQyUyRnNlY3Rpb24lM0UlMEElMEElM0NwJTIwY2xhc3MlM0QlMjJpbnRybyUyMiUzRVByb2ZpdGV6JTIwZGUlMjBub3MlMjBwcm9tb3Rpb25zJTIwZXQlMjByb3VsZXolMjBkYW5zJTIwZGVzJTIwU1VWJTIwZGUlMjBtb2lucyUyMGRlJTIwMiUyMGFucyUyQyUyMHRvdXMlMjBhdmVjJTIwa2lsb20lQzMlQTl0cmFnZSUyMGlsbGltaXQlQzMlQTkuJTIwUXVlJTIwY2UlMjBzb2l0JTIwcG91ciUyMGRlcyUyMHZhY2FuY2VzJTIwZW4lMjBmYW1pbGxlJTIwb3UlMjB1biUyMHZveWFnZSUyMGQlRTIlODAlOTlhZmZhaXJlcyUyQyUyMG5vcyUyMG1vZCVDMyVBOGxlcyUyMFNVViUyMGdhcmFudGlzc2VudCUyMGNvbmZvcnQlMkMlMjBmaWFiaWxpdCVDMyVBOSUyMGV0JTIwcHJpeCUyMGFib3JkYWJsZXMlMjAlQzMlQTAlMjBsJUUyJTgwJTk5QSVDMyVBOXJvcG9ydCUyMGRlJTIwRiVDMyVBOHMlMjBTYSVDMyVBRnNzLiUzQyUyRnAlM0UlMEElMEElM0NzZWN0aW9uJTIwY2xhc3MlM0QlMjJyZW50YWwtc3RhdGlvbnMtZ3JpZCUyMiUyMGFyaWEtbGFiZWwlM0QlMjJTdGF0aW9ucyUyMGRlJTIwbG9jYXRpb24lMjBkZSUyMHZvaXR1cmVzJTIwJUMzJUEwJTIwRiVDMyVBOHMlMjIlM0UlMEElMjAlMjAlM0NoMiUyMGNsYXNzJTNEJTIyc3RhdGlvbnMtc2VjdGlvbi10aXRsZSUyMiUzRUQlQzMlQTljb3V2cmV6JTIwbGVzJTIwc3RhdGlvbnMlMjBldCUyMGNhdCVDMyVBOWdvcmllcyUyMGRlJTIwbG9jYXRpb24lMjBkZSUyMHZvaXR1cmVzJTIwJUMzJUEwJTIwRiVDMyVBOHMlM0MlMkZoMiUzRSUwQSUyMCUyMCUzQ2RpdiUyMGNsYXNzJTNEJTIyc3RhdGlvbi1jb2x1bW5zJTIyJTNFJTBBJTBBJTIwJTIwJTIwJTIwJTNDZGl2JTIwY2xhc3MlM0QlMjJzdGF0aW9uLWNvbHVtbiUyMGZlcyUyMiUzRSUwQSUyMCUyMCUyMCUyMCUyMCUyMCUzQ2gzJTNFU3RhdGlvbnMlMjBkZSUyMGxvY2F0aW9uJTIwZGUlMjB2b2l0dXJlcyUyMCVDMyVBMCUyMEYlQzMlQThzJTNDJTJGaDMlM0UlMEElMjAlMjAlMjAlMjAlMjAlMjAlM0N1bCUzRSUwQSUyMCUyMCUyMCUyMCUyMCUyMCUyMCUyMCUzQ2xpJTNFJTNDYSUyMGhyZWYlM0QlMjJodHRwcyUzQSUyRiUyRnd3dy5pcmVudC1tb3JvY2NvLmNvbSUyRmZyJTJGbG9jYXRpb24tdm9pdHVyZS1mZXMlMkZwcml4JTJGJTIyJTNFUHJpeCUyMGxvY2F0aW9uJTIwdm9pdHVyZSUyMEYlQzMlQThzJTNDJTJGYSUzRSUzQyUyRmxpJTNFJTBBJTIwJTIwJTIwJTIwJTIwJTIwJTIwJTIwJTNDbGklM0UlM0NhJTIwaHJlZiUzRCUyMmh0dHBzJTNBJTJGJTJGd3d3LmlyZW50LW1vcm9jY28uY29tJTJGZnIlMkZsb2NhdGlvbi12b2l0dXJlLWFlcm9wb3J0LWZlcyUyRiUyMiUzRUxvY2F0aW9uJTIwZGUlMjB2b2l0dXJlJTIwQSVDMyVBOXJvcG9ydCUyMEYlQzMlQThzJTNDJTJGYSUzRSUzQyUyRmxpJTNFJTBBJTIwJTIwJTIwJTIwJTIwJTIwJTIwJTIwJTNDbGklM0UlM0NhJTIwaHJlZiUzRCUyMmh0dHBzJTNBJTJGJTJGd3d3LmlyZW50LW1vcm9jY28uY29tJTJGZnIlMkZsb2NhdGlvbi12b2l0dXJlLWZlcyUyRiUyMiUzRUxvY2F0aW9uJTIwZGUlMjB2b2l0dXJlJTIwRiVDMyVBOHMlM0MlMkZhJTNFJTNDJTJGbGklM0UlMEElMjAlMjAlMjAlMjAlMjAlMjAlM0MlMkZ1bCUzRSUwQSUyMCUyMCUyMCUyMCUzQyUyRmRpdiUzRSUwQSUwQSUyMCUyMCUyMCUyMCUzQ2RpdiUyMGNsYXNzJTNEJTIyc3RhdGlvbi1jb2x1bW4lMjBjYXRlZ29yaWVzJTIyJTNFJTBBJTIwJTIwJTIwJTIwJTIwJTIwJTNDaDMlM0VDYXQlQzMlQTlnb3JpZXMlMjBwb3B1bGFpcmVzJTIwJUMzJUEwJTIwbCVFMiU4MCU5OUElQzMlQTlyb3BvcnQlMjBkZSUyMEYlQzMlQThzJTIwU2ElQzMlQUZzcyUzQyUyRmgzJTNFJTBBJTIwJTIwJTIwJTIwJTIwJTIwJTNDdWwlM0UlMEElMjAlMjAlMjAlMjAlMjAlMjAlMjAlMjAlM0NsaSUzRSUzQ2ElMjBocmVmJTNEJTIyaHR0cHMlM0ElMkYlMkZ3d3cuaXJlbnQtbW9yb2Njby5jb20lMkZmciUyRmxvY2F0aW9uLXZvaXR1cmUtZmVzJTJGcHJpeCUyRmNpdGFkaW5lcy1jb21wYWN0ZXMlMkYlMjIlM0VMb2NhdGlvbiUyMHZvaXR1cmVzJTIwY2l0YWRpbmVzJTIwJTI2JTIwY29tcGFjdGVzJTIwQSVDMyVBOXJvcG9ydCUyMEYlQzMlQThzJTNDJTJGYSUzRSUzQyUyRmxpJTNFJTBBJTIwJTIwJTIwJTIwJTIwJTIwJTIwJTIwJTNDbGklM0UlM0NhJTIwaHJlZiUzRCUyMmh0dHBzJTNBJTJGJTJGd3d3LmlyZW50LW1vcm9jY28uY29tJTJGZnIlMkZsb2NhdGlvbi12b2l0dXJlLWZlcyUyRnByaXglMkZ2b2l0dXJlcy1mYW1pbGlhbGVzJTJGJTIyJTNFTG9jYXRpb24lMjB2b2l0dXJlcyUyMGZhbWlsaWFsZXMlMjBBJUMzJUE5cm9wb3J0JTIwRiVDMyVBOHMlM0MlMkZhJTNFJTNDJTJGbGklM0UlMEElMjAlMjAlMjAlMjAlMjAlMjAlMjAlMjAlM0NsaSUzRSUzQ2ElMjBocmVmJTNEJTIyaHR0cHMlM0ElMkYlMkZ3d3cuaXJlbnQtbW9yb2Njby5jb20lMkZmciUyRmxvY2F0aW9uLXZvaXR1cmUtZmVzJTJGcHJpeCUyRjR4NC1wcmVtaXVtJTJGJTIyJTNFTG9jYXRpb24lMjA0eDQlMjBBJUMzJUE5cm9wb3J0JTIwRiVDMyVBOHMlM0MlMkZhJTNFJTNDJTJGbGklM0UlMEElMjAlMjAlMjAlMjAlMjAlMjAlMjAlMjAlM0NsaSUzRSUzQ2ElMjBocmVmJTNEJTIyaHR0cHMlM0ElMkYlMkZ3d3cuaXJlbnQtbW9yb2Njby5jb20lMkZmciUyRmxvY2F0aW9uLXZvaXR1cmUtZmVzJTJGcHJpeCUyRnZvaXR1cmVzLWx1eGUlMkYlMjIlM0VMb2NhdGlvbiUyMHZvaXR1cmVzJTIwZGUlMjBsdXhlJTIwQSVDMyVBOXJvcG9ydCUyMEYlQzMlQThzJTIwJTNDJTJGYSUzRSUzQyUyRmxpJTNFJTBBJTIwJTIwJTIwJTIwJTIwJTIwJTNDJTJGdWwlM0UlMEElMjAlMjAlMjAlMjAlM0MlMkZkaXYlM0UlMEElMEElMjAlMjAlM0MlMkZkaXYlM0UlMEElM0MlMkZzZWN0aW9uJTNFJTBB[\/vc_raw_html][\/vc_column][\/vc_row]<\/p>\n","protected":false},"author":2,"featured_media":0,"parent":31324,"menu_order":0,"comment_status":"closed","ping_status":"closed","template":"","meta":{"footnotes":""},"class_list":["post-31337","page","type-page","status-publish","hentry"],"yoast_head":"<!-- This site is optimized with the Yoast SEO Premium plugin v15.9.1 - https:\/\/yoast.com\/wordpress\/plugins\/seo\/ -->\n<title>Location SUV A\u00e9roport F\u00e8s | iRent Morocco<\/title>\n<meta name=\"description\" content=\"Location SUV \u00e0 l\u2019A\u00e9roport de F\u00e8s. Modernes, spacieux et efficaces pour ville et longs trajets. R\u00e9servez en ligne\u202f: kilom\u00e9trage illimit\u00e9, prix transparents.\" \/>\n<link rel=\"canonical\" href=\"https:\/\/www.irent-morocco.com\/fr\/location-voiture-fes\/prix\/suv-familial\/\" \/>\n<script type=\"application\/ld+json\" class=\"yoast-schema-graph\">{\"@context\":\"https:\/\/schema.org\",\"@graph\":[{\"@type\":\"Organization\",\"@id\":\"https:\/\/www.irent-morocco.com\/fr\/#organization\",\"name\":\"irent-morocco.com\",\"url\":\"https:\/\/www.irent-morocco.com\/fr\/\",\"sameAs\":[],\"logo\":{\"@type\":\"ImageObject\",\"@id\":\"https:\/\/www.irent-morocco.com\/fr\/#logo\",\"inLanguage\":\"fr-FR\",\"url\":\"https:\/\/www.irent-morocco.com\/wp-content\/uploads\/2022\/03\/logo_irent-morocco@2x.png\",\"width\":326,\"height\":162,\"caption\":\"irent-morocco.com\"},\"image\":{\"@id\":\"https:\/\/www.irent-morocco.com\/fr\/#logo\"}},{\"@type\":\"WebSite\",\"@id\":\"https:\/\/www.irent-morocco.com\/fr\/#website\",\"url\":\"https:\/\/www.irent-morocco.com\/fr\/\",\"name\":\"iRent Morocco\",\"description\":\"\",\"publisher\":{\"@id\":\"https:\/\/www.irent-morocco.com\/fr\/#organization\"},\"potentialAction\":[{\"@type\":\"SearchAction\",\"target\":\"https:\/\/www.irent-morocco.com\/fr\/?s={search_term_string}\",\"query-input\":\"required name=search_term_string\"}],\"inLanguage\":\"fr-FR\"},{\"@type\":\"WebPage\",\"@id\":\"https:\/\/www.irent-morocco.com\/fr\/location-voiture-fes\/prix\/suv-familial\/#webpage\",\"url\":\"https:\/\/www.irent-morocco.com\/fr\/location-voiture-fes\/prix\/suv-familial\/\",\"name\":\"Location SUV A\\u00e9roport F\\u00e8s | iRent Morocco\",\"isPartOf\":{\"@id\":\"https:\/\/www.irent-morocco.com\/fr\/#website\"},\"datePublished\":\"2026-03-27T15:36:30+00:00\",\"dateModified\":\"2026-03-28T14:45:28+00:00\",\"description\":\"Location SUV \\u00e0 l\\u2019A\\u00e9roport de F\\u00e8s. Modernes, spacieux et efficaces pour ville et longs trajets. R\\u00e9servez en ligne\\u202f: kilom\\u00e9trage illimit\\u00e9, prix transparents.\",\"breadcrumb\":{\"@id\":\"https:\/\/www.irent-morocco.com\/fr\/location-voiture-fes\/prix\/suv-familial\/#breadcrumb\"},\"inLanguage\":\"fr-FR\",\"potentialAction\":[{\"@type\":\"ReadAction\",\"target\":[\"https:\/\/www.irent-morocco.com\/fr\/location-voiture-fes\/prix\/suv-familial\/\"]}]},{\"@type\":\"BreadcrumbList\",\"@id\":\"https:\/\/www.irent-morocco.com\/fr\/location-voiture-fes\/prix\/suv-familial\/#breadcrumb\",\"itemListElement\":[{\"@type\":\"ListItem\",\"position\":1,\"item\":{\"@type\":\"WebPage\",\"@id\":\"https:\/\/www.irent-morocco.com\/\",\"url\":\"https:\/\/www.irent-morocco.com\/\",\"name\":\"Acceuil\"}},{\"@type\":\"ListItem\",\"position\":2,\"item\":{\"@type\":\"WebPage\",\"@id\":\"https:\/\/www.irent-morocco.com\/fr\/location-voiture-fes\/\",\"url\":\"https:\/\/www.irent-morocco.com\/fr\/location-voiture-fes\/\",\"name\":\"Location voiture F\\u00e8s\"}},{\"@type\":\"ListItem\",\"position\":3,\"item\":{\"@type\":\"WebPage\",\"@id\":\"https:\/\/www.irent-morocco.com\/fr\/location-voiture-fes\/prix\/\",\"url\":\"https:\/\/www.irent-morocco.com\/fr\/location-voiture-fes\/prix\/\",\"name\":\"Prix de location voiture F\\u00e8s\"}},{\"@type\":\"ListItem\",\"position\":4,\"item\":{\"@type\":\"WebPage\",\"@id\":\"https:\/\/www.irent-morocco.com\/fr\/location-voiture-fes\/prix\/suv-familial\/\",\"url\":\"https:\/\/www.irent-morocco.com\/fr\/location-voiture-fes\/prix\/suv-familial\/\",\"name\":\"Location SUV A\\u00e9roport F\\u00e8s\"}}]}]}<\/script>\n<!-- \/ Yoast SEO Premium plugin. -->","_links":{"self":[{"href":"https:\/\/www.irent-morocco.com\/fr\/wp-json\/wp\/v2\/pages\/31337","targetHints":{"allow":["GET"]}}],"collection":[{"href":"https:\/\/www.irent-morocco.com\/fr\/wp-json\/wp\/v2\/pages"}],"about":[{"href":"https:\/\/www.irent-morocco.com\/fr\/wp-json\/wp\/v2\/types\/page"}],"author":[{"embeddable":true,"href":"https:\/\/www.irent-morocco.com\/fr\/wp-json\/wp\/v2\/users\/2"}],"replies":[{"embeddable":true,"href":"https:\/\/www.irent-morocco.com\/fr\/wp-json\/wp\/v2\/comments?post=31337"}],"version-history":[{"count":0,"href":"https:\/\/www.irent-morocco.com\/fr\/wp-json\/wp\/v2\/pages\/31337\/revisions"}],"up":[{"embeddable":true,"href":"https:\/\/www.irent-morocco.com\/fr\/wp-json\/wp\/v2\/pages\/31324"}],"wp:attachment":[{"href":"https:\/\/www.irent-morocco.com\/fr\/wp-json\/wp\/v2\/media?parent=31337"}],"curies":[{"name":"wp","href":"https:\/\/api.w.org\/{rel}","templated":true}]}}