        {"id":31917,"date":"2026-04-06T23:37:17","date_gmt":"2026-04-06T22:37:17","guid":{"rendered":"https:\/\/www.irent-morocco.com\/tarif_location_voiture\/suv-family\/"},"modified":"2026-04-14T09:07:33","modified_gmt":"2026-04-14T08:07:33","slug":"suv-maroc","status":"publish","type":"page","link":"https:\/\/www.irent-morocco.com\/fr\/tarif_location_voiture\/suv-maroc\/","title":{"rendered":"Location SUV Maroc"},"content":{"rendered":"<p>[vc_row][vc_column][vc_raw_html]JTNDaGVhZGVyJTIwY2xhc3MlM0QlMjJwYWdlLWhlYWRlciUyMiUyMHJvbGUlM0QlMjJiYW5uZXIlMjIlMjBhcmlhLWxhYmVsbGVkYnklM0QlMjJwYWdlLXRpdGxlLXN1diUyMiUyMGFyaWEtZGVzY3JpYmVkYnklM0QlMjJwYWdlLWludHJvLXN1diUyMiUzRSUwQSUyMCUyMCUzQ2gxJTIwaWQlM0QlMjJwYWdlLXRpdGxlLXN1diUyMiUyMGNsYXNzJTNEJTIycHJpY2VzLXBhZ2UtdGl0bGUlMjIlM0VMb2NhdGlvbiUyMFNVViUyME1hcm9jJTNDJTJGaDElM0UlMEElMjAlMjAlM0NwJTIwaWQlM0QlMjJwYWdlLWludHJvLXN1diUyMiUyMGNsYXNzJTNEJTIyaW50cm8lMjIlM0UlMEElMjAlMjAlMjAlMjBQcm9maXRleiUyMGRlJTIwbGElMjBsaWJlcnQlQzMlQTklMjBhdSUyME1hcm9jJTIwZ3IlQzMlQTJjZSUyMCVDMyVBMCUyMG5vdHJlJTIwbGFyZ2UlMjBnYW1tZSUyMGRlJTIwU1VWJTIwJUMzJUEwJTIwbG91ZXIuJTIwRGVzJTIwU1VWJTIwY29tcGFjdHMlMjBpZCVDMyVBOWFscyUyMHBvdXIlMjBjaXJjdWxlciUyMGRhbnMlMjBsZXMlMjBydWVzJTIwYW5pbSVDMyVBOWVzJTIwZGVzJTIwdmlsbGVzJTIwYXV4JTIwbW9kJUMzJUE4bGVzJTIwZmFtaWxpYXV4JTIwc3BhY2lldXglMjBldCUyMGF1eCUyMFNVViUyMHByZW1pdW0lMjBjb24lQzMlQTd1cyUyMHBvdXIlMjBsZXMlMjBsb25ncyUyMHRyYWpldHMlMkMlMjBub3RyZSUyMGZsb3R0ZSUyMHMlRTIlODAlOTlhZGFwdGUlMjAlQzMlQTAlMjB0b3VzJTIwbGVzJTIwc3R5bGVzJTIwZGUlMjB2b3lhZ2UuJTIwQ2hhcXVlJTIwdiVDMyVBOWhpY3VsZSUyMGFsbGllJTIwY29uZm9ydCUyQyUyMHMlQzMlQTljdXJpdCVDMyVBOSUyMGV0JTIwcGVyZm9ybWFuY2UlMjAlQzMlQTAlMjBkZXMlMjB0YXJpZnMlMjBjb21wJUMzJUE5dGl0aWZzLiUyME5vdXMlMjBvcCVDMyVBOXJvbnMlMjBkYW5zJTIwbGVzJTIwcHJpbmNpcGFsZXMlMjBzdGF0aW9ucyUyMGR1JTIwTWFyb2MlMkMlMjBub3RhbW1lbnQlMjBsJUUyJTgwJTk5YSVDMyVBOXJvcG9ydCUyME1vaGFtbWVkJTIwViUyMGRlJTIwQ2FzYWJsYW5jYSUyQyUyMGwlRTIlODAlOTlhJUMzJUE5cm9wb3J0JTIwTWVuYXJhJTIwZGUlMjBNYXJyYWtlY2glMkMlMjBsJUUyJTgwJTk5YSVDMyVBOXJvcG9ydCUyMEYlQzMlQThzJUUyJTgwJTkxU2ElQzMlQUZzcyUyQyUyMGwlRTIlODAlOTlhJUMzJUE5cm9wb3J0JTIwUmFiYXQlRTIlODAlOTFTYWwlQzMlQTklMjBldCUyMGwlRTIlODAlOTlhJUMzJUE5cm9wb3J0JTIwSWJuJTIwQmF0dHV0YSUyMGRlJTIwVGFuZ2VyJTJDJTIwYWluc2klMjBxdWUlMjBkYW5zJTIwbGVzJTIwY2VudHJlcyVFMiU4MCU5MXZpbGxlcy4lMjBSJUMzJUE5c2VydmV6JTIwZCVDMyVBOHMlMjBhdWpvdXJkJUUyJTgwJTk5aHVpJTIwdm90cmUlMjAlMjBsb2NhdGlvbiUyMFNVViUyMGF1JTIwTWFyb2MlMjBhdmVjJTIwaVJlbnQlMjBNb3JvY2NvJTIwJUUyJTgwJTk0JTIwdGFyaWZzJTIwdHJhbnNwYXJlbnRzJTJDJTIwa2lsb20lQzMlQTl0cmFnZSUyMGlsbGltaXQlQzMlQTklMjBldCUyMHNlcnZpY2UlMjBmaWFibGUlMjBhZGFwdCVDMyVBOSUyMCVDMyVBMCUyMHZvdHJlJTIwdm95YWdlLiUwQSUyMCUyMCUzQyUyRnAlM0UlMEElM0MlMkZoZWFkZXIlM0UlMEElMEElM0NzZWN0aW9uJTIwY2xhc3MlM0QlMjJ0YWJzJTIyJTIwYXJpYS1sYWJlbCUzRCUyMlRhcmlmcyUyMGZsb3R0ZSUyME1hcm9jJTIyJTNFJTBBJTIwJTIwJTNDZGl2JTIwcm9sZSUzRCUyMnRhYmxpc3QlMjIlMjBhcmlhLWxhYmVsJTNEJTIyRmxvdHRlJTIwcGFyJTIwdmlsbGUlMjIlM0UlMEElMjAlMjAlMjAlMjAlM0NidXR0b24lMjByb2xlJTNEJTIydGFiJTIyJTIwYXJpYS1zZWxlY3RlZCUzRCUyMnRydWUlMjIlMjBhcmlhLWNvbnRyb2xzJTNEJTIycGFuZWwtY2FzYWJsYW5jYSUyMiUyMGlkJTNEJTIydGFiLWNhc2FibGFuY2ElMjIlM0UlMEElMjAlMjAlMjAlMjAlMjAlMjBDYXNhYmxhbmNhJTIwJTI2JTIwQSVDMyVBOXJvcG9ydCUwQSUyMCUyMCUyMCUyMCUzQyUyRmJ1dHRvbiUzRSUwQSUyMCUyMCUyMCUyMCUzQ2J1dHRvbiUyMHJvbGUlM0QlMjJ0YWIlMjIlMjBhcmlhLXNlbGVjdGVkJTNEJTIyZmFsc2UlMjIlMjBhcmlhLWNvbnRyb2xzJTNEJTIycGFuZWwtbWFycmFrZWNoJTIyJTIwaWQlM0QlMjJ0YWItbWFycmFrZWNoJTIyJTNFJTBBJTIwJTIwJTIwJTIwJTIwJTIwTWFycmFrZWNoJTIwJTI2JTIwQSVDMyVBOXJvcG9ydCUwQSUyMCUyMCUyMCUyMCUzQyUyRmJ1dHRvbiUzRSUwQSUyMCUyMCUyMCUyMCUzQ2J1dHRvbiUyMHJvbGUlM0QlMjJ0YWIlMjIlMjBhcmlhLXNlbGVjdGVkJTNEJTIyZmFsc2UlMjIlMjBhcmlhLWNvbnRyb2xzJTNEJTIycGFuZWwtZmV6JTIyJTIwaWQlM0QlMjJ0YWItZmV6JTIyJTNFJTBBJTIwJTIwJTIwJTIwJTIwJTIwRiVDMyVBOHMlMjAlMjYlMjBBJUMzJUE5cm9wb3J0JTBBJTIwJTIwJTIwJTIwJTNDJTJGYnV0dG9uJTNFJTBBJTIwJTIwJTIwJTIwJTNDYnV0dG9uJTIwcm9sZSUzRCUyMnRhYiUyMiUyMGFyaWEtc2VsZWN0ZWQlM0QlMjJmYWxzZSUyMiUyMGFyaWEtY29udHJvbHMlM0QlMjJwYW5lbC1yYWJhdCUyMiUyMGlkJTNEJTIydGFiLXJhYmF0JTIyJTNFJTBBJTIwJTIwJTIwJTIwJTIwJTIwUmFiYXQlMjAlMjYlMjBBJUMzJUE5cm9wb3J0JTBBJTIwJTIwJTIwJTIwJTNDJTJGYnV0dG9uJTNFJTBBJTIwJTIwJTIwJTIwJTNDYnV0dG9uJTIwcm9sZSUzRCUyMnRhYiUyMiUyMGFyaWEtc2VsZWN0ZWQlM0QlMjJmYWxzZSUyMiUyMGFyaWEtY29udHJvbHMlM0QlMjJwYW5lbC10YW5naWVyJTIyJTIwaWQlM0QlMjJ0YWItdGFuZ2llciUyMiUzRSUwQSUyMCUyMCUyMCUyMCUyMCUyMFRhbmdlciUyMCUyNiUyMEElQzMlQTlyb3BvcnQlMEElMjAlMjAlMjAlMjAlM0MlMkZidXR0b24lM0UlMEElMjAlMjAlM0MlMkZkaXYlM0UlMEElMEElMEElMjAlMjAlM0NkaXYlMjByb2xlJTNEJTIydGFicGFuZWwlMjIlMjBpZCUzRCUyMnBhbmVsLWNhc2FibGFuY2ElMjIlMjBhcmlhLWxhYmVsbGVkYnklM0QlMjJ0YWItY2FzYWJsYW5jYSUyMiUzRSUwQSUyMCUyMCUyMCUyMCUzQ2gyJTNFTG9jYXRpb24lMjBTVVYlMjAlQzMlQTAlMjBDYXNhYmxhbmNhJTJDJTIwQSVDMyVBOXJvcG9ydCUyME1vaGFtbWVkJTIwViUzQyUyRmgyJTNFJTBBJTIwJTIwJTIwJTIwJTNDZGl2JTIwY2xhc3MlM0QlMjJncmlkJTIwZmxlZXQtbGlzdCUyMiUyMGRhdGEtc3RhdGlvbiUzRCUyMmNhc2FibGFuY2EtYWlycG9ydCUyMiUzRSUzQyUyRmRpdiUzRSUwQSUyMCUyMCUyMCUyMCUyMCUyMCUyMCUyMCU1QmlyZW50X3ZlaGljbGVfZmlsdGVyX3ByaWNlcyUyMGxvY2F0aW9uJTNEJTIyMTAyNDMlMjIlMjBjYXRlZ29yeSUzRCUyMlNVViUyMGNvbXBhY3RzJTJDU1VWJTIwZmFtaWxpYXV4JTIyJTVEJTBBJTIwJTIwJTNDJTJGZGl2JTNFJTBBJTBBJTBBJTIwJTIwJTNDZGl2JTIwcm9sZSUzRCUyMnRhYnBhbmVsJTIyJTIwaWQlM0QlMjJwYW5lbC1tYXJyYWtlY2glMjIlMjBhcmlhLWxhYmVsbGVkYnklM0QlMjJ0YWItbWFycmFrZWNoJTIyJTIwaGlkZGVuJTNFJTBBJTIwJTIwJTIwJTIwJTNDaDIlM0VMb2NhdGlvbiUyMFNVViUyMCVDMyVBMCUyME1hcnJha2VjaCUyQyUyMEElQzMlQTlyb3BvcnQlMjBNZW5hcmElM0MlMkZoMiUzRSUwQSUyMCUyMCUyMCUyMCUzQ2RpdiUyMGNsYXNzJTNEJTIyZ3JpZCUyMGZsZWV0LWxpc3QlMjIlMjBkYXRhLXN0YXRpb24lM0QlMjJtYXJyYWtlY2gtYWlycG9ydCUyMiUzRSUzQyUyRmRpdiUzRSUwQSUyMCUyMCUyMCUyMCUyMCUyMCUyMCUyMCU1QmlyZW50X3ZlaGljbGVfZmlsdGVyX3ByaWNlcyUyMGxvY2F0aW9uJTNEJTIyMTQxNjQlMjIlMjBjYXRlZ29yeSUzRCUyMlNVViUyMGNvbXBhY3RzJTJDU1VWJTIwZmFtaWxpYXV4JTIyJTVEJTBBJTIwJTIwJTNDJTJGZGl2JTNFJTBBJTBBJTBBJTIwJTIwJTNDZGl2JTIwcm9sZSUzRCUyMnRhYnBhbmVsJTIyJTIwaWQlM0QlMjJwYW5lbC1mZXolMjIlMjBhcmlhLWxhYmVsbGVkYnklM0QlMjJ0YWItZmV6JTIyJTIwaGlkZGVuJTNFJTBBJTIwJTIwJTIwJTIwJTNDaDIlM0VMb2NhdGlvbiUyMFNVViUyMCVDMyVBMCUyMEYlQzMlQThzJTJDJTIwQSVDMyVBOXJvcG9ydCUyMFNhJUMzJUFGc3MlM0MlMkZoMiUzRSUwQSUyMCUyMCUyMCUyMCUzQ2RpdiUyMGNsYXNzJTNEJTIyZ3JpZCUyMGZsZWV0LWxpc3QlMjIlMjBkYXRhLXN0YXRpb24lM0QlMjJmZXotYWlycG9ydCUyMiUzRSUzQyUyRmRpdiUzRSUwQSUyMCUyMCUyMCUyMCUyMCUyMCUyMCUyMCU1QmlyZW50X3ZlaGljbGVfZmlsdGVyX3ByaWNlcyUyMGxvY2F0aW9uJTNEJTIyMTQxODAlMjIlMjBjYXRlZ29yeSUzRCUyMlNVViUyMGNvbXBhY3RzJTJDU1VWJTIwZmFtaWxpYXV4JTIyJTVEJTBBJTIwJTIwJTNDJTJGZGl2JTNFJTBBJTBBJTBBJTBBJTIwJTIwJTNDZGl2JTIwcm9sZSUzRCUyMnRhYnBhbmVsJTIyJTIwaWQlM0QlMjJwYW5lbC1yYWJhdCUyMiUyMGFyaWEtbGFiZWxsZWRieSUzRCUyMnRhYi1yYWJhdCUyMiUyMGhpZGRlbiUzRSUwQSUyMCUyMCUyMCUyMCUzQ2gyJTNFTG9jYXRpb24lMjBTVVYlMjAlQzMlQTAlMjBSYWJhdCUyQyUyMEElQzMlQTlyb3BvcnQlMjBTYWwlQzMlQTklM0MlMkZoMiUzRSUwQSUyMCUyMCUyMCUyMCUzQ2RpdiUyMGNsYXNzJTNEJTIyZ3JpZCUyMGZsZWV0LWxpc3QlMjIlMjBkYXRhLXN0YXRpb24lM0QlMjJyYWJhdC1haXJwb3J0JTIyJTNFJTNDJTJGZGl2JTNFJTBBJTIwJTIwJTIwJTIwJTVCaXJlbnRfdmVoaWNsZV9maWx0ZXJfcHJpY2VzJTIwbG9jYXRpb24lM0QlMjIxNDE2OCUyMiUyMGNhdGVnb3J5JTNEJTIyU1VWJTIwY29tcGFjdHMlMkNTVVYlMjBmYW1pbGlhdXglMjIlNUQlMEElMjAlMjAlM0MlMkZkaXYlM0UlMEElMEElMEElMjAlMjAlM0NkaXYlMjByb2xlJTNEJTIydGFicGFuZWwlMjIlMjBpZCUzRCUyMnBhbmVsLXRhbmdpZXIlMjIlMjBhcmlhLWxhYmVsbGVkYnklM0QlMjJ0YWItdGFuZ2llciUyMiUyMGhpZGRlbiUzRSUwQSUyMCUyMCUyMCUyMCUzQ2gyJTNFTG9jYXRpb24lMjBTVVYlMjAlQzMlQTAlMjBUYW5nZXIlMkMlMjBBJUMzJUE5cm9wb3J0JTIwSWJuJTIwQmF0dHV0YSUzQyUyRmgyJTNFJTBBJTIwJTIwJTIwJTIwJTNDZGl2JTIwY2xhc3MlM0QlMjJncmlkJTIwZmxlZXQtbGlzdCUyMiUyMGRhdGEtc3RhdGlvbiUzRCUyMnRhbmdpZXItYWlycG9ydCUyMiUzRSUzQyUyRmRpdiUzRSUwQSUyMCUyMCUyMCUyMCU1QmlyZW50X3ZlaGljbGVfZmlsdGVyX3ByaWNlcyUyMGxvY2F0aW9uJTNEJTIyMTQxNzIlMjIlMjBjYXRlZ29yeSUzRCUyMlNVViUyMGNvbXBhY3RzJTJDU1VWJTIwZmFtaWxpYXV4JTIyJTVEJTBBJTIwJTIwJTNDJTJGZGl2JTNFJTBBJTBBJTNDJTJGc2VjdGlvbiUzRSUwQSUwQSUwQSUwQSUwQSUzQ3NlY3Rpb24lMjBjbGFzcyUzRCUyMnJlbnRhbC1zdGF0aW9ucy1ncmlkJTIyJTIwYXJpYS1sYWJlbCUzRCUyMlN0YXRpb25zJTIwZGUlMjBsb2NhdGlvbiUyMGF1JTIwTWFyb2MlMjIlM0UlMEElMjAlMjAlM0NoMiUyMGNsYXNzJTNEJTIyc3RhdGlvbnMtc2VjdGlvbi10aXRsZSUyMiUzRUV4cGxvcmV6JTIwbGVzJTIwc3RhdGlvbnMlMjBldCUyMGNhdCVDMyVBOWdvcmllcyUyMGRlJTIwbG9jYXRpb24lMjBkZSUyMHZvaXR1cmVzJTIwYXUlMjBNYXJvYyUzQyUyRmgyJTNFJTBBJTIwJTIwJTNDZGl2JTIwY2xhc3MlM0QlMjJzdGF0aW9uLWNvbHVtbnMlMjIlM0UlMEElMEElMjAlMjAlMjAlMjAlM0NkaXYlMjBjbGFzcyUzRCUyMnN0YXRpb24tY29sdW1uJTIwb3RoZXItc3RhdGlvbnMlMjIlM0UlMEElMjAlMjAlMjAlMjAlMjAlMjAlM0NoMyUzRUF1dHJlcyUyMHByaXglMjBkZSUyMGxvY2F0aW9uJTIwZW4lMjBhJUMzJUE5cm9wb3J0JTIwYXUlMjBNYXJvYyUzQyUyRmgzJTNFJTBBJTIwJTIwJTIwJTIwJTIwJTIwJTNDdWwlM0UlMEElMjAlMjAlMjAlMjAlMjAlMjAlMjAlMjAlM0NsaSUzRSUzQ2ElMjBocmVmJTNEJTIyJTJGZnIlMkZsb2NhdGlvbi12b2l0dXJlLW1hcnJha2VjaCUyRnByaXglMkYlMjIlM0VQcml4JTIwZGUlMjBsb2NhdGlvbiUyMGRlJTIwdm9pdHVyZSUyMCVDMyVBMCUyME1hcnJha2VjaCUzQyUyRmElM0UlM0MlMkZsaSUzRSUwQSUyMCUyMCUyMCUyMCUyMCUyMCUyMCUyMCUzQ2xpJTNFJTNDYSUyMGhyZWYlM0QlMjIlMkZmciUyRmxvY2F0aW9uLXZvaXR1cmUtY2FzYWJsYW5jYSUyRnByaXglMkYlMjIlM0VQcml4JTIwZGUlMjBsb2NhdGlvbiUyMGRlJTIwdm9pdHVyZSUyMCVDMyVBMCUyMENhc2FibGFuY2ElM0MlMkZhJTNFJTNDJTJGbGklM0UlMEElMjAlMjAlMjAlMjAlMjAlMjAlMjAlMjAlM0NsaSUzRSUzQ2ElMjBocmVmJTNEJTIyJTJGZnIlMkZsb2NhdGlvbi12b2l0dXJlLWZlcyUyRnByaXglMkYlMjIlM0VQcml4JTIwZGUlMjBsb2NhdGlvbiUyMGRlJTIwdm9pdHVyZSUyMCVDMyVBMCUyMEYlQzMlQThzJTNDJTJGYSUzRSUzQyUyRmxpJTNFJTBBJTIwJTIwJTIwJTIwJTIwJTIwJTIwJTIwJTNDbGklM0UlM0NhJTIwaHJlZiUzRCUyMiUyRmZyJTJGbG9jYXRpb24tdm9pdHVyZS1yYWJhdCUyRiUyMiUzRVByaXglMjBkZSUyMGxvY2F0aW9uJTIwZGUlMjB2b2l0dXJlJTIwJUMzJUEwJTIwUmFiYXQlM0MlMkZhJTNFJTNDJTJGbGklM0UlMEElMjAlMjAlMjAlMjAlMjAlMjAlMjAlMjAlM0NsaSUzRSUzQ2ElMjBocmVmJTNEJTIyJTJGZnIlMkZsb2NhdGlvbi12b2l0dXJlLXRhbmdlciUyRiUyMiUzRVByaXglMjBkZSUyMGxvY2F0aW9uJTIwZGUlMjB2b2l0dXJlJTIwJUMzJUEwJTIwVGFuZ2VyJTNDJTJGYSUzRSUzQyUyRmxpJTNFJTBBJTIwJTIwJTIwJTIwJTIwJTIwJTIwJTIwJTNDbGklM0UlM0NhJTIwaHJlZiUzRCUyMmh0dHBzJTNBJTJGJTJGd3d3LmlyZW50LW1vcm9jY28uY29tJTJGZnIlMkYlMjIlM0VMb2NhdGlvbiUyMGRlJTIwdm9pdHVyZSUyMGF1JTIwTWFyb2MlM0MlMkZhJTNFJTNDJTJGbGklM0UlMEElMjAlMjAlMjAlMjAlMjAlMjAlM0MlMkZ1bCUzRSUwQSUyMCUyMCUyMCUyMCUzQyUyRmRpdiUzRSUwQSUwQSUyMCUyMCUyMCUyMCUzQ2RpdiUyMGNsYXNzJTNEJTIyc3RhdGlvbi1jb2x1bW4lMjBjYXRlZ29yaWVzJTIyJTNFJTBBJTIwJTIwJTIwJTIwJTIwJTIwJTNDaDMlM0VDYXQlQzMlQTlnb3JpZXMlMjBwb3B1bGFpcmVzJTIwZGUlMjBsb2NhdGlvbiUyMGF1JTIwTWFyb2MlM0MlMkZoMyUzRSUwQSUyMCUyMCUyMCUyMCUyMCUyMCUzQ3VsJTNFJTBBJTIwJTIwJTIwJTIwJTIwJTIwJTIwJTIwJTNDbGklM0UlM0NhJTIwaHJlZiUzRCUyMiUyRmZyJTJGdGFyaWZfbG9jYXRpb25fdm9pdHVyZSUyRmNpdGFkaW5lcy1jb21wYWN0ZXMtbWFyb2MlMkYlMjIlM0VMb2NhdGlvbiUyMHZvaXR1cmVzJTIwJUMzJUE5Y29ub21pcXVlcyUyME1hcm9jJTNDJTJGYSUzRSUzQyUyRmxpJTNFJTBBJTIwJTIwJTIwJTIwJTIwJTIwJTIwJTIwJTNDbGklM0UlM0NhJTIwaHJlZiUzRCUyMiUyRmZyJTJGdGFyaWZfbG9jYXRpb25fdm9pdHVyZSUyRnN1di1tYXJvYyUyRiUyMiUzRUxvY2F0aW9uJTIwU1VWJTIwTWFyb2MlM0MlMkZhJTNFJTNDJTJGbGklM0UlMEElMjAlMjAlMjAlMjAlMjAlMjAlMjAlMjAlM0NsaSUzRSUzQ2ElMjBocmVmJTNEJTIyJTJGZnIlMkZ0YXJpZl9sb2NhdGlvbl92b2l0dXJlJTJGNHg0LW1hcm9jJTJGJTIyJTNFTG9jYXRpb24lMjA0eDQlMjBNYXJvYyUzQyUyRmElM0UlM0MlMkZsaSUzRSUwQSUyMCUyMCUyMCUyMCUyMCUyMCUyMCUyMCUzQ2xpJTNFJTNDYSUyMGhyZWYlM0QlMjIlMkZmciUyRnRhcmlmX2xvY2F0aW9uX3ZvaXR1cmUlMkZsdXhlLW1hcm9jJTJGJTIyJTNFTG9jYXRpb24lMjB2b2l0dXJlcyUyMGRlJTIwbHV4ZSUyME1hcm9jJTNDJTJGYSUzRSUzQyUyRmxpJTNFJTBBJTIwJTIwJTIwJTIwJTIwJTIwJTNDJTJGdWwlM0UlMEElMjAlMjAlMjAlMjAlM0MlMkZkaXYlM0UlMEElMEElMjAlMjAlM0MlMkZkaXYlM0UlMEElM0MlMkZzZWN0aW9uJTNFJTBB[\/vc_raw_html][\/vc_column][\/vc_row]<\/p>\n","protected":false},"excerpt":{"rendered":"<p>[vc_row][vc_column][vc_raw_html]JTNDaGVhZGVyJTIwY2xhc3MlM0QlMjJwYWdlLWhlYWRlciUyMiUyMHJvbGUlM0QlMjJiYW5uZXIlMjIlMjBhcmlhLWxhYmVsbGVkYnklM0QlMjJwYWdlLXRpdGxlLXN1diUyMiUyMGFyaWEtZGVzY3JpYmVkYnklM0QlMjJwYWdlLWludHJvLXN1diUyMiUzRSUwQSUyMCUyMCUzQ2gxJTIwaWQlM0QlMjJwYWdlLXRpdGxlLXN1diUyMiUyMGNsYXNzJTNEJTIycHJpY2VzLXBhZ2UtdGl0bGUlMjIlM0VMb2NhdGlvbiUyMFNVViUyME1hcm9jJTNDJTJGaDElM0UlMEElMjAlMjAlM0NwJTIwaWQlM0QlMjJwYWdlLWludHJvLXN1diUyMiUyMGNsYXNzJTNEJTIyaW50cm8lMjIlM0UlMEElMjAlMjAlMjAlMjBQcm9maXRleiUyMGRlJTIwbGElMjBsaWJlcnQlQzMlQTklMjBhdSUyME1hcm9jJTIwZ3IlQzMlQTJjZSUyMCVDMyVBMCUyMG5vdHJlJTIwbGFyZ2UlMjBnYW1tZSUyMGRlJTIwU1VWJTIwJUMzJUEwJTIwbG91ZXIuJTIwRGVzJTIwU1VWJTIwY29tcGFjdHMlMjBpZCVDMyVBOWFscyUyMHBvdXIlMjBjaXJjdWxlciUyMGRhbnMlMjBsZXMlMjBydWVzJTIwYW5pbSVDMyVBOWVzJTIwZGVzJTIwdmlsbGVzJTIwYXV4JTIwbW9kJUMzJUE4bGVzJTIwZmFtaWxpYXV4JTIwc3BhY2lldXglMjBldCUyMGF1eCUyMFNVViUyMHByZW1pdW0lMjBjb24lQzMlQTd1cyUyMHBvdXIlMjBsZXMlMjBsb25ncyUyMHRyYWpldHMlMkMlMjBub3RyZSUyMGZsb3R0ZSUyMHMlRTIlODAlOTlhZGFwdGUlMjAlQzMlQTAlMjB0b3VzJTIwbGVzJTIwc3R5bGVzJTIwZGUlMjB2b3lhZ2UuJTIwQ2hhcXVlJTIwdiVDMyVBOWhpY3VsZSUyMGFsbGllJTIwY29uZm9ydCUyQyUyMHMlQzMlQTljdXJpdCVDMyVBOSUyMGV0JTIwcGVyZm9ybWFuY2UlMjAlQzMlQTAlMjBkZXMlMjB0YXJpZnMlMjBjb21wJUMzJUE5dGl0aWZzLiUyME5vdXMlMjBvcCVDMyVBOXJvbnMlMjBkYW5zJTIwbGVzJTIwcHJpbmNpcGFsZXMlMjBzdGF0aW9ucyUyMGR1JTIwTWFyb2MlMkMlMjBub3RhbW1lbnQlMjBsJUUyJTgwJTk5YSVDMyVBOXJvcG9ydCUyME1vaGFtbWVkJTIwViUyMGRlJTIwQ2FzYWJsYW5jYSUyQyUyMGwlRTIlODAlOTlhJUMzJUE5cm9wb3J0JTIwTWVuYXJhJTIwZGUlMjBNYXJyYWtlY2glMkMlMjBsJUUyJTgwJTk5YSVDMyVBOXJvcG9ydCUyMEYlQzMlQThzJUUyJTgwJTkxU2ElQzMlQUZzcyUyQyUyMGwlRTIlODAlOTlhJUMzJUE5cm9wb3J0JTIwUmFiYXQlRTIlODAlOTFTYWwlQzMlQTklMjBldCUyMGwlRTIlODAlOTlhJUMzJUE5cm9wb3J0JTIwSWJuJTIwQmF0dHV0YSUyMGRlJTIwVGFuZ2VyJTJDJTIwYWluc2klMjBxdWUlMjBkYW5zJTIwbGVzJTIwY2VudHJlcyVFMiU4MCU5MXZpbGxlcy4lMjBSJUMzJUE5c2VydmV6JTIwZCVDMyVBOHMlMjBhdWpvdXJkJUUyJTgwJTk5aHVpJTIwdm90cmUlMjAlMjBsb2NhdGlvbiUyMFNVViUyMGF1JTIwTWFyb2MlMjBhdmVjJTIwaVJlbnQlMjBNb3JvY2NvJTIwJUUyJTgwJTk0JTIwdGFyaWZzJTIwdHJhbnNwYXJlbnRzJTJDJTIwa2lsb20lQzMlQTl0cmFnZSUyMGlsbGltaXQlQzMlQTklMjBldCUyMHNlcnZpY2UlMjBmaWFibGUlMjBhZGFwdCVDMyVBOSUyMCVDMyVBMCUyMHZvdHJlJTIwdm95YWdlLiUwQSUyMCUyMCUzQyUyRnAlM0UlMEElM0MlMkZoZWFkZXIlM0UlMEElMEElM0NzZWN0aW9uJTIwY2xhc3MlM0QlMjJ0YWJzJTIyJTIwYXJpYS1sYWJlbCUzRCUyMlRhcmlmcyUyMGZsb3R0ZSUyME1hcm9jJTIyJTNFJTBBJTIwJTIwJTNDZGl2JTIwcm9sZSUzRCUyMnRhYmxpc3QlMjIlMjBhcmlhLWxhYmVsJTNEJTIyRmxvdHRlJTIwcGFyJTIwdmlsbGUlMjIlM0UlMEElMjAlMjAlMjAlMjAlM0NidXR0b24lMjByb2xlJTNEJTIydGFiJTIyJTIwYXJpYS1zZWxlY3RlZCUzRCUyMnRydWUlMjIlMjBhcmlhLWNvbnRyb2xzJTNEJTIycGFuZWwtY2FzYWJsYW5jYSUyMiUyMGlkJTNEJTIydGFiLWNhc2FibGFuY2ElMjIlM0UlMEElMjAlMjAlMjAlMjAlMjAlMjBDYXNhYmxhbmNhJTIwJTI2JTIwQSVDMyVBOXJvcG9ydCUwQSUyMCUyMCUyMCUyMCUzQyUyRmJ1dHRvbiUzRSUwQSUyMCUyMCUyMCUyMCUzQ2J1dHRvbiUyMHJvbGUlM0QlMjJ0YWIlMjIlMjBhcmlhLXNlbGVjdGVkJTNEJTIyZmFsc2UlMjIlMjBhcmlhLWNvbnRyb2xzJTNEJTIycGFuZWwtbWFycmFrZWNoJTIyJTIwaWQlM0QlMjJ0YWItbWFycmFrZWNoJTIyJTNFJTBBJTIwJTIwJTIwJTIwJTIwJTIwTWFycmFrZWNoJTIwJTI2JTIwQSVDMyVBOXJvcG9ydCUwQSUyMCUyMCUyMCUyMCUzQyUyRmJ1dHRvbiUzRSUwQSUyMCUyMCUyMCUyMCUzQ2J1dHRvbiUyMHJvbGUlM0QlMjJ0YWIlMjIlMjBhcmlhLXNlbGVjdGVkJTNEJTIyZmFsc2UlMjIlMjBhcmlhLWNvbnRyb2xzJTNEJTIycGFuZWwtZmV6JTIyJTIwaWQlM0QlMjJ0YWItZmV6JTIyJTNFJTBBJTIwJTIwJTIwJTIwJTIwJTIwRiVDMyVBOHMlMjAlMjYlMjBBJUMzJUE5cm9wb3J0JTBBJTIwJTIwJTIwJTIwJTNDJTJGYnV0dG9uJTNFJTBBJTIwJTIwJTIwJTIwJTNDYnV0dG9uJTIwcm9sZSUzRCUyMnRhYiUyMiUyMGFyaWEtc2VsZWN0ZWQlM0QlMjJmYWxzZSUyMiUyMGFyaWEtY29udHJvbHMlM0QlMjJwYW5lbC1yYWJhdCUyMiUyMGlkJTNEJTIydGFiLXJhYmF0JTIyJTNFJTBBJTIwJTIwJTIwJTIwJTIwJTIwUmFiYXQlMjAlMjYlMjBBJUMzJUE5cm9wb3J0JTBBJTIwJTIwJTIwJTIwJTNDJTJGYnV0dG9uJTNFJTBBJTIwJTIwJTIwJTIwJTNDYnV0dG9uJTIwcm9sZSUzRCUyMnRhYiUyMiUyMGFyaWEtc2VsZWN0ZWQlM0QlMjJmYWxzZSUyMiUyMGFyaWEtY29udHJvbHMlM0QlMjJwYW5lbC10YW5naWVyJTIyJTIwaWQlM0QlMjJ0YWItdGFuZ2llciUyMiUzRSUwQSUyMCUyMCUyMCUyMCUyMCUyMFRhbmdlciUyMCUyNiUyMEElQzMlQTlyb3BvcnQlMEElMjAlMjAlMjAlMjAlM0MlMkZidXR0b24lM0UlMEElMjAlMjAlM0MlMkZkaXYlM0UlMEElMEElMEElMjAlMjAlM0NkaXYlMjByb2xlJTNEJTIydGFicGFuZWwlMjIlMjBpZCUzRCUyMnBhbmVsLWNhc2FibGFuY2ElMjIlMjBhcmlhLWxhYmVsbGVkYnklM0QlMjJ0YWItY2FzYWJsYW5jYSUyMiUzRSUwQSUyMCUyMCUyMCUyMCUzQ2gyJTNFTG9jYXRpb24lMjBTVVYlMjAlQzMlQTAlMjBDYXNhYmxhbmNhJTJDJTIwQSVDMyVBOXJvcG9ydCUyME1vaGFtbWVkJTIwViUzQyUyRmgyJTNFJTBBJTIwJTIwJTIwJTIwJTNDZGl2JTIwY2xhc3MlM0QlMjJncmlkJTIwZmxlZXQtbGlzdCUyMiUyMGRhdGEtc3RhdGlvbiUzRCUyMmNhc2FibGFuY2EtYWlycG9ydCUyMiUzRSUzQyUyRmRpdiUzRSUwQSUyMCUyMCUyMCUyMCUyMCUyMCUyMCUyMCU1QmlyZW50X3ZlaGljbGVfZmlsdGVyX3ByaWNlcyUyMGxvY2F0aW9uJTNEJTIyMTAyNDMlMjIlMjBjYXRlZ29yeSUzRCUyMlNVViUyMGNvbXBhY3RzJTJDU1VWJTIwZmFtaWxpYXV4JTIyJTVEJTBBJTIwJTIwJTNDJTJGZGl2JTNFJTBBJTBBJTBBJTIwJTIwJTNDZGl2JTIwcm9sZSUzRCUyMnRhYnBhbmVsJTIyJTIwaWQlM0QlMjJwYW5lbC1tYXJyYWtlY2glMjIlMjBhcmlhLWxhYmVsbGVkYnklM0QlMjJ0YWItbWFycmFrZWNoJTIyJTIwaGlkZGVuJTNFJTBBJTIwJTIwJTIwJTIwJTNDaDIlM0VMb2NhdGlvbiUyMFNVViUyMCVDMyVBMCUyME1hcnJha2VjaCUyQyUyMEElQzMlQTlyb3BvcnQlMjBNZW5hcmElM0MlMkZoMiUzRSUwQSUyMCUyMCUyMCUyMCUzQ2RpdiUyMGNsYXNzJTNEJTIyZ3JpZCUyMGZsZWV0LWxpc3QlMjIlMjBkYXRhLXN0YXRpb24lM0QlMjJtYXJyYWtlY2gtYWlycG9ydCUyMiUzRSUzQyUyRmRpdiUzRSUwQSUyMCUyMCUyMCUyMCUyMCUyMCUyMCUyMCU1QmlyZW50X3ZlaGljbGVfZmlsdGVyX3ByaWNlcyUyMGxvY2F0aW9uJTNEJTIyMTQxNjQlMjIlMjBjYXRlZ29yeSUzRCUyMlNVViUyMGNvbXBhY3RzJTJDU1VWJTIwZmFtaWxpYXV4JTIyJTVEJTBBJTIwJTIwJTNDJTJGZGl2JTNFJTBBJTBBJTBBJTIwJTIwJTNDZGl2JTIwcm9sZSUzRCUyMnRhYnBhbmVsJTIyJTIwaWQlM0QlMjJwYW5lbC1mZXolMjIlMjBhcmlhLWxhYmVsbGVkYnklM0QlMjJ0YWItZmV6JTIyJTIwaGlkZGVuJTNFJTBBJTIwJTIwJTIwJTIwJTNDaDIlM0VMb2NhdGlvbiUyMFNVViUyMCVDMyVBMCUyMEYlQzMlQThzJTJDJTIwQSVDMyVBOXJvcG9ydCUyMFNhJUMzJUFGc3MlM0MlMkZoMiUzRSUwQSUyMCUyMCUyMCUyMCUzQ2RpdiUyMGNsYXNzJTNEJTIyZ3JpZCUyMGZsZWV0LWxpc3QlMjIlMjBkYXRhLXN0YXRpb24lM0QlMjJmZXotYWlycG9ydCUyMiUzRSUzQyUyRmRpdiUzRSUwQSUyMCUyMCUyMCUyMCUyMCUyMCUyMCUyMCU1QmlyZW50X3ZlaGljbGVfZmlsdGVyX3ByaWNlcyUyMGxvY2F0aW9uJTNEJTIyMTQxODAlMjIlMjBjYXRlZ29yeSUzRCUyMlNVViUyMGNvbXBhY3RzJTJDU1VWJTIwZmFtaWxpYXV4JTIyJTVEJTBBJTIwJTIwJTNDJTJGZGl2JTNFJTBBJTBBJTBBJTBBJTIwJTIwJTNDZGl2JTIwcm9sZSUzRCUyMnRhYnBhbmVsJTIyJTIwaWQlM0QlMjJwYW5lbC1yYWJhdCUyMiUyMGFyaWEtbGFiZWxsZWRieSUzRCUyMnRhYi1yYWJhdCUyMiUyMGhpZGRlbiUzRSUwQSUyMCUyMCUyMCUyMCUzQ2gyJTNFTG9jYXRpb24lMjBTVVYlMjAlQzMlQTAlMjBSYWJhdCUyQyUyMEElQzMlQTlyb3BvcnQlMjBTYWwlQzMlQTklM0MlMkZoMiUzRSUwQSUyMCUyMCUyMCUyMCUzQ2RpdiUyMGNsYXNzJTNEJTIyZ3JpZCUyMGZsZWV0LWxpc3QlMjIlMjBkYXRhLXN0YXRpb24lM0QlMjJyYWJhdC1haXJwb3J0JTIyJTNFJTNDJTJGZGl2JTNFJTBBJTIwJTIwJTIwJTIwJTVCaXJlbnRfdmVoaWNsZV9maWx0ZXJfcHJpY2VzJTIwbG9jYXRpb24lM0QlMjIxNDE2OCUyMiUyMGNhdGVnb3J5JTNEJTIyU1VWJTIwY29tcGFjdHMlMkNTVVYlMjBmYW1pbGlhdXglMjIlNUQlMEElMjAlMjAlM0MlMkZkaXYlM0UlMEElMEElMEElMjAlMjAlM0NkaXYlMjByb2xlJTNEJTIydGFicGFuZWwlMjIlMjBpZCUzRCUyMnBhbmVsLXRhbmdpZXIlMjIlMjBhcmlhLWxhYmVsbGVkYnklM0QlMjJ0YWItdGFuZ2llciUyMiUyMGhpZGRlbiUzRSUwQSUyMCUyMCUyMCUyMCUzQ2gyJTNFTG9jYXRpb24lMjBTVVYlMjAlQzMlQTAlMjBUYW5nZXIlMkMlMjBBJUMzJUE5cm9wb3J0JTIwSWJuJTIwQmF0dHV0YSUzQyUyRmgyJTNFJTBBJTIwJTIwJTIwJTIwJTNDZGl2JTIwY2xhc3MlM0QlMjJncmlkJTIwZmxlZXQtbGlzdCUyMiUyMGRhdGEtc3RhdGlvbiUzRCUyMnRhbmdpZXItYWlycG9ydCUyMiUzRSUzQyUyRmRpdiUzRSUwQSUyMCUyMCUyMCUyMCU1QmlyZW50X3ZlaGljbGVfZmlsdGVyX3ByaWNlcyUyMGxvY2F0aW9uJTNEJTIyMTQxNzIlMjIlMjBjYXRlZ29yeSUzRCUyMlNVViUyMGNvbXBhY3RzJTJDU1VWJTIwZmFtaWxpYXV4JTIyJTVEJTBBJTIwJTIwJTNDJTJGZGl2JTNFJTBBJTBBJTNDJTJGc2VjdGlvbiUzRSUwQSUwQSUwQSUwQSUwQSUzQ3NlY3Rpb24lMjBjbGFzcyUzRCUyMnJlbnRhbC1zdGF0aW9ucy1ncmlkJTIyJTIwYXJpYS1sYWJlbCUzRCUyMlN0YXRpb25zJTIwZGUlMjBsb2NhdGlvbiUyMGF1JTIwTWFyb2MlMjIlM0UlMEElMjAlMjAlM0NoMiUyMGNsYXNzJTNEJTIyc3RhdGlvbnMtc2VjdGlvbi10aXRsZSUyMiUzRUV4cGxvcmV6JTIwbGVzJTIwc3RhdGlvbnMlMjBldCUyMGNhdCVDMyVBOWdvcmllcyUyMGRlJTIwbG9jYXRpb24lMjBkZSUyMHZvaXR1cmVzJTIwYXUlMjBNYXJvYyUzQyUyRmgyJTNFJTBBJTIwJTIwJTNDZGl2JTIwY2xhc3MlM0QlMjJzdGF0aW9uLWNvbHVtbnMlMjIlM0UlMEElMEElMjAlMjAlMjAlMjAlM0NkaXYlMjBjbGFzcyUzRCUyMnN0YXRpb24tY29sdW1uJTIwb3RoZXItc3RhdGlvbnMlMjIlM0UlMEElMjAlMjAlMjAlMjAlMjAlMjAlM0NoMyUzRUF1dHJlcyUyMHByaXglMjBkZSUyMGxvY2F0aW9uJTIwZW4lMjBhJUMzJUE5cm9wb3J0JTIwYXUlMjBNYXJvYyUzQyUyRmgzJTNFJTBBJTIwJTIwJTIwJTIwJTIwJTIwJTNDdWwlM0UlMEElMjAlMjAlMjAlMjAlMjAlMjAlMjAlMjAlM0NsaSUzRSUzQ2ElMjBocmVmJTNEJTIyJTJGZnIlMkZsb2NhdGlvbi12b2l0dXJlLW1hcnJha2VjaCUyRnByaXglMkYlMjIlM0VQcml4JTIwZGUlMjBsb2NhdGlvbiUyMGRlJTIwdm9pdHVyZSUyMCVDMyVBMCUyME1hcnJha2VjaCUzQyUyRmElM0UlM0MlMkZsaSUzRSUwQSUyMCUyMCUyMCUyMCUyMCUyMCUyMCUyMCUzQ2xpJTNFJTNDYSUyMGhyZWYlM0QlMjIlMkZmciUyRmxvY2F0aW9uLXZvaXR1cmUtY2FzYWJsYW5jYSUyRnByaXglMkYlMjIlM0VQcml4JTIwZGUlMjBsb2NhdGlvbiUyMGRlJTIwdm9pdHVyZSUyMCVDMyVBMCUyMENhc2FibGFuY2ElM0MlMkZhJTNFJTNDJTJGbGklM0UlMEElMjAlMjAlMjAlMjAlMjAlMjAlMjAlMjAlM0NsaSUzRSUzQ2ElMjBocmVmJTNEJTIyJTJGZnIlMkZsb2NhdGlvbi12b2l0dXJlLWZlcyUyRnByaXglMkYlMjIlM0VQcml4JTIwZGUlMjBsb2NhdGlvbiUyMGRlJTIwdm9pdHVyZSUyMCVDMyVBMCUyMEYlQzMlQThzJTNDJTJGYSUzRSUzQyUyRmxpJTNFJTBBJTIwJTIwJTIwJTIwJTIwJTIwJTIwJTIwJTNDbGklM0UlM0NhJTIwaHJlZiUzRCUyMiUyRmZyJTJGbG9jYXRpb24tdm9pdHVyZS1yYWJhdCUyRiUyMiUzRVByaXglMjBkZSUyMGxvY2F0aW9uJTIwZGUlMjB2b2l0dXJlJTIwJUMzJUEwJTIwUmFiYXQlM0MlMkZhJTNFJTNDJTJGbGklM0UlMEElMjAlMjAlMjAlMjAlMjAlMjAlMjAlMjAlM0NsaSUzRSUzQ2ElMjBocmVmJTNEJTIyJTJGZnIlMkZsb2NhdGlvbi12b2l0dXJlLXRhbmdlciUyRiUyMiUzRVByaXglMjBkZSUyMGxvY2F0aW9uJTIwZGUlMjB2b2l0dXJlJTIwJUMzJUEwJTIwVGFuZ2VyJTNDJTJGYSUzRSUzQyUyRmxpJTNFJTBBJTIwJTIwJTIwJTIwJTIwJTIwJTIwJTIwJTNDbGklM0UlM0NhJTIwaHJlZiUzRCUyMmh0dHBzJTNBJTJGJTJGd3d3LmlyZW50LW1vcm9jY28uY29tJTJGZnIlMkYlMjIlM0VMb2NhdGlvbiUyMGRlJTIwdm9pdHVyZSUyMGF1JTIwTWFyb2MlM0MlMkZhJTNFJTNDJTJGbGklM0UlMEElMjAlMjAlMjAlMjAlMjAlMjAlM0MlMkZ1bCUzRSUwQSUyMCUyMCUyMCUyMCUzQyUyRmRpdiUzRSUwQSUwQSUyMCUyMCUyMCUyMCUzQ2RpdiUyMGNsYXNzJTNEJTIyc3RhdGlvbi1jb2x1bW4lMjBjYXRlZ29yaWVzJTIyJTNFJTBBJTIwJTIwJTIwJTIwJTIwJTIwJTNDaDMlM0VDYXQlQzMlQTlnb3JpZXMlMjBwb3B1bGFpcmVzJTIwZGUlMjBsb2NhdGlvbiUyMGF1JTIwTWFyb2MlM0MlMkZoMyUzRSUwQSUyMCUyMCUyMCUyMCUyMCUyMCUzQ3VsJTNFJTBBJTIwJTIwJTIwJTIwJTIwJTIwJTIwJTIwJTNDbGklM0UlM0NhJTIwaHJlZiUzRCUyMiUyRmZyJTJGdGFyaWZfbG9jYXRpb25fdm9pdHVyZSUyRmNpdGFkaW5lcy1jb21wYWN0ZXMtbWFyb2MlMkYlMjIlM0VMb2NhdGlvbiUyMHZvaXR1cmVzJTIwJUMzJUE5Y29ub21pcXVlcyUyME1hcm9jJTNDJTJGYSUzRSUzQyUyRmxpJTNFJTBBJTIwJTIwJTIwJTIwJTIwJTIwJTIwJTIwJTNDbGklM0UlM0NhJTIwaHJlZiUzRCUyMiUyRmZyJTJGdGFyaWZfbG9jYXRpb25fdm9pdHVyZSUyRnN1di1tYXJvYyUyRiUyMiUzRUxvY2F0aW9uJTIwU1VWJTIwTWFyb2MlM0MlMkZhJTNFJTNDJTJGbGklM0UlMEElMjAlMjAlMjAlMjAlMjAlMjAlMjAlMjAlM0NsaSUzRSUzQ2ElMjBocmVmJTNEJTIyJTJGZnIlMkZ0YXJpZl9sb2NhdGlvbl92b2l0dXJlJTJGNHg0LW1hcm9jJTJGJTIyJTNFTG9jYXRpb24lMjA0eDQlMjBNYXJvYyUzQyUyRmElM0UlM0MlMkZsaSUzRSUwQSUyMCUyMCUyMCUyMCUyMCUyMCUyMCUyMCUzQ2xpJTNFJTNDYSUyMGhyZWYlM0QlMjIlMkZmciUyRnRhcmlmX2xvY2F0aW9uX3ZvaXR1cmUlMkZsdXhlLW1hcm9jJTJGJTIyJTNFTG9jYXRpb24lMjB2b2l0dXJlcyUyMGRlJTIwbHV4ZSUyME1hcm9jJTNDJTJGYSUzRSUzQyUyRmxpJTNFJTBBJTIwJTIwJTIwJTIwJTIwJTIwJTNDJTJGdWwlM0UlMEElMjAlMjAlMjAlMjAlM0MlMkZkaXYlM0UlMEElMEElMjAlMjAlM0MlMkZkaXYlM0UlMEElM0MlMkZzZWN0aW9uJTNFJTBB[\/vc_raw_html][\/vc_column][\/vc_row]<\/p>\n","protected":false},"author":2,"featured_media":0,"parent":2257,"menu_order":0,"comment_status":"closed","ping_status":"closed","template":"","meta":{"footnotes":""},"class_list":["post-31917","page","type-page","status-publish","hentry"],"yoast_head":"<!-- This site is optimized with the Yoast SEO Premium plugin v15.9.1 - https:\/\/yoast.com\/wordpress\/plugins\/seo\/ -->\n<title>Location de SUV au Maroc | iRent morocco<\/title>\n<meta name=\"description\" content=\"Location de SUV au Maroc avec iRent. Des SUV modernes, spacieux et performants pour la ville et les longs trajets. R\u00e9servez en ligne : kilom\u00e9trage illimit\u00e9, prix transparents.\" \/>\n<link rel=\"canonical\" href=\"https:\/\/www.irent-morocco.com\/fr\/tarif_location_voiture\/suv-maroc\/\" \/>\n<script type=\"application\/ld+json\" class=\"yoast-schema-graph\">{\"@context\":\"https:\/\/schema.org\",\"@graph\":[{\"@type\":\"Organization\",\"@id\":\"https:\/\/www.irent-morocco.com\/fr\/#organization\",\"name\":\"irent-morocco.com\",\"url\":\"https:\/\/www.irent-morocco.com\/fr\/\",\"sameAs\":[],\"logo\":{\"@type\":\"ImageObject\",\"@id\":\"https:\/\/www.irent-morocco.com\/fr\/#logo\",\"inLanguage\":\"fr-FR\",\"url\":\"https:\/\/www.irent-morocco.com\/wp-content\/uploads\/2022\/03\/logo_irent-morocco@2x.png\",\"width\":326,\"height\":162,\"caption\":\"irent-morocco.com\"},\"image\":{\"@id\":\"https:\/\/www.irent-morocco.com\/fr\/#logo\"}},{\"@type\":\"WebSite\",\"@id\":\"https:\/\/www.irent-morocco.com\/fr\/#website\",\"url\":\"https:\/\/www.irent-morocco.com\/fr\/\",\"name\":\"iRent Morocco\",\"description\":\"\",\"publisher\":{\"@id\":\"https:\/\/www.irent-morocco.com\/fr\/#organization\"},\"potentialAction\":[{\"@type\":\"SearchAction\",\"target\":\"https:\/\/www.irent-morocco.com\/fr\/?s={search_term_string}\",\"query-input\":\"required name=search_term_string\"}],\"inLanguage\":\"fr-FR\"},{\"@type\":\"WebPage\",\"@id\":\"https:\/\/www.irent-morocco.com\/fr\/tarif_location_voiture\/suv-maroc\/#webpage\",\"url\":\"https:\/\/www.irent-morocco.com\/fr\/tarif_location_voiture\/suv-maroc\/\",\"name\":\"Location de SUV au Maroc | iRent morocco\",\"isPartOf\":{\"@id\":\"https:\/\/www.irent-morocco.com\/fr\/#website\"},\"datePublished\":\"2026-04-06T22:37:17+00:00\",\"dateModified\":\"2026-04-14T08:07:33+00:00\",\"description\":\"Location de SUV au Maroc avec iRent. Des SUV modernes, spacieux et performants pour la ville et les longs trajets. R\\u00e9servez en ligne : kilom\\u00e9trage illimit\\u00e9, prix transparents.\",\"breadcrumb\":{\"@id\":\"https:\/\/www.irent-morocco.com\/fr\/tarif_location_voiture\/suv-maroc\/#breadcrumb\"},\"inLanguage\":\"fr-FR\",\"potentialAction\":[{\"@type\":\"ReadAction\",\"target\":[\"https:\/\/www.irent-morocco.com\/fr\/tarif_location_voiture\/suv-maroc\/\"]}]},{\"@type\":\"BreadcrumbList\",\"@id\":\"https:\/\/www.irent-morocco.com\/fr\/tarif_location_voiture\/suv-maroc\/#breadcrumb\",\"itemListElement\":[{\"@type\":\"ListItem\",\"position\":1,\"item\":{\"@type\":\"WebPage\",\"@id\":\"https:\/\/www.irent-morocco.com\/fr\/\",\"url\":\"https:\/\/www.irent-morocco.com\/fr\/\",\"name\":\"Acceuil\"}},{\"@type\":\"ListItem\",\"position\":2,\"item\":{\"@type\":\"WebPage\",\"@id\":\"https:\/\/www.irent-morocco.com\/fr\/tarif_location_voiture\/\",\"url\":\"https:\/\/www.irent-morocco.com\/fr\/tarif_location_voiture\/\",\"name\":\"Prix de location de voiture Maroc\"}},{\"@type\":\"ListItem\",\"position\":3,\"item\":{\"@type\":\"WebPage\",\"@id\":\"https:\/\/www.irent-morocco.com\/fr\/tarif_location_voiture\/suv-maroc\/\",\"url\":\"https:\/\/www.irent-morocco.com\/fr\/tarif_location_voiture\/suv-maroc\/\",\"name\":\"Location SUV Maroc\"}}]}]}<\/script>\n<!-- \/ Yoast SEO Premium plugin. -->","_links":{"self":[{"href":"https:\/\/www.irent-morocco.com\/fr\/wp-json\/wp\/v2\/pages\/31917","targetHints":{"allow":["GET"]}}],"collection":[{"href":"https:\/\/www.irent-morocco.com\/fr\/wp-json\/wp\/v2\/pages"}],"about":[{"href":"https:\/\/www.irent-morocco.com\/fr\/wp-json\/wp\/v2\/types\/page"}],"author":[{"embeddable":true,"href":"https:\/\/www.irent-morocco.com\/fr\/wp-json\/wp\/v2\/users\/2"}],"replies":[{"embeddable":true,"href":"https:\/\/www.irent-morocco.com\/fr\/wp-json\/wp\/v2\/comments?post=31917"}],"version-history":[{"count":0,"href":"https:\/\/www.irent-morocco.com\/fr\/wp-json\/wp\/v2\/pages\/31917\/revisions"}],"up":[{"embeddable":true,"href":"https:\/\/www.irent-morocco.com\/fr\/wp-json\/wp\/v2\/pages\/2257"}],"wp:attachment":[{"href":"https:\/\/www.irent-morocco.com\/fr\/wp-json\/wp\/v2\/media?parent=31917"}],"curies":[{"name":"wp","href":"https:\/\/api.w.org\/{rel}","templated":true}]}}