        {"id":31930,"date":"2026-04-06T22:46:52","date_gmt":"2026-04-06T21:46:52","guid":{"rendered":"https:\/\/www.irent-morocco.com\/tarif_location_voiture\/economy-compact\/"},"modified":"2026-04-14T09:54:39","modified_gmt":"2026-04-14T08:54:39","slug":"citadines-compactes-maroc","status":"publish","type":"page","link":"https:\/\/www.irent-morocco.com\/fr\/tarif_location_voiture\/citadines-compactes-maroc\/","title":{"rendered":"Location voiture citadine au Maroc"},"content":{"rendered":"<p>[vc_row][vc_column][vc_raw_html]JTNDaGVhZGVyJTIwY2xhc3MlM0QlMjJwYWdlLWhlYWRlciUyMiUyMHJvbGUlM0QlMjJiYW5uZXIlMjIlMjBhcmlhLWxhYmVsbGVkYnklM0QlMjJwYWdlLXRpdGxlJTIyJTIwYXJpYS1kZXNjcmliZWRieSUzRCUyMnBhZ2UtaW50cm8lMjIlM0UlMEElMjAlMjAlM0NoMSUyMGlkJTNEJTIycGFnZS10aXRsZSUyMiUyMGNsYXNzJTNEJTIycHJpY2VzLXBhZ2UtdGl0bGUlMjIlM0VMb2NhdGlvbiUyMHZvaXR1cmUlMjAlQzMlQTljb25vbWlxdWUlMjAlMjYlMjBjb21wYWN0ZSUyME1hcm9jJTNDJTJGaDElM0UlMEElMjAlMjAlM0NwJTIwY2xhc3MlM0QlMjJpbnRybyUyMiUyMGlkJTNEJTIycGFnZS1pbnRybyUyMiUzRSUwQSUyMCUyMCUyMCUyMEQlQzMlQTljb3V2cmV6JTIwbm90cmUlMjBnYW1tZSUyMGNvbWJpbiVDMyVBOWUlMjBkZSUyMHZvaXR1cmUlMjBkZSUyMGxvY2F0aW9uJTIwJUMzJUE5Y29ub21pcXVlJTIwZXQlMjBjb21wYWN0ZSUyMCVDMyVBMCUyMHRyYXZlcnMlMjBsZSUyME1hcm9jLiUyMFF1ZSUyMHZvdXMlMjBheWV6JTIwYmVzb2luJTIwZCVFMiU4MCU5OXVuZSUyMGNpdGFkaW5lJTIwYWJvcmRhYmxlJTIwcG91ciUyMGRlJTIwY291cnRzJTIwdHJhamV0cyUyMG91JTIwZCVFMiU4MCU5OXVuJTIwbW9kJUMzJUE4bGUlMjBjb21wYWN0JTIwc3BhY2lldXglMjBwb3VyJTIwZGVzJTIwdm95YWdlcyUyMHBsdXMlMjBsb25ncyUyQyUyMG5vdXMlMjBhdm9ucyUyMGwlRTIlODAlOTlvcHRpb24lMjBpZCVDMyVBOWFsZSUyMHBvdXIlMjBjaGFxdWUlMjB2b3lhZ2V1ci4lMjBOb3RyZSUyMGZsb3R0ZSUyMHByb3Bvc2UlMjBkZXMlMjB2JUMzJUE5aGljdWxlcyUyMG1vZGVybmVzJTIwZXQlMjAlQzMlQTljb25vbWVzJTIwZW4lMjBjYXJidXJhbnQlMjAlQzMlQTAlMjBkZXMlMjB0YXJpZnMlMjBjb21wJUMzJUE5dGl0aWZzJTJDJTIwZ2FyYW50aXNzYW50JTIwY29uZm9ydCUyMGV0JTIwZmlhYmlsaXQlQzMlQTklMjB0b3V0JTIwYXUlMjBsb25nJTIwZGUlMjB2b3RyZSUyMHMlQzMlQTlqb3VyLiUyME5vdXMlMjBjb3V2cm9ucyUyMGxlcyUyMHByaW5jaXBhbGVzJTIwc3RhdGlvbnMlMjBkdSUyME1hcm9jJTJDJTIwbm90YW1tZW50JTIwbCVFMiU4MCU5OWElQzMlQTlyb3BvcnQlMjBNb2hhbW1lZCUyMFYlMjBkZSUyMENhc2FibGFuY2ElMkMlMjBsJUUyJTgwJTk5YSVDMyVBOXJvcG9ydCUyME1lbmFyYSUyMGRlJTIwTWFycmFrZWNoJTJDJTIwbCVFMiU4MCU5OWElQzMlQTlyb3BvcnQlMjBGJUMzJUE4cyVFMiU4MCU5MVNhJUMzJUFGc3MlMkMlMjBhaW5zaSUyMHF1ZSUyMGxlcyUyMGNlbnRyZXMlRTIlODAlOTF2aWxsZXMlMjBkZSUyMGNoYXF1ZSUyMGRlc3RpbmF0aW9uLiUyMFIlQzMlQTlzZXJ2ZXolMjBlbiUyMGxpZ25lJTIwZCVDMyVBOHMlMjBhdWpvdXJkJUUyJTgwJTk5aHVpJTIwcG91ciUyMHVuZSUyMGxvY2F0aW9uJTIwZGUlMjB2b2l0dXJlJTIwcGFzJTIwY2glQzMlQThyZSUyMGF1JTIwTWFyb2MlMkMlMjBhdmVjJTIwZGVzJTIwdGFyaWZzJTIwdHJhbnNwYXJlbnRzJTJDJTIwa2lsb20lQzMlQTl0cmFnZSUyMGlsbGltaXQlQzMlQTklMjBldCUyMHVuJTIwc2VydmljZSUyMHNhbnMlMjB0cmFjYXMuJTBBJTIwJTIwJTNDJTJGcCUzRSUwQSUzQyUyRmhlYWRlciUzRSUwQSUwQSUzQ3NlY3Rpb24lMjBjbGFzcyUzRCUyMnRhYnMlMjIlMjBhcmlhLWxhYmVsJTNEJTIyVGFyaWZzJTIwZmxvdHRlJTIwTWFyb2MlMjIlM0UlMEElMjAlMjAlM0NkaXYlMjByb2xlJTNEJTIydGFibGlzdCUyMiUyMGFyaWEtbGFiZWwlM0QlMjJGbG90dGUlMjBwYXIlMjB2aWxsZSUyMiUzRSUwQSUyMCUyMCUyMCUyMCUzQ2J1dHRvbiUyMHJvbGUlM0QlMjJ0YWIlMjIlMjBhcmlhLXNlbGVjdGVkJTNEJTIydHJ1ZSUyMiUyMGFyaWEtY29udHJvbHMlM0QlMjJwYW5lbC1jYXNhYmxhbmNhJTIyJTIwaWQlM0QlMjJ0YWItY2FzYWJsYW5jYSUyMiUzRSUwQSUyMCUyMCUyMCUyMCUyMCUyMENhc2FibGFuY2ElMjAlMjYlMjBBJUMzJUE5cm9wb3J0JTBBJTIwJTIwJTIwJTIwJTNDJTJGYnV0dG9uJTNFJTBBJTIwJTIwJTIwJTIwJTNDYnV0dG9uJTIwcm9sZSUzRCUyMnRhYiUyMiUyMGFyaWEtc2VsZWN0ZWQlM0QlMjJmYWxzZSUyMiUyMGFyaWEtY29udHJvbHMlM0QlMjJwYW5lbC1tYXJyYWtlY2glMjIlMjBpZCUzRCUyMnRhYi1tYXJyYWtlY2glMjIlM0UlMEElMjAlMjAlMjAlMjAlMjAlMjBNYXJyYWtlY2glMjAlMjYlMjBBJUMzJUE5cm9wb3J0JTBBJTIwJTIwJTIwJTIwJTNDJTJGYnV0dG9uJTNFJTBBJTIwJTIwJTIwJTIwJTNDYnV0dG9uJTIwcm9sZSUzRCUyMnRhYiUyMiUyMGFyaWEtc2VsZWN0ZWQlM0QlMjJmYWxzZSUyMiUyMGFyaWEtY29udHJvbHMlM0QlMjJwYW5lbC1mZXolMjIlMjBpZCUzRCUyMnRhYi1mZXolMjIlM0UlMEElMjAlMjAlMjAlMjAlMjAlMjBGJUMzJUE4cyUyMCUyNiUyMEElQzMlQTlyb3BvcnQlMEElMjAlMjAlMjAlMjAlM0MlMkZidXR0b24lM0UlMEElMjAlMjAlM0MlMkZkaXYlM0UlMEElMEElMEElMjAlMjAlM0NkaXYlMjByb2xlJTNEJTIydGFicGFuZWwlMjIlMjBpZCUzRCUyMnBhbmVsLWNhc2FibGFuY2ElMjIlMjBhcmlhLWxhYmVsbGVkYnklM0QlMjJ0YWItY2FzYWJsYW5jYSUyMiUzRSUwQSUyMCUyMCUyMCUyMCUzQ2gyJTNFTG9jYXRpb24lMjB2b2l0dXJlJTIwJUMzJUE5Y29ub21pcXVlJTIwJTI2JTIwY29tcGFjdGUlMjBDYXNhYmxhbmNhJTJDJTIwQSVDMyVBOXJvcG9ydCUyME1vaGFtbWVkJTIwViUzQyUyRmgyJTNFJTBBJTIwJTIwJTIwJTIwJTNDZGl2JTIwY2xhc3MlM0QlMjJncmlkJTIwZmxlZXQtbGlzdCUyMiUyMGRhdGEtc3RhdGlvbiUzRCUyMmNhc2FibGFuY2EtYWlycG9ydCUyMiUzRSUzQyUyRmRpdiUzRSUwQSUwQSUyMCUyMCUyMCUyMCUzQ2gzJTIwaWQlM0QlMjJlY29ub215LWhlYWRpbmclMjIlMjBjbGFzcyUzRCUyMmNhdGVnb3J5LXRpdGxlJTIyJTNFVm9pdHVyZXMlMjAlQzMlQTljb25vbWlxdWVzJTNDJTJGaDMlM0UlMEElMjAlMjAlMjAlMjAlNUJpcmVudF92ZWhpY2xlX2ZpbHRlcl9wcmljZXMlMjBsb2NhdGlvbiUzRCUyMjEwMjQzJTIyJTIwY2F0ZWdvcnklM0QlMjJWb2l0dXJlcyUyMGNpdGFkaW5lcyUyMiU1RCUwQSUwQSUyMCUyMCUyMCUyMCUzQ2gzJTIwaWQlM0QlMjJjb21wYWN0LWhlYWRpbmclMjIlMjBjbGFzcyUzRCUyMmNhdGVnb3J5LXRpdGxlJTIyJTNFVm9pdHVyZXMlMjBjb21wYWN0ZXMlM0MlMkZoMyUzRSUwQSUyMCUyMCUyMCUyMCU1QmlyZW50X3ZlaGljbGVfZmlsdGVyX3ByaWNlcyUyMGxvY2F0aW9uJTNEJTIyMTAyNDMlMjIlMjBjYXRlZ29yeSUzRCUyMlZvaXR1cmVzJTIwY29tcGFjdGVzJTJDQmVybGluZXMlMjIlNUQlMEElMjAlMjAlM0MlMkZkaXYlM0UlMEElMEElMEElMjAlMjAlM0NkaXYlMjByb2xlJTNEJTIydGFicGFuZWwlMjIlMjBpZCUzRCUyMnBhbmVsLW1hcnJha2VjaCUyMiUyMGFyaWEtbGFiZWxsZWRieSUzRCUyMnRhYi1tYXJyYWtlY2glMjIlMjBoaWRkZW4lM0UlMEElMjAlMjAlMjAlMjAlM0NoMiUzRUxvY2F0aW9uJTIwdm9pdHVyZSUyMCVDMyVBOWNvbm9taXF1ZSUyMCUyNiUyMGNvbXBhY3RlJTIwTWFycmFrZWNoJTJDJTIwQSVDMyVBOXJvcG9ydCUyME1lbmFyYSUzQyUyRmgyJTNFJTBBJTIwJTIwJTIwJTIwJTNDZGl2JTIwY2xhc3MlM0QlMjJncmlkJTIwZmxlZXQtbGlzdCUyMiUyMGRhdGEtc3RhdGlvbiUzRCUyMm1hcnJha2VjaC1haXJwb3J0JTIyJTNFJTNDJTJGZGl2JTNFJTBBJTIwJTIwJTIwJTIwJTVCaXJlbnRfdmVoaWNsZV9maWx0ZXJfcHJpY2VzJTIwbG9jYXRpb24lM0QlMjIxNDE2NCUyMiUyMGNhdGVnb3J5JTNEJTIyVm9pdHVyZXMlMjBjaXRhZGluZXMlMkNWb2l0dXJlcyUyMGNvbXBhY3RlcyUyQ0JlcmxpbmVzJTIyJTVEJTBBJTIwJTIwJTNDJTJGZGl2JTNFJTBBJTBBJTBBJTIwJTIwJTNDZGl2JTIwcm9sZSUzRCUyMnRhYnBhbmVsJTIyJTIwaWQlM0QlMjJwYW5lbC1mZXolMjIlMjBhcmlhLWxhYmVsbGVkYnklM0QlMjJ0YWItZmV6JTIyJTIwaGlkZGVuJTNFJTBBJTIwJTIwJTIwJTIwJTNDaDIlM0VMb2NhdGlvbiUyMHZvaXR1cmUlMjAlQzMlQTljb25vbWlxdWUlMjAlMjYlMjBjb21wYWN0ZSUyMEYlQzMlQThzJTJDJTIwQSVDMyVBOXJvcG9ydCUyMFNhJUMzJUFGc3MlM0MlMkZoMiUzRSUwQSUyMCUyMCUyMCUyMCUzQ2RpdiUyMGNsYXNzJTNEJTIyZ3JpZCUyMGZsZWV0LWxpc3QlMjIlMjBkYXRhLXN0YXRpb24lM0QlMjJmZXotYWlycG9ydCUyMiUzRSUzQyUyRmRpdiUzRSUwQSUyMCUyMCU1QmlyZW50X3ZlaGljbGVfZmlsdGVyX3ByaWNlcyUyMGxvY2F0aW9uJTNEJTIyMTQxODAlMjIlMjBjYXRlZ29yeSUzRCUyMlZvaXR1cmVzJTIwY2l0YWRpbmVzJTJDJTIwVm9pdHVyZXMlMjBjb21wYWN0ZXMlMkMlMjBCZXJsaW5lcyUyMiU1RCUwQSUyMCUyMCUzQyUyRmRpdiUzRSUwQSUzQyUyRnNlY3Rpb24lM0UlMEElMEElMEElMEElM0NzZWN0aW9uJTIwY2xhc3MlM0QlMjJyZW50YWwtc3RhdGlvbnMtZ3JpZCUyMiUyMGFyaWEtbGFiZWwlM0QlMjJTdGF0aW9ucyUyMGRlJTIwbG9jYXRpb24lMjBhdSUyME1hcm9jJTIyJTNFJTBBJTIwJTIwJTNDaDIlMjBjbGFzcyUzRCUyMnN0YXRpb25zLXNlY3Rpb24tdGl0bGUlMjIlM0VFeHBsb3JleiUyMGxlcyUyMHN0YXRpb25zJTIwZXQlMjBjYXQlQzMlQTlnb3JpZXMlMjBkZSUyMGxvY2F0aW9uJTIwZGUlMjB2b2l0dXJlcyUyMGF1JTIwTWFyb2MlM0MlMkZoMiUzRSUwQSUyMCUyMCUzQ2RpdiUyMGNsYXNzJTNEJTIyc3RhdGlvbi1jb2x1bW5zJTIyJTNFJTBBJTBBJTIwJTIwJTIwJTIwJTNDZGl2JTIwY2xhc3MlM0QlMjJzdGF0aW9uLWNvbHVtbiUyMG90aGVyLXN0YXRpb25zJTIyJTNFJTBBJTIwJTIwJTIwJTIwJTIwJTIwJTNDaDMlM0VBdXRyZXMlMjBwcml4JTIwZGUlMjBsb2NhdGlvbiUyMGVuJTIwYSVDMyVBOXJvcG9ydCUyMGF1JTIwTWFyb2MlM0MlMkZoMyUzRSUwQSUyMCUyMCUyMCUyMCUyMCUyMCUzQ3VsJTNFJTBBJTIwJTIwJTIwJTIwJTIwJTIwJTIwJTIwJTNDbGklM0UlM0NhJTIwaHJlZiUzRCUyMiUyRmZyJTJGbG9jYXRpb24tdm9pdHVyZS1tYXJyYWtlY2glMkZwcml4JTJGJTIyJTNFUHJpeCUyMGRlJTIwbG9jYXRpb24lMjBkZSUyMHZvaXR1cmUlMjAlQzMlQTAlMjBNYXJyYWtlY2glM0MlMkZhJTNFJTNDJTJGbGklM0UlMEElMjAlMjAlMjAlMjAlMjAlMjAlMjAlMjAlM0NsaSUzRSUzQ2ElMjBocmVmJTNEJTIyJTJGZnIlMkZsb2NhdGlvbi12b2l0dXJlLWNhc2FibGFuY2ElMkZwcml4JTJGJTIyJTNFUHJpeCUyMGRlJTIwbG9jYXRpb24lMjBkZSUyMHZvaXR1cmUlMjAlQzMlQTAlMjBDYXNhYmxhbmNhJTNDJTJGYSUzRSUzQyUyRmxpJTNFJTBBJTIwJTIwJTIwJTIwJTIwJTIwJTIwJTIwJTNDbGklM0UlM0NhJTIwaHJlZiUzRCUyMiUyRmZyJTJGbG9jYXRpb24tdm9pdHVyZS1mZXMlMkZwcml4JTJGJTIyJTNFUHJpeCUyMGRlJTIwbG9jYXRpb24lMjBkZSUyMHZvaXR1cmUlMjAlQzMlQTAlMjBGJUMzJUE4cyUzQyUyRmElM0UlM0MlMkZsaSUzRSUwQSUyMCUyMCUyMCUyMCUyMCUyMCUyMCUyMCUzQ2xpJTNFJTNDYSUyMGhyZWYlM0QlMjIlMkZmciUyRmxvY2F0aW9uLXZvaXR1cmUtcmFiYXQlMkYlMjIlM0VQcml4JTIwZGUlMjBsb2NhdGlvbiUyMGRlJTIwdm9pdHVyZSUyMCVDMyVBMCUyMFJhYmF0JTNDJTJGYSUzRSUzQyUyRmxpJTNFJTBBJTIwJTIwJTIwJTIwJTIwJTIwJTIwJTIwJTNDbGklM0UlM0NhJTIwaHJlZiUzRCUyMiUyRmZyJTJGbG9jYXRpb24tdm9pdHVyZS10YW5nZXIlMkYlMjIlM0VQcml4JTIwZGUlMjBsb2NhdGlvbiUyMGRlJTIwdm9pdHVyZSUyMCVDMyVBMCUyMFRhbmdlciUzQyUyRmElM0UlM0MlMkZsaSUzRSUwQSUyMCUyMCUyMCUyMCUyMCUyMCUyMCUyMCUzQ2xpJTNFJTNDYSUyMGhyZWYlM0QlMjJodHRwcyUzQSUyRiUyRnd3dy5pcmVudC1tb3JvY2NvLmNvbSUyRmZyJTJGJTIyJTNFTG9jYXRpb24lMjBkZSUyMHZvaXR1cmUlMjBhdSUyME1hcm9jJTNDJTJGYSUzRSUzQyUyRmxpJTNFJTBBJTIwJTIwJTIwJTIwJTIwJTIwJTNDJTJGdWwlM0UlMEElMjAlMjAlMjAlMjAlM0MlMkZkaXYlM0UlMEElMEElMjAlMjAlMjAlMjAlM0NkaXYlMjBjbGFzcyUzRCUyMnN0YXRpb24tY29sdW1uJTIwY2F0ZWdvcmllcyUyMiUzRSUwQSUyMCUyMCUyMCUyMCUyMCUyMCUzQ2gzJTNFQ2F0JUMzJUE5Z29yaWVzJTIwcG9wdWxhaXJlcyUyMGRlJTIwbG9jYXRpb24lMjBhdSUyME1hcm9jJTNDJTJGaDMlM0UlMEElMjAlMjAlMjAlMjAlMjAlMjAlM0N1bCUzRSUwQSUyMCUyMCUyMCUyMCUyMCUyMCUyMCUyMCUzQ2xpJTNFJTNDYSUyMGhyZWYlM0QlMjIlMkZmciUyRnRhcmlmX2xvY2F0aW9uX3ZvaXR1cmUlMkZjaXRhZGluZXMtY29tcGFjdGVzLW1hcm9jJTJGJTIyJTNFTG9jYXRpb24lMjB2b2l0dXJlcyUyMCVDMyVBOWNvbm9taXF1ZXMlMjBNYXJvYyUzQyUyRmElM0UlM0MlMkZsaSUzRSUwQSUyMCUyMCUyMCUyMCUyMCUyMCUyMCUyMCUzQ2xpJTNFJTNDYSUyMGhyZWYlM0QlMjIlMkZmciUyRnRhcmlmX2xvY2F0aW9uX3ZvaXR1cmUlMkZzdXYtbWFyb2MlMkYlMjIlM0VMb2NhdGlvbiUyMFNVViUyME1hcm9jJTNDJTJGYSUzRSUzQyUyRmxpJTNFJTBBJTIwJTIwJTIwJTIwJTIwJTIwJTIwJTIwJTNDbGklM0UlM0NhJTIwaHJlZiUzRCUyMiUyRmZyJTJGdGFyaWZfbG9jYXRpb25fdm9pdHVyZSUyRjR4NC1tYXJvYyUyRiUyMiUzRUxvY2F0aW9uJTIwNHg0JTIwTWFyb2MlM0MlMkZhJTNFJTNDJTJGbGklM0UlMEElMjAlMjAlMjAlMjAlMjAlMjAlMjAlMjAlM0NsaSUzRSUzQ2ElMjBocmVmJTNEJTIyJTJGZnIlMkZ0YXJpZl9sb2NhdGlvbl92b2l0dXJlJTJGbHV4ZS1tYXJvYyUyRiUyMiUzRUxvY2F0aW9uJTIwdm9pdHVyZXMlMjBkZSUyMGx1eGUlMjBNYXJvYyUzQyUyRmElM0UlM0MlMkZsaSUzRSUwQSUyMCUyMCUyMCUyMCUyMCUyMCUzQyUyRnVsJTNFJTBBJTIwJTIwJTIwJTIwJTNDJTJGZGl2JTNFJTBBJTBBJTIwJTIwJTNDJTJGZGl2JTNFJTBBJTNDJTJGc2VjdGlvbiUzRSUwQQ==[\/vc_raw_html][\/vc_column][\/vc_row]<\/p>\n","protected":false},"excerpt":{"rendered":"<p>[vc_row][vc_column][vc_raw_html]JTNDaGVhZGVyJTIwY2xhc3MlM0QlMjJwYWdlLWhlYWRlciUyMiUyMHJvbGUlM0QlMjJiYW5uZXIlMjIlMjBhcmlhLWxhYmVsbGVkYnklM0QlMjJwYWdlLXRpdGxlJTIyJTIwYXJpYS1kZXNjcmliZWRieSUzRCUyMnBhZ2UtaW50cm8lMjIlM0UlMEElMjAlMjAlM0NoMSUyMGlkJTNEJTIycGFnZS10aXRsZSUyMiUyMGNsYXNzJTNEJTIycHJpY2VzLXBhZ2UtdGl0bGUlMjIlM0VMb2NhdGlvbiUyMHZvaXR1cmUlMjAlQzMlQTljb25vbWlxdWUlMjAlMjYlMjBjb21wYWN0ZSUyME1hcm9jJTNDJTJGaDElM0UlMEElMjAlMjAlM0NwJTIwY2xhc3MlM0QlMjJpbnRybyUyMiUyMGlkJTNEJTIycGFnZS1pbnRybyUyMiUzRSUwQSUyMCUyMCUyMCUyMEQlQzMlQTljb3V2cmV6JTIwbm90cmUlMjBnYW1tZSUyMGNvbWJpbiVDMyVBOWUlMjBkZSUyMHZvaXR1cmUlMjBkZSUyMGxvY2F0aW9uJTIwJUMzJUE5Y29ub21pcXVlJTIwZXQlMjBjb21wYWN0ZSUyMCVDMyVBMCUyMHRyYXZlcnMlMjBsZSUyME1hcm9jLiUyMFF1ZSUyMHZvdXMlMjBheWV6JTIwYmVzb2luJTIwZCVFMiU4MCU5OXVuZSUyMGNpdGFkaW5lJTIwYWJvcmRhYmxlJTIwcG91ciUyMGRlJTIwY291cnRzJTIwdHJhamV0cyUyMG91JTIwZCVFMiU4MCU5OXVuJTIwbW9kJUMzJUE4bGUlMjBjb21wYWN0JTIwc3BhY2lldXglMjBwb3VyJTIwZGVzJTIwdm95YWdlcyUyMHBsdXMlMjBsb25ncyUyQyUyMG5vdXMlMjBhdm9ucyUyMGwlRTIlODAlOTlvcHRpb24lMjBpZCVDMyVBOWFsZSUyMHBvdXIlMjBjaGFxdWUlMjB2b3lhZ2V1ci4lMjBOb3RyZSUyMGZsb3R0ZSUyMHByb3Bvc2UlMjBkZXMlMjB2JUMzJUE5aGljdWxlcyUyMG1vZGVybmVzJTIwZXQlMjAlQzMlQTljb25vbWVzJTIwZW4lMjBjYXJidXJhbnQlMjAlQzMlQTAlMjBkZXMlMjB0YXJpZnMlMjBjb21wJUMzJUE5dGl0aWZzJTJDJTIwZ2FyYW50aXNzYW50JTIwY29uZm9ydCUyMGV0JTIwZmlhYmlsaXQlQzMlQTklMjB0b3V0JTIwYXUlMjBsb25nJTIwZGUlMjB2b3RyZSUyMHMlQzMlQTlqb3VyLiUyME5vdXMlMjBjb3V2cm9ucyUyMGxlcyUyMHByaW5jaXBhbGVzJTIwc3RhdGlvbnMlMjBkdSUyME1hcm9jJTJDJTIwbm90YW1tZW50JTIwbCVFMiU4MCU5OWElQzMlQTlyb3BvcnQlMjBNb2hhbW1lZCUyMFYlMjBkZSUyMENhc2FibGFuY2ElMkMlMjBsJUUyJTgwJTk5YSVDMyVBOXJvcG9ydCUyME1lbmFyYSUyMGRlJTIwTWFycmFrZWNoJTJDJTIwbCVFMiU4MCU5OWElQzMlQTlyb3BvcnQlMjBGJUMzJUE4cyVFMiU4MCU5MVNhJUMzJUFGc3MlMkMlMjBhaW5zaSUyMHF1ZSUyMGxlcyUyMGNlbnRyZXMlRTIlODAlOTF2aWxsZXMlMjBkZSUyMGNoYXF1ZSUyMGRlc3RpbmF0aW9uLiUyMFIlQzMlQTlzZXJ2ZXolMjBlbiUyMGxpZ25lJTIwZCVDMyVBOHMlMjBhdWpvdXJkJUUyJTgwJTk5aHVpJTIwcG91ciUyMHVuZSUyMGxvY2F0aW9uJTIwZGUlMjB2b2l0dXJlJTIwcGFzJTIwY2glQzMlQThyZSUyMGF1JTIwTWFyb2MlMkMlMjBhdmVjJTIwZGVzJTIwdGFyaWZzJTIwdHJhbnNwYXJlbnRzJTJDJTIwa2lsb20lQzMlQTl0cmFnZSUyMGlsbGltaXQlQzMlQTklMjBldCUyMHVuJTIwc2VydmljZSUyMHNhbnMlMjB0cmFjYXMuJTBBJTIwJTIwJTNDJTJGcCUzRSUwQSUzQyUyRmhlYWRlciUzRSUwQSUwQSUzQ3NlY3Rpb24lMjBjbGFzcyUzRCUyMnRhYnMlMjIlMjBhcmlhLWxhYmVsJTNEJTIyVGFyaWZzJTIwZmxvdHRlJTIwTWFyb2MlMjIlM0UlMEElMjAlMjAlM0NkaXYlMjByb2xlJTNEJTIydGFibGlzdCUyMiUyMGFyaWEtbGFiZWwlM0QlMjJGbG90dGUlMjBwYXIlMjB2aWxsZSUyMiUzRSUwQSUyMCUyMCUyMCUyMCUzQ2J1dHRvbiUyMHJvbGUlM0QlMjJ0YWIlMjIlMjBhcmlhLXNlbGVjdGVkJTNEJTIydHJ1ZSUyMiUyMGFyaWEtY29udHJvbHMlM0QlMjJwYW5lbC1jYXNhYmxhbmNhJTIyJTIwaWQlM0QlMjJ0YWItY2FzYWJsYW5jYSUyMiUzRSUwQSUyMCUyMCUyMCUyMCUyMCUyMENhc2FibGFuY2ElMjAlMjYlMjBBJUMzJUE5cm9wb3J0JTBBJTIwJTIwJTIwJTIwJTNDJTJGYnV0dG9uJTNFJTBBJTIwJTIwJTIwJTIwJTNDYnV0dG9uJTIwcm9sZSUzRCUyMnRhYiUyMiUyMGFyaWEtc2VsZWN0ZWQlM0QlMjJmYWxzZSUyMiUyMGFyaWEtY29udHJvbHMlM0QlMjJwYW5lbC1tYXJyYWtlY2glMjIlMjBpZCUzRCUyMnRhYi1tYXJyYWtlY2glMjIlM0UlMEElMjAlMjAlMjAlMjAlMjAlMjBNYXJyYWtlY2glMjAlMjYlMjBBJUMzJUE5cm9wb3J0JTBBJTIwJTIwJTIwJTIwJTNDJTJGYnV0dG9uJTNFJTBBJTIwJTIwJTIwJTIwJTNDYnV0dG9uJTIwcm9sZSUzRCUyMnRhYiUyMiUyMGFyaWEtc2VsZWN0ZWQlM0QlMjJmYWxzZSUyMiUyMGFyaWEtY29udHJvbHMlM0QlMjJwYW5lbC1mZXolMjIlMjBpZCUzRCUyMnRhYi1mZXolMjIlM0UlMEElMjAlMjAlMjAlMjAlMjAlMjBGJUMzJUE4cyUyMCUyNiUyMEElQzMlQTlyb3BvcnQlMEElMjAlMjAlMjAlMjAlM0MlMkZidXR0b24lM0UlMEElMjAlMjAlM0MlMkZkaXYlM0UlMEElMEElMEElMjAlMjAlM0NkaXYlMjByb2xlJTNEJTIydGFicGFuZWwlMjIlMjBpZCUzRCUyMnBhbmVsLWNhc2FibGFuY2ElMjIlMjBhcmlhLWxhYmVsbGVkYnklM0QlMjJ0YWItY2FzYWJsYW5jYSUyMiUzRSUwQSUyMCUyMCUyMCUyMCUzQ2gyJTNFTG9jYXRpb24lMjB2b2l0dXJlJTIwJUMzJUE5Y29ub21pcXVlJTIwJTI2JTIwY29tcGFjdGUlMjBDYXNhYmxhbmNhJTJDJTIwQSVDMyVBOXJvcG9ydCUyME1vaGFtbWVkJTIwViUzQyUyRmgyJTNFJTBBJTIwJTIwJTIwJTIwJTNDZGl2JTIwY2xhc3MlM0QlMjJncmlkJTIwZmxlZXQtbGlzdCUyMiUyMGRhdGEtc3RhdGlvbiUzRCUyMmNhc2FibGFuY2EtYWlycG9ydCUyMiUzRSUzQyUyRmRpdiUzRSUwQSUwQSUyMCUyMCUyMCUyMCUzQ2gzJTIwaWQlM0QlMjJlY29ub215LWhlYWRpbmclMjIlMjBjbGFzcyUzRCUyMmNhdGVnb3J5LXRpdGxlJTIyJTNFVm9pdHVyZXMlMjAlQzMlQTljb25vbWlxdWVzJTNDJTJGaDMlM0UlMEElMjAlMjAlMjAlMjAlNUJpcmVudF92ZWhpY2xlX2ZpbHRlcl9wcmljZXMlMjBsb2NhdGlvbiUzRCUyMjEwMjQzJTIyJTIwY2F0ZWdvcnklM0QlMjJWb2l0dXJlcyUyMGNpdGFkaW5lcyUyMiU1RCUwQSUwQSUyMCUyMCUyMCUyMCUzQ2gzJTIwaWQlM0QlMjJjb21wYWN0LWhlYWRpbmclMjIlMjBjbGFzcyUzRCUyMmNhdGVnb3J5LXRpdGxlJTIyJTNFVm9pdHVyZXMlMjBjb21wYWN0ZXMlM0MlMkZoMyUzRSUwQSUyMCUyMCUyMCUyMCU1QmlyZW50X3ZlaGljbGVfZmlsdGVyX3ByaWNlcyUyMGxvY2F0aW9uJTNEJTIyMTAyNDMlMjIlMjBjYXRlZ29yeSUzRCUyMlZvaXR1cmVzJTIwY29tcGFjdGVzJTJDQmVybGluZXMlMjIlNUQlMEElMjAlMjAlM0MlMkZkaXYlM0UlMEElMEElMEElMjAlMjAlM0NkaXYlMjByb2xlJTNEJTIydGFicGFuZWwlMjIlMjBpZCUzRCUyMnBhbmVsLW1hcnJha2VjaCUyMiUyMGFyaWEtbGFiZWxsZWRieSUzRCUyMnRhYi1tYXJyYWtlY2glMjIlMjBoaWRkZW4lM0UlMEElMjAlMjAlMjAlMjAlM0NoMiUzRUxvY2F0aW9uJTIwdm9pdHVyZSUyMCVDMyVBOWNvbm9taXF1ZSUyMCUyNiUyMGNvbXBhY3RlJTIwTWFycmFrZWNoJTJDJTIwQSVDMyVBOXJvcG9ydCUyME1lbmFyYSUzQyUyRmgyJTNFJTBBJTIwJTIwJTIwJTIwJTNDZGl2JTIwY2xhc3MlM0QlMjJncmlkJTIwZmxlZXQtbGlzdCUyMiUyMGRhdGEtc3RhdGlvbiUzRCUyMm1hcnJha2VjaC1haXJwb3J0JTIyJTNFJTNDJTJGZGl2JTNFJTBBJTIwJTIwJTIwJTIwJTVCaXJlbnRfdmVoaWNsZV9maWx0ZXJfcHJpY2VzJTIwbG9jYXRpb24lM0QlMjIxNDE2NCUyMiUyMGNhdGVnb3J5JTNEJTIyVm9pdHVyZXMlMjBjaXRhZGluZXMlMkNWb2l0dXJlcyUyMGNvbXBhY3RlcyUyQ0JlcmxpbmVzJTIyJTVEJTBBJTIwJTIwJTNDJTJGZGl2JTNFJTBBJTBBJTBBJTIwJTIwJTNDZGl2JTIwcm9sZSUzRCUyMnRhYnBhbmVsJTIyJTIwaWQlM0QlMjJwYW5lbC1mZXolMjIlMjBhcmlhLWxhYmVsbGVkYnklM0QlMjJ0YWItZmV6JTIyJTIwaGlkZGVuJTNFJTBBJTIwJTIwJTIwJTIwJTNDaDIlM0VMb2NhdGlvbiUyMHZvaXR1cmUlMjAlQzMlQTljb25vbWlxdWUlMjAlMjYlMjBjb21wYWN0ZSUyMEYlQzMlQThzJTJDJTIwQSVDMyVBOXJvcG9ydCUyMFNhJUMzJUFGc3MlM0MlMkZoMiUzRSUwQSUyMCUyMCUyMCUyMCUzQ2RpdiUyMGNsYXNzJTNEJTIyZ3JpZCUyMGZsZWV0LWxpc3QlMjIlMjBkYXRhLXN0YXRpb24lM0QlMjJmZXotYWlycG9ydCUyMiUzRSUzQyUyRmRpdiUzRSUwQSUyMCUyMCU1QmlyZW50X3ZlaGljbGVfZmlsdGVyX3ByaWNlcyUyMGxvY2F0aW9uJTNEJTIyMTQxODAlMjIlMjBjYXRlZ29yeSUzRCUyMlZvaXR1cmVzJTIwY2l0YWRpbmVzJTJDJTIwVm9pdHVyZXMlMjBjb21wYWN0ZXMlMkMlMjBCZXJsaW5lcyUyMiU1RCUwQSUyMCUyMCUzQyUyRmRpdiUzRSUwQSUzQyUyRnNlY3Rpb24lM0UlMEElMEElMEElMEElM0NzZWN0aW9uJTIwY2xhc3MlM0QlMjJyZW50YWwtc3RhdGlvbnMtZ3JpZCUyMiUyMGFyaWEtbGFiZWwlM0QlMjJTdGF0aW9ucyUyMGRlJTIwbG9jYXRpb24lMjBhdSUyME1hcm9jJTIyJTNFJTBBJTIwJTIwJTNDaDIlMjBjbGFzcyUzRCUyMnN0YXRpb25zLXNlY3Rpb24tdGl0bGUlMjIlM0VFeHBsb3JleiUyMGxlcyUyMHN0YXRpb25zJTIwZXQlMjBjYXQlQzMlQTlnb3JpZXMlMjBkZSUyMGxvY2F0aW9uJTIwZGUlMjB2b2l0dXJlcyUyMGF1JTIwTWFyb2MlM0MlMkZoMiUzRSUwQSUyMCUyMCUzQ2RpdiUyMGNsYXNzJTNEJTIyc3RhdGlvbi1jb2x1bW5zJTIyJTNFJTBBJTBBJTIwJTIwJTIwJTIwJTNDZGl2JTIwY2xhc3MlM0QlMjJzdGF0aW9uLWNvbHVtbiUyMG90aGVyLXN0YXRpb25zJTIyJTNFJTBBJTIwJTIwJTIwJTIwJTIwJTIwJTNDaDMlM0VBdXRyZXMlMjBwcml4JTIwZGUlMjBsb2NhdGlvbiUyMGVuJTIwYSVDMyVBOXJvcG9ydCUyMGF1JTIwTWFyb2MlM0MlMkZoMyUzRSUwQSUyMCUyMCUyMCUyMCUyMCUyMCUzQ3VsJTNFJTBBJTIwJTIwJTIwJTIwJTIwJTIwJTIwJTIwJTNDbGklM0UlM0NhJTIwaHJlZiUzRCUyMiUyRmZyJTJGbG9jYXRpb24tdm9pdHVyZS1tYXJyYWtlY2glMkZwcml4JTJGJTIyJTNFUHJpeCUyMGRlJTIwbG9jYXRpb24lMjBkZSUyMHZvaXR1cmUlMjAlQzMlQTAlMjBNYXJyYWtlY2glM0MlMkZhJTNFJTNDJTJGbGklM0UlMEElMjAlMjAlMjAlMjAlMjAlMjAlMjAlMjAlM0NsaSUzRSUzQ2ElMjBocmVmJTNEJTIyJTJGZnIlMkZsb2NhdGlvbi12b2l0dXJlLWNhc2FibGFuY2ElMkZwcml4JTJGJTIyJTNFUHJpeCUyMGRlJTIwbG9jYXRpb24lMjBkZSUyMHZvaXR1cmUlMjAlQzMlQTAlMjBDYXNhYmxhbmNhJTNDJTJGYSUzRSUzQyUyRmxpJTNFJTBBJTIwJTIwJTIwJTIwJTIwJTIwJTIwJTIwJTNDbGklM0UlM0NhJTIwaHJlZiUzRCUyMiUyRmZyJTJGbG9jYXRpb24tdm9pdHVyZS1mZXMlMkZwcml4JTJGJTIyJTNFUHJpeCUyMGRlJTIwbG9jYXRpb24lMjBkZSUyMHZvaXR1cmUlMjAlQzMlQTAlMjBGJUMzJUE4cyUzQyUyRmElM0UlM0MlMkZsaSUzRSUwQSUyMCUyMCUyMCUyMCUyMCUyMCUyMCUyMCUzQ2xpJTNFJTNDYSUyMGhyZWYlM0QlMjIlMkZmciUyRmxvY2F0aW9uLXZvaXR1cmUtcmFiYXQlMkYlMjIlM0VQcml4JTIwZGUlMjBsb2NhdGlvbiUyMGRlJTIwdm9pdHVyZSUyMCVDMyVBMCUyMFJhYmF0JTNDJTJGYSUzRSUzQyUyRmxpJTNFJTBBJTIwJTIwJTIwJTIwJTIwJTIwJTIwJTIwJTNDbGklM0UlM0NhJTIwaHJlZiUzRCUyMiUyRmZyJTJGbG9jYXRpb24tdm9pdHVyZS10YW5nZXIlMkYlMjIlM0VQcml4JTIwZGUlMjBsb2NhdGlvbiUyMGRlJTIwdm9pdHVyZSUyMCVDMyVBMCUyMFRhbmdlciUzQyUyRmElM0UlM0MlMkZsaSUzRSUwQSUyMCUyMCUyMCUyMCUyMCUyMCUyMCUyMCUzQ2xpJTNFJTNDYSUyMGhyZWYlM0QlMjJodHRwcyUzQSUyRiUyRnd3dy5pcmVudC1tb3JvY2NvLmNvbSUyRmZyJTJGJTIyJTNFTG9jYXRpb24lMjBkZSUyMHZvaXR1cmUlMjBhdSUyME1hcm9jJTNDJTJGYSUzRSUzQyUyRmxpJTNFJTBBJTIwJTIwJTIwJTIwJTIwJTIwJTNDJTJGdWwlM0UlMEElMjAlMjAlMjAlMjAlM0MlMkZkaXYlM0UlMEElMEElMjAlMjAlMjAlMjAlM0NkaXYlMjBjbGFzcyUzRCUyMnN0YXRpb24tY29sdW1uJTIwY2F0ZWdvcmllcyUyMiUzRSUwQSUyMCUyMCUyMCUyMCUyMCUyMCUzQ2gzJTNFQ2F0JUMzJUE5Z29yaWVzJTIwcG9wdWxhaXJlcyUyMGRlJTIwbG9jYXRpb24lMjBhdSUyME1hcm9jJTNDJTJGaDMlM0UlMEElMjAlMjAlMjAlMjAlMjAlMjAlM0N1bCUzRSUwQSUyMCUyMCUyMCUyMCUyMCUyMCUyMCUyMCUzQ2xpJTNFJTNDYSUyMGhyZWYlM0QlMjIlMkZmciUyRnRhcmlmX2xvY2F0aW9uX3ZvaXR1cmUlMkZjaXRhZGluZXMtY29tcGFjdGVzLW1hcm9jJTJGJTIyJTNFTG9jYXRpb24lMjB2b2l0dXJlcyUyMCVDMyVBOWNvbm9taXF1ZXMlMjBNYXJvYyUzQyUyRmElM0UlM0MlMkZsaSUzRSUwQSUyMCUyMCUyMCUyMCUyMCUyMCUyMCUyMCUzQ2xpJTNFJTNDYSUyMGhyZWYlM0QlMjIlMkZmciUyRnRhcmlmX2xvY2F0aW9uX3ZvaXR1cmUlMkZzdXYtbWFyb2MlMkYlMjIlM0VMb2NhdGlvbiUyMFNVViUyME1hcm9jJTNDJTJGYSUzRSUzQyUyRmxpJTNFJTBBJTIwJTIwJTIwJTIwJTIwJTIwJTIwJTIwJTNDbGklM0UlM0NhJTIwaHJlZiUzRCUyMiUyRmZyJTJGdGFyaWZfbG9jYXRpb25fdm9pdHVyZSUyRjR4NC1tYXJvYyUyRiUyMiUzRUxvY2F0aW9uJTIwNHg0JTIwTWFyb2MlM0MlMkZhJTNFJTNDJTJGbGklM0UlMEElMjAlMjAlMjAlMjAlMjAlMjAlMjAlMjAlM0NsaSUzRSUzQ2ElMjBocmVmJTNEJTIyJTJGZnIlMkZ0YXJpZl9sb2NhdGlvbl92b2l0dXJlJTJGbHV4ZS1tYXJvYyUyRiUyMiUzRUxvY2F0aW9uJTIwdm9pdHVyZXMlMjBkZSUyMGx1eGUlMjBNYXJvYyUzQyUyRmElM0UlM0MlMkZsaSUzRSUwQSUyMCUyMCUyMCUyMCUyMCUyMCUzQyUyRnVsJTNFJTBBJTIwJTIwJTIwJTIwJTNDJTJGZGl2JTNFJTBBJTBBJTIwJTIwJTNDJTJGZGl2JTNFJTBBJTNDJTJGc2VjdGlvbiUzRSUwQQ==[\/vc_raw_html][\/vc_column][\/vc_row]<\/p>\n","protected":false},"author":2,"featured_media":0,"parent":2257,"menu_order":0,"comment_status":"closed","ping_status":"closed","template":"","meta":{"footnotes":""},"class_list":["post-31930","page","type-page","status-publish","hentry"],"yoast_head":"<!-- This site is optimized with the Yoast SEO Premium plugin v15.9.1 - https:\/\/yoast.com\/wordpress\/plugins\/seo\/ -->\n<title>Location de voiture citadine \u00e9conomique au Maroc<\/title>\n<meta name=\"description\" content=\"Location de voiture citadine \u00e9conomique au Maroc. Location de voiture abordable au Maroc avec kilom\u00e9trage illimit\u00e9.\" \/>\n<link rel=\"canonical\" href=\"https:\/\/www.irent-morocco.com\/fr\/tarif_location_voiture\/citadines-compactes-maroc\/\" \/>\n<script type=\"application\/ld+json\" class=\"yoast-schema-graph\">{\"@context\":\"https:\/\/schema.org\",\"@graph\":[{\"@type\":\"Organization\",\"@id\":\"https:\/\/www.irent-morocco.com\/fr\/#organization\",\"name\":\"irent-morocco.com\",\"url\":\"https:\/\/www.irent-morocco.com\/fr\/\",\"sameAs\":[],\"logo\":{\"@type\":\"ImageObject\",\"@id\":\"https:\/\/www.irent-morocco.com\/fr\/#logo\",\"inLanguage\":\"fr-FR\",\"url\":\"https:\/\/www.irent-morocco.com\/wp-content\/uploads\/2022\/03\/logo_irent-morocco@2x.png\",\"width\":326,\"height\":162,\"caption\":\"irent-morocco.com\"},\"image\":{\"@id\":\"https:\/\/www.irent-morocco.com\/fr\/#logo\"}},{\"@type\":\"WebSite\",\"@id\":\"https:\/\/www.irent-morocco.com\/fr\/#website\",\"url\":\"https:\/\/www.irent-morocco.com\/fr\/\",\"name\":\"iRent Morocco\",\"description\":\"\",\"publisher\":{\"@id\":\"https:\/\/www.irent-morocco.com\/fr\/#organization\"},\"potentialAction\":[{\"@type\":\"SearchAction\",\"target\":\"https:\/\/www.irent-morocco.com\/fr\/?s={search_term_string}\",\"query-input\":\"required name=search_term_string\"}],\"inLanguage\":\"fr-FR\"},{\"@type\":\"WebPage\",\"@id\":\"https:\/\/www.irent-morocco.com\/fr\/tarif_location_voiture\/citadines-compactes-maroc\/#webpage\",\"url\":\"https:\/\/www.irent-morocco.com\/fr\/tarif_location_voiture\/citadines-compactes-maroc\/\",\"name\":\"Location de voiture citadine \\u00e9conomique au Maroc\",\"isPartOf\":{\"@id\":\"https:\/\/www.irent-morocco.com\/fr\/#website\"},\"datePublished\":\"2026-04-06T21:46:52+00:00\",\"dateModified\":\"2026-04-14T08:54:39+00:00\",\"description\":\"Location de voiture citadine \\u00e9conomique au Maroc. Location de voiture abordable au Maroc avec kilom\\u00e9trage illimit\\u00e9.\",\"breadcrumb\":{\"@id\":\"https:\/\/www.irent-morocco.com\/fr\/tarif_location_voiture\/citadines-compactes-maroc\/#breadcrumb\"},\"inLanguage\":\"fr-FR\",\"potentialAction\":[{\"@type\":\"ReadAction\",\"target\":[\"https:\/\/www.irent-morocco.com\/fr\/tarif_location_voiture\/citadines-compactes-maroc\/\"]}]},{\"@type\":\"BreadcrumbList\",\"@id\":\"https:\/\/www.irent-morocco.com\/fr\/tarif_location_voiture\/citadines-compactes-maroc\/#breadcrumb\",\"itemListElement\":[{\"@type\":\"ListItem\",\"position\":1,\"item\":{\"@type\":\"WebPage\",\"@id\":\"https:\/\/www.irent-morocco.com\/fr\/\",\"url\":\"https:\/\/www.irent-morocco.com\/fr\/\",\"name\":\"Acceuil\"}},{\"@type\":\"ListItem\",\"position\":2,\"item\":{\"@type\":\"WebPage\",\"@id\":\"https:\/\/www.irent-morocco.com\/fr\/tarif_location_voiture\/\",\"url\":\"https:\/\/www.irent-morocco.com\/fr\/tarif_location_voiture\/\",\"name\":\"Prix de location de voiture Maroc\"}},{\"@type\":\"ListItem\",\"position\":3,\"item\":{\"@type\":\"WebPage\",\"@id\":\"https:\/\/www.irent-morocco.com\/fr\/tarif_location_voiture\/citadines-compactes-maroc\/\",\"url\":\"https:\/\/www.irent-morocco.com\/fr\/tarif_location_voiture\/citadines-compactes-maroc\/\",\"name\":\"Location voiture citadine au Maroc\"}}]}]}<\/script>\n<!-- \/ Yoast SEO Premium plugin. -->","_links":{"self":[{"href":"https:\/\/www.irent-morocco.com\/fr\/wp-json\/wp\/v2\/pages\/31930","targetHints":{"allow":["GET"]}}],"collection":[{"href":"https:\/\/www.irent-morocco.com\/fr\/wp-json\/wp\/v2\/pages"}],"about":[{"href":"https:\/\/www.irent-morocco.com\/fr\/wp-json\/wp\/v2\/types\/page"}],"author":[{"embeddable":true,"href":"https:\/\/www.irent-morocco.com\/fr\/wp-json\/wp\/v2\/users\/2"}],"replies":[{"embeddable":true,"href":"https:\/\/www.irent-morocco.com\/fr\/wp-json\/wp\/v2\/comments?post=31930"}],"version-history":[{"count":0,"href":"https:\/\/www.irent-morocco.com\/fr\/wp-json\/wp\/v2\/pages\/31930\/revisions"}],"up":[{"embeddable":true,"href":"https:\/\/www.irent-morocco.com\/fr\/wp-json\/wp\/v2\/pages\/2257"}],"wp:attachment":[{"href":"https:\/\/www.irent-morocco.com\/fr\/wp-json\/wp\/v2\/media?parent=31930"}],"curies":[{"name":"wp","href":"https:\/\/api.w.org\/{rel}","templated":true}]}}