        {"id":32511,"date":"2026-05-06T22:25:40","date_gmt":"2026-05-06T21:25:40","guid":{"rendered":"https:\/\/www.irent-morocco.com\/location-voiture-agadir\/aeroport\/booking-agadir-airport\/"},"modified":"2026-05-12T19:56:39","modified_gmt":"2026-05-12T18:56:39","slug":"booking-agadir-airport","status":"publish","type":"page","link":"https:\/\/www.irent-morocco.com\/fr\/location-voiture-agadir\/aeroport\/booking-agadir-airport\/","title":{"rendered":"R\u00e9servation form a\u00e9roport Agadir"},"content":{"rendered":"<p>[vc_row][vc_column][vc_raw_html]JTNDc2VjdGlvbiUyMGNsYXNzJTNEJTIycmVzZXJ2YXRpb24td3JhcHBlciUyMiUyMGFyaWEtbGFiZWxsZWRieSUzRCUyMnJlc2VydmF0aW9uLXRpdGxlJTIyJTNFJTBBJTIwJTIwJTNDaGVhZGVyJTIwY2xhc3MlM0QlMjJib29raW5nLWhlYWRlciUyMiUzRSUwQSUyMCUyMCUyMCUyMCUzQ2gxJTIwaWQlM0QlMjJyZXNlcnZhdGlvbi10aXRsZSUyMiUyMGNsYXNzJTNEJTIyYm9va2luZy1tYWluLXRpdGxlJTIyJTNFJTBBJTIwJTIwJTIwJTIwJTIwJTIwUiVDMyVBOXNlcnZhdGlvbiUyMGRlJTIwdm9pdHVyZSUyMCVDMyVBMCUyMEFnYWRpciUyMEElQzMlQTlyb3BvcnQlMjBBbCUyME1hc3NpcmElMEElMjAlMjAlMjAlMjAlM0MlMkZoMSUzRSUwQSUyMCUyMCUyMCUyMCUzQ3AlMjBjbGFzcyUzRCUyMmJvb2tpbmctZGVzY3JpcHRpb24lMjIlM0UlMEElMjAlMjAlMjAlMjAlMjAlMjBDb21wbCVDMyVBOXRleiUyMGxlcyUyMCVDMyVBOXRhcGVzJTIwY2ktZGVzc291cyUyMHBvdXIlMjBmaW5hbGlzZXIlMjB2b3RyZSUyMHIlQzMlQTlzZXJ2YXRpb24uJTIwVG91dGVzJTIwbGVzJTIwdm9pdHVyZXMlMjBhZmZpY2glQzMlQTllcyUyMHNvbnQlMjBkaXNwb25pYmxlcyUyMCVDMyVBMCUyMEFnYWRpciUyMEElQzMlQTlyb3BvcnQlMjBBbCUyME1hc3NpcmEuJTBBJTIwJTIwJTIwJTIwJTNDJTJGcCUzRSUwQSUyMCUyMCUzQyUyRmhlYWRlciUzRSUwQSUwQSUyMCUyMCUzQ2RpdiUyMGNsYXNzJTNEJTIyY2FyLXNsaWRlci1jb250ZW50JTIyJTIwcm9sZSUzRCUyMnJlZ2lvbiUyMiUyMGFyaWEtbGFiZWwlM0QlMjJTJUMzJUE5bGVjdGlvbiUyMGRlJTIwdiVDMyVBOWhpY3VsZXMlMjBkaXNwb25pYmxlcyUyMiUzRSUwQSUyMCUyMCUyMCUyMCU1QmlyZW50X3ZlaGljbGVfc2VsZWN0ZWRfc3VtbWFyeSU1RCUwQSUyMCUyMCUzQyUyRmRpdiUzRSUwQSUwQSUzQ2FzaWRlJTIwY2xhc3MlM0QlMjJzZW8taGVscGVyJTIyJTIwYXJpYS1oaWRkZW4lM0QlMjJ0cnVlJTIyJTIwc3R5bGUlM0QlMjJkaXNwbGF5JTNBbm9uZSUzQiUyMiUzRSUwQSUyMCUyMCUyMCUyMCUzQ2gyJTNFUiVDMyVBOXNlcnZhdGlvbiUyMHZvaXR1cmUlMjBBZ2FkaXIlMjBBJUMzJUE5cm9wb3J0JTIwLSUyMCVDMyU4OXRhcGVzJTIwc2ltcGxpZmklQzMlQTllcyUzQyUyRmgyJTNFJTBBJTIwJTIwJTIwJTIwJTNDcCUzRSUwQSUyMCUyMCUyMCUyMCUyMCUyMFIlQzMlQTlzZXJ2ZXolMjB2b3RyZSUyMHZvaXR1cmUlMjAlQzMlQTAlMjBsJUUyJTgwJTk5YSVDMyVBOXJvcG9ydCUyMEFsJTIwTWFzc2lyYS4lMjBhdmVjJTIwaVJlbnQlMjBNb3JvY2NvLiUyMFMlQzMlQTlsZWN0aW9ubmV6JTIwdm9zJTIwZGF0ZXMlMkMlMjB2b3RyZSUyMHN0YXRpb24lMkMlMjB2b3RyZSUyMHYlQzMlQTloaWN1bGUlMjBldCUyMHZvcyUyMGNvb3Jkb25uJUMzJUE5ZXMlMjBwb3VyJTIwZmluYWxpc2VyJTIwbGElMjByJUMzJUE5c2VydmF0aW9uLiUwQSUyMCUyMCUyMCUyMCUyMCUyMFRvdXMlMjBub3MlMjB2JUMzJUE5aGljdWxlcyUyMGluY2x1ZW50JTIwbGUlMjBraWxvbSVDMyVBOXRyYWdlJTIwaWxsaW1pdCVDMyVBOSUyQyUyMGxhJTIwY2xpbWF0aXNhdGlvbiUyMGV0JTIwbCVFMiU4MCU5OWFzc3VyYW5jZSUyMGRlJTIwYmFzZS4lMEElMjAlMjAlMjAlMjAlM0MlMkZwJTNFJTBBJTIwJTIwJTIwJTIwJTNDdWwlM0UlMEElMjAlMjAlMjAlMjAlMjAlMjAlM0NsaSUzRUxvY2F0aW9uJTIwdm9pdHVyZSUyMEFnYWRpciUyMGElQzMlQTlyb3BvcnQlMjBwYXMlMjBjaCVDMyVBOHJlJTNDJTJGbGklM0UlMEElMjAlMjAlMjAlMjAlMjAlMjAlM0NsaSUzRVIlQzMlQTlzZXJ2YXRpb24lMjByYXBpZGUlMjBldCUyMHMlQzMlQTljdXJpcyVDMyVBOWUlM0MlMkZsaSUzRSUwQSUyMCUyMCUyMCUyMCUyMCUyMCUzQ2xpJTNFRGlzcG9uaWJpbGl0JUMzJUE5JTIwaW1tJUMzJUE5ZGlhdGUlMjAlQzMlQTAlMjBsJUUyJTgwJTk5YSVDMyVBOXJvcG9ydCUyMEFsJTIwTWFzc2lyYS4lM0MlMkZsaSUzRSUwQSUyMCUyMCUyMCUyMCUzQyUyRnVsJTNFJTBBJTIwJTIwJTNDJTJGYXNpZGUlM0UlMEElMEElMjAlMjAlM0NkaXYlMjBjbGFzcyUzRCUyMmNyYnMtY29udGFpbmVyJTIyJTIwcm9sZSUzRCUyMnJlZ2lvbiUyMiUyMGFyaWEtbGFiZWwlM0QlMjJGb3JtdWxhaXJlJTIwZGUlMjByJUMzJUE5c2VydmF0aW9uJTIyJTNFJTBBJTIwJTIwJTIwJTIwJTVCY3Jic19ib29raW5nX2Zvcm0lMjBib29raW5nX2Zvcm1faWQlM0QlMjIzMjUwMSUyMiU1RCUwQSUyMCUyMCUzQyUyRmRpdiUzRSUwQSUzQyUyRnNlY3Rpb24lM0UlMEE=[\/vc_raw_html][\/vc_column][\/vc_row]<\/p>\n","protected":false},"excerpt":{"rendered":"<p>[vc_row][vc_column][vc_raw_html]JTNDc2VjdGlvbiUyMGNsYXNzJTNEJTIycmVzZXJ2YXRpb24td3JhcHBlciUyMiUyMGFyaWEtbGFiZWxsZWRieSUzRCUyMnJlc2VydmF0aW9uLXRpdGxlJTIyJTNFJTBBJTIwJTIwJTNDaGVhZGVyJTIwY2xhc3MlM0QlMjJib29raW5nLWhlYWRlciUyMiUzRSUwQSUyMCUyMCUyMCUyMCUzQ2gxJTIwaWQlM0QlMjJyZXNlcnZhdGlvbi10aXRsZSUyMiUyMGNsYXNzJTNEJTIyYm9va2luZy1tYWluLXRpdGxlJTIyJTNFJTBBJTIwJTIwJTIwJTIwJTIwJTIwUiVDMyVBOXNlcnZhdGlvbiUyMGRlJTIwdm9pdHVyZSUyMCVDMyVBMCUyMEFnYWRpciUyMEElQzMlQTlyb3BvcnQlMjBBbCUyME1hc3NpcmElMEElMjAlMjAlMjAlMjAlM0MlMkZoMSUzRSUwQSUyMCUyMCUyMCUyMCUzQ3AlMjBjbGFzcyUzRCUyMmJvb2tpbmctZGVzY3JpcHRpb24lMjIlM0UlMEElMjAlMjAlMjAlMjAlMjAlMjBDb21wbCVDMyVBOXRleiUyMGxlcyUyMCVDMyVBOXRhcGVzJTIwY2ktZGVzc291cyUyMHBvdXIlMjBmaW5hbGlzZXIlMjB2b3RyZSUyMHIlQzMlQTlzZXJ2YXRpb24uJTIwVG91dGVzJTIwbGVzJTIwdm9pdHVyZXMlMjBhZmZpY2glQzMlQTllcyUyMHNvbnQlMjBkaXNwb25pYmxlcyUyMCVDMyVBMCUyMEFnYWRpciUyMEElQzMlQTlyb3BvcnQlMjBBbCUyME1hc3NpcmEuJTBBJTIwJTIwJTIwJTIwJTNDJTJGcCUzRSUwQSUyMCUyMCUzQyUyRmhlYWRlciUzRSUwQSUwQSUyMCUyMCUzQ2RpdiUyMGNsYXNzJTNEJTIyY2FyLXNsaWRlci1jb250ZW50JTIyJTIwcm9sZSUzRCUyMnJlZ2lvbiUyMiUyMGFyaWEtbGFiZWwlM0QlMjJTJUMzJUE5bGVjdGlvbiUyMGRlJTIwdiVDMyVBOWhpY3VsZXMlMjBkaXNwb25pYmxlcyUyMiUzRSUwQSUyMCUyMCUyMCUyMCU1QmlyZW50X3ZlaGljbGVfc2VsZWN0ZWRfc3VtbWFyeSU1RCUwQSUyMCUyMCUzQyUyRmRpdiUzRSUwQSUwQSUzQ2FzaWRlJTIwY2xhc3MlM0QlMjJzZW8taGVscGVyJTIyJTIwYXJpYS1oaWRkZW4lM0QlMjJ0cnVlJTIyJTIwc3R5bGUlM0QlMjJkaXNwbGF5JTNBbm9uZSUzQiUyMiUzRSUwQSUyMCUyMCUyMCUyMCUzQ2gyJTNFUiVDMyVBOXNlcnZhdGlvbiUyMHZvaXR1cmUlMjBBZ2FkaXIlMjBBJUMzJUE5cm9wb3J0JTIwLSUyMCVDMyU4OXRhcGVzJTIwc2ltcGxpZmklQzMlQTllcyUzQyUyRmgyJTNFJTBBJTIwJTIwJTIwJTIwJTNDcCUzRSUwQSUyMCUyMCUyMCUyMCUyMCUyMFIlQzMlQTlzZXJ2ZXolMjB2b3RyZSUyMHZvaXR1cmUlMjAlQzMlQTAlMjBsJUUyJTgwJTk5YSVDMyVBOXJvcG9ydCUyMEFsJTIwTWFzc2lyYS4lMjBhdmVjJTIwaVJlbnQlMjBNb3JvY2NvLiUyMFMlQzMlQTlsZWN0aW9ubmV6JTIwdm9zJTIwZGF0ZXMlMkMlMjB2b3RyZSUyMHN0YXRpb24lMkMlMjB2b3RyZSUyMHYlQzMlQTloaWN1bGUlMjBldCUyMHZvcyUyMGNvb3Jkb25uJUMzJUE5ZXMlMjBwb3VyJTIwZmluYWxpc2VyJTIwbGElMjByJUMzJUE5c2VydmF0aW9uLiUwQSUyMCUyMCUyMCUyMCUyMCUyMFRvdXMlMjBub3MlMjB2JUMzJUE5aGljdWxlcyUyMGluY2x1ZW50JTIwbGUlMjBraWxvbSVDMyVBOXRyYWdlJTIwaWxsaW1pdCVDMyVBOSUyQyUyMGxhJTIwY2xpbWF0aXNhdGlvbiUyMGV0JTIwbCVFMiU4MCU5OWFzc3VyYW5jZSUyMGRlJTIwYmFzZS4lMEElMjAlMjAlMjAlMjAlM0MlMkZwJTNFJTBBJTIwJTIwJTIwJTIwJTNDdWwlM0UlMEElMjAlMjAlMjAlMjAlMjAlMjAlM0NsaSUzRUxvY2F0aW9uJTIwdm9pdHVyZSUyMEFnYWRpciUyMGElQzMlQTlyb3BvcnQlMjBwYXMlMjBjaCVDMyVBOHJlJTNDJTJGbGklM0UlMEElMjAlMjAlMjAlMjAlMjAlMjAlM0NsaSUzRVIlQzMlQTlzZXJ2YXRpb24lMjByYXBpZGUlMjBldCUyMHMlQzMlQTljdXJpcyVDMyVBOWUlM0MlMkZsaSUzRSUwQSUyMCUyMCUyMCUyMCUyMCUyMCUzQ2xpJTNFRGlzcG9uaWJpbGl0JUMzJUE5JTIwaW1tJUMzJUE5ZGlhdGUlMjAlQzMlQTAlMjBsJUUyJTgwJTk5YSVDMyVBOXJvcG9ydCUyMEFsJTIwTWFzc2lyYS4lM0MlMkZsaSUzRSUwQSUyMCUyMCUyMCUyMCUzQyUyRnVsJTNFJTBBJTIwJTIwJTNDJTJGYXNpZGUlM0UlMEElMEElMjAlMjAlM0NkaXYlMjBjbGFzcyUzRCUyMmNyYnMtY29udGFpbmVyJTIyJTIwcm9sZSUzRCUyMnJlZ2lvbiUyMiUyMGFyaWEtbGFiZWwlM0QlMjJGb3JtdWxhaXJlJTIwZGUlMjByJUMzJUE5c2VydmF0aW9uJTIyJTNFJTBBJTIwJTIwJTIwJTIwJTVCY3Jic19ib29raW5nX2Zvcm0lMjBib29raW5nX2Zvcm1faWQlM0QlMjIzMjUwMSUyMiU1RCUwQSUyMCUyMCUzQyUyRmRpdiUzRSUwQSUzQyUyRnNlY3Rpb24lM0UlMEE=[\/vc_raw_html][\/vc_column][\/vc_row]<\/p>\n","protected":false},"author":2,"featured_media":0,"parent":2972,"menu_order":0,"comment_status":"closed","ping_status":"closed","template":"","meta":{"footnotes":""},"class_list":["post-32511","page","type-page","status-publish","hentry"],"yoast_head":"<!-- This site is optimized with the Yoast SEO Premium plugin v15.9.1 - https:\/\/yoast.com\/wordpress\/plugins\/seo\/ -->\n<title>R\u00e9servation voiture Agadir A\u00e9roport Al Massira - iRent Morocco<\/title>\n<meta name=\"description\" content=\"R\u00e9servez votre voiture \u00e0 Agadir A\u00e9roport Al Massira avec iRent Morocco. V\u00e9hicules disponibles avec Km illimit\u00e9, clim et assurance incluse.\" \/>\n<script type=\"application\/ld+json\" class=\"yoast-schema-graph\">{\"@context\":\"https:\/\/schema.org\",\"@graph\":[{\"@type\":\"Organization\",\"@id\":\"https:\/\/www.irent-morocco.com\/fr\/#organization\",\"name\":\"irent-morocco.com\",\"url\":\"https:\/\/www.irent-morocco.com\/fr\/\",\"sameAs\":[],\"logo\":{\"@type\":\"ImageObject\",\"@id\":\"https:\/\/www.irent-morocco.com\/fr\/#logo\",\"inLanguage\":\"fr-FR\",\"url\":\"https:\/\/www.irent-morocco.com\/wp-content\/uploads\/2022\/03\/logo_irent-morocco@2x.png\",\"width\":326,\"height\":162,\"caption\":\"irent-morocco.com\"},\"image\":{\"@id\":\"https:\/\/www.irent-morocco.com\/fr\/#logo\"}},{\"@type\":\"WebSite\",\"@id\":\"https:\/\/www.irent-morocco.com\/fr\/#website\",\"url\":\"https:\/\/www.irent-morocco.com\/fr\/\",\"name\":\"iRent Morocco\",\"description\":\"\",\"publisher\":{\"@id\":\"https:\/\/www.irent-morocco.com\/fr\/#organization\"},\"potentialAction\":[{\"@type\":\"SearchAction\",\"target\":\"https:\/\/www.irent-morocco.com\/fr\/?s={search_term_string}\",\"query-input\":\"required name=search_term_string\"}],\"inLanguage\":\"fr-FR\"},{\"@type\":\"WebPage\",\"@id\":\"https:\/\/www.irent-morocco.com\/fr\/location-voiture-agadir\/aeroport\/booking-agadir-airport\/#webpage\",\"url\":\"https:\/\/www.irent-morocco.com\/fr\/location-voiture-agadir\/aeroport\/booking-agadir-airport\/\",\"name\":\"R\\u00e9servation voiture Agadir A\\u00e9roport Al Massira - iRent Morocco\",\"isPartOf\":{\"@id\":\"https:\/\/www.irent-morocco.com\/fr\/#website\"},\"datePublished\":\"2026-05-06T21:25:40+00:00\",\"dateModified\":\"2026-05-12T18:56:39+00:00\",\"description\":\"R\\u00e9servez votre voiture \\u00e0 Agadir A\\u00e9roport Al Massira avec iRent Morocco. V\\u00e9hicules disponibles avec Km illimit\\u00e9, clim et assurance incluse.\",\"breadcrumb\":{\"@id\":\"https:\/\/www.irent-morocco.com\/fr\/location-voiture-agadir\/aeroport\/booking-agadir-airport\/#breadcrumb\"},\"inLanguage\":\"fr-FR\",\"potentialAction\":[{\"@type\":\"ReadAction\",\"target\":[\"https:\/\/www.irent-morocco.com\/fr\/location-voiture-agadir\/aeroport\/booking-agadir-airport\/\"]}]},{\"@type\":\"BreadcrumbList\",\"@id\":\"https:\/\/www.irent-morocco.com\/fr\/location-voiture-agadir\/aeroport\/booking-agadir-airport\/#breadcrumb\",\"itemListElement\":[{\"@type\":\"ListItem\",\"position\":1,\"item\":{\"@type\":\"WebPage\",\"@id\":\"https:\/\/www.irent-morocco.com\/\",\"url\":\"https:\/\/www.irent-morocco.com\/\",\"name\":\"Acceuil\"}},{\"@type\":\"ListItem\",\"position\":2,\"item\":{\"@type\":\"WebPage\",\"@id\":\"https:\/\/www.irent-morocco.com\/fr\/location-voiture-agadir\/\",\"url\":\"https:\/\/www.irent-morocco.com\/fr\/location-voiture-agadir\/\",\"name\":\"Location voiture Agadir\"}},{\"@type\":\"ListItem\",\"position\":3,\"item\":{\"@type\":\"WebPage\",\"@id\":\"https:\/\/www.irent-morocco.com\/car_rental_agadir\/airport\/\",\"url\":\"https:\/\/www.irent-morocco.com\/car_rental_agadir\/airport\/\",\"name\":\"A\\u00e9roport Al Massira\"}},{\"@type\":\"ListItem\",\"position\":4,\"item\":{\"@type\":\"WebPage\",\"@id\":\"https:\/\/www.irent-morocco.com\/car_rental_agadir\/airport\/booking-agadir-airport\/\",\"url\":\"https:\/\/www.irent-morocco.com\/car_rental_agadir\/airport\/booking-agadir-airport\/\",\"name\":\"R\\u00e9servation form a\\u00e9roport Agadir\"}}]}]}<\/script>\n<!-- \/ Yoast SEO Premium plugin. -->","_links":{"self":[{"href":"https:\/\/www.irent-morocco.com\/fr\/wp-json\/wp\/v2\/pages\/32511","targetHints":{"allow":["GET"]}}],"collection":[{"href":"https:\/\/www.irent-morocco.com\/fr\/wp-json\/wp\/v2\/pages"}],"about":[{"href":"https:\/\/www.irent-morocco.com\/fr\/wp-json\/wp\/v2\/types\/page"}],"author":[{"embeddable":true,"href":"https:\/\/www.irent-morocco.com\/fr\/wp-json\/wp\/v2\/users\/2"}],"replies":[{"embeddable":true,"href":"https:\/\/www.irent-morocco.com\/fr\/wp-json\/wp\/v2\/comments?post=32511"}],"version-history":[{"count":4,"href":"https:\/\/www.irent-morocco.com\/fr\/wp-json\/wp\/v2\/pages\/32511\/revisions"}],"predecessor-version":[{"id":32771,"href":"https:\/\/www.irent-morocco.com\/fr\/wp-json\/wp\/v2\/pages\/32511\/revisions\/32771"}],"up":[{"embeddable":true,"href":"https:\/\/www.irent-morocco.com\/fr\/wp-json\/wp\/v2\/pages\/2972"}],"wp:attachment":[{"href":"https:\/\/www.irent-morocco.com\/fr\/wp-json\/wp\/v2\/media?parent=32511"}],"curies":[{"name":"wp","href":"https:\/\/api.w.org\/{rel}","templated":true}]}}